{"id":2469,"date":"2025-03-13T14:37:53","date_gmt":"2025-03-13T17:37:53","guid":{"rendered":"https:\/\/uniespsa.com.br\/modelo\/?page_id=2469"},"modified":"2025-03-27T15:12:49","modified_gmt":"2025-03-27T18:12:49","slug":"colap-prouni","status":"publish","type":"page","link":"https:\/\/uniespsa.com.br\/carlosgomes\/colap-prouni\/","title":{"rendered":"Colap Prouni"},"content":{"rendered":"\t\t<div data-elementor-type=\"wp-page\" data-elementor-id=\"2469\" class=\"elementor elementor-2469\" data-elementor-post-type=\"page\">\n\t\t\t\t\t\t<section class=\"elementor-section elementor-top-section elementor-element elementor-element-3043515 elementor-section-height-min-height elementor-section-boxed elementor-section-height-default elementor-section-items-middle\" data-id=\"3043515\" data-element_type=\"section\" data-e-type=\"section\" data-settings=\"{&quot;background_background&quot;:&quot;gradient&quot;,&quot;ekit_has_onepagescroll_dot&quot;:&quot;yes&quot;}\">\n\t\t\t\t\t\t\t<div class=\"elementor-background-overlay\"><\/div>\n\t\t\t\t\t\t\t<div class=\"elementor-container elementor-column-gap-default\">\n\t\t\t\t\t<div class=\"elementor-column elementor-col-100 elementor-top-column elementor-element elementor-element-0c05eb7\" data-id=\"0c05eb7\" data-element_type=\"column\" data-e-type=\"column\">\n\t\t\t<div class=\"elementor-widget-wrap elementor-element-populated\">\n\t\t\t\t\t\t<div class=\"elementor-element elementor-element-3d7215a elementor-widget-divider--view-line elementor-widget elementor-widget-divider\" data-id=\"3d7215a\" data-element_type=\"widget\" data-e-type=\"widget\" data-settings=\"{&quot;ekit_we_effect_on&quot;:&quot;none&quot;}\" data-widget_type=\"divider.default\">\n\t\t\t\t<div class=\"elementor-widget-container\">\n\t\t\t\t\t\t\t<div class=\"elementor-divider\">\n\t\t\t<span class=\"elementor-divider-separator\">\n\t\t\t\t\t\t<\/span>\n\t\t<\/div>\n\t\t\t\t\t\t<\/div>\n\t\t\t\t<\/div>\n\t\t\t\t<div class=\"elementor-element elementor-element-e55fda7 elementor-widget elementor-widget-text-editor\" data-id=\"e55fda7\" data-element_type=\"widget\" data-e-type=\"widget\" data-settings=\"{&quot;ekit_we_effect_on&quot;:&quot;none&quot;}\" data-widget_type=\"text-editor.default\">\n\t\t\t\t<div class=\"elementor-widget-container\">\n\t\t\t\t\t\t\t\t\t<div class=\"elementor-element elementor-element-a6cbdcf elementor-widget elementor-widget-text-editor\" data-id=\"a6cbdcf\" data-element_type=\"widget\" data-settings=\"{\" data-widget_type=\"text-editor.default\"><div class=\"elementor-widget-container\"><div class=\"elementor-text-editor elementor-clearfix\"><p><strong>Saiba mais sobre o COLAP, respons\u00e1vel por garantir a implementa\u00e7\u00e3o eficaz do PROUNI em nossa institui\u00e7\u00e3o<\/strong><\/p><\/div><\/div><\/div>\t\t\t\t\t\t\t\t<\/div>\n\t\t\t\t<\/div>\n\t\t\t\t\t<\/div>\n\t\t<\/div>\n\t\t\t\t\t<\/div>\n\t\t<\/section>\n\t\t\t\t<section class=\"elementor-section elementor-top-section elementor-element elementor-element-a226111 elementor-section-boxed elementor-section-height-default elementor-section-height-default\" data-id=\"a226111\" data-element_type=\"section\" data-e-type=\"section\" data-settings=\"{&quot;ekit_has_onepagescroll_dot&quot;:&quot;yes&quot;}\">\n\t\t\t\t\t\t<div class=\"elementor-container elementor-column-gap-default\">\n\t\t\t\t\t<div class=\"elementor-column elementor-col-100 elementor-top-column elementor-element elementor-element-41f216f elementor-invisible\" data-id=\"41f216f\" data-element_type=\"column\" data-e-type=\"column\" data-settings=\"{&quot;animation&quot;:&quot;fadeInUp&quot;}\">\n\t\t\t<div class=\"elementor-widget-wrap elementor-element-populated\">\n\t\t\t\t\t\t<div class=\"elementor-element elementor-element-5749056 elementor-widget elementor-widget-icon-box\" data-id=\"5749056\" data-element_type=\"widget\" data-e-type=\"widget\" data-settings=\"{&quot;ekit_we_effect_on&quot;:&quot;none&quot;}\" data-widget_type=\"icon-box.default\">\n\t\t\t\t<div class=\"elementor-widget-container\">\n\t\t\t\t\t\t\t<div class=\"elementor-icon-box-wrapper\">\n\n\t\t\t\n\t\t\t\t\t\t<div class=\"elementor-icon-box-content\">\n\n\t\t\t\t\t\t\t\t\t<h2 class=\"elementor-icon-box-title\">\n\t\t\t\t\t\t<span  >\n\t\t\t\t\t\t\tCOLAP\t\t\t\t\t\t<\/span>\n\t\t\t\t\t<\/h2>\n\t\t\t\t\n\t\t\t\t\t\t\t\t\t<p class=\"elementor-icon-box-description\">\n\t\t\t\t\t\tO QUE \u00c9 A COLAP?\t\t\t\t\t<\/p>\n\t\t\t\t\n\t\t\t<\/div>\n\t\t\t\n\t\t<\/div>\n\t\t\t\t\t\t<\/div>\n\t\t\t\t<\/div>\n\t\t\t\t<div class=\"elementor-element elementor-element-33eef04 elementor-widget elementor-widget-text-editor\" data-id=\"33eef04\" data-element_type=\"widget\" data-e-type=\"widget\" data-settings=\"{&quot;ekit_we_effect_on&quot;:&quot;none&quot;}\" data-widget_type=\"text-editor.default\">\n\t\t\t\t<div class=\"elementor-widget-container\">\n\t\t\t\t\t\t\t\t\t<p>\u00c9 um \u00f3rg\u00e3o colegiado, de natureza consultiva, institu\u00edda em cada Institui\u00e7\u00e3o de Ensino Superior &#8211; IES participante do Prouni, e possui fun\u00e7\u00e3o preponderante de acompanhar, averiguar e fiscalizar a implementa\u00e7\u00e3o local do Prouni nas IES, devendo promover tamb\u00e9m a articula\u00e7\u00e3o entre a CONAP e a comunidade acad\u00eamica das IES, com vistas ao seu constante aperfei\u00e7oamento<\/p>\t\t\t\t\t\t\t\t<\/div>\n\t\t\t\t<\/div>\n\t\t\t\t\t<\/div>\n\t\t<\/div>\n\t\t\t\t\t<\/div>\n\t\t<\/section>\n\t\t\t\t<section class=\"elementor-section elementor-top-section elementor-element elementor-element-b0a3108 elementor-section-boxed elementor-section-height-default elementor-section-height-default\" data-id=\"b0a3108\" data-element_type=\"section\" data-e-type=\"section\" data-settings=\"{&quot;background_background&quot;:&quot;classic&quot;,&quot;ekit_has_onepagescroll_dot&quot;:&quot;yes&quot;}\">\n\t\t\t\t\t\t<div class=\"elementor-container elementor-column-gap-default\">\n\t\t\t\t\t<div class=\"elementor-column elementor-col-50 elementor-top-column elementor-element elementor-element-d7403bc\" data-id=\"d7403bc\" data-element_type=\"column\" data-e-type=\"column\">\n\t\t\t<div class=\"elementor-widget-wrap elementor-element-populated\">\n\t\t\t\t\t\t<div class=\"elementor-element elementor-element-2096288 elementor-widget elementor-widget-image\" data-id=\"2096288\" data-element_type=\"widget\" data-e-type=\"widget\" data-settings=\"{&quot;ekit_we_effect_on&quot;:&quot;none&quot;}\" data-widget_type=\"image.default\">\n\t\t\t\t<div class=\"elementor-widget-container\">\n\t\t\t\t\t\t\t\t\t\t\t\t\t\t\t<img decoding=\"async\" src=\"https:\/\/uniespsa.com.br\/fasp\/wp-content\/uploads\/sites\/2\/2025\/03\/colap.jpg\" title=\"\" alt=\"\" loading=\"lazy\" \/>\t\t\t\t\t\t\t\t\t\t\t\t\t\t\t<\/div>\n\t\t\t\t<\/div>\n\t\t\t\t\t<\/div>\n\t\t<\/div>\n\t\t\t\t<div class=\"elementor-column elementor-col-50 elementor-top-column elementor-element elementor-element-e722102\" data-id=\"e722102\" data-element_type=\"column\" data-e-type=\"column\">\n\t\t\t<div class=\"elementor-widget-wrap elementor-element-populated\">\n\t\t\t\t\t\t<div class=\"elementor-element elementor-element-ba5142f elementor-widget elementor-widget-text-editor\" data-id=\"ba5142f\" data-element_type=\"widget\" data-e-type=\"widget\" data-settings=\"{&quot;ekit_we_effect_on&quot;:&quot;none&quot;}\" data-widget_type=\"text-editor.default\">\n\t\t\t\t<div class=\"elementor-widget-container\">\n\t\t\t\t\t\t\t\t\t<p><strong>Qual a finalidade?<\/strong><\/p>\t\t\t\t\t\t\t\t<\/div>\n\t\t\t\t<\/div>\n\t\t\t\t<div class=\"elementor-element elementor-element-6a93a66 elementor-widget elementor-widget-text-editor\" data-id=\"6a93a66\" data-element_type=\"widget\" data-e-type=\"widget\" data-settings=\"{&quot;ekit_we_effect_on&quot;:&quot;none&quot;}\" data-widget_type=\"text-editor.default\">\n\t\t\t\t<div class=\"elementor-widget-container\">\n\t\t\t\t\t\t\t\t\t<p>Tem a finalidade de aprimorar a rela\u00e7\u00e3o acad\u00eamica entre os bolsistas Prouni e a IES. Uma vez instalada em cada endere\u00e7o de oferta de bolsas das IES participantes do Prouni, o intuito \u00e9 de que a COLAP tenha mais proximidade \u00e0 realidade acad\u00eamica de cada IES, podendo atender os questionamentos levantados atrav\u00e9s de reclama\u00e7\u00f5es, den\u00fancias, cr\u00edticas e sugest\u00f5es da comunidade do Prouni e dirigidas \u00e0 Comiss\u00e3o.<\/p>\t\t\t\t\t\t\t\t<\/div>\n\t\t\t\t<\/div>\n\t\t\t\t\t<\/div>\n\t\t<\/div>\n\t\t\t\t\t<\/div>\n\t\t<\/section>\n\t\t\t\t<section class=\"elementor-section elementor-top-section elementor-element elementor-element-6d1a8c6 elementor-section-boxed elementor-section-height-default elementor-section-height-default\" data-id=\"6d1a8c6\" data-element_type=\"section\" data-e-type=\"section\" data-settings=\"{&quot;background_background&quot;:&quot;classic&quot;,&quot;ekit_has_onepagescroll_dot&quot;:&quot;yes&quot;}\">\n\t\t\t\t\t\t<div class=\"elementor-container elementor-column-gap-default\">\n\t\t\t\t\t<div class=\"elementor-column elementor-col-100 elementor-top-column elementor-element elementor-element-f44c72c elementor-invisible\" data-id=\"f44c72c\" data-element_type=\"column\" data-e-type=\"column\" data-settings=\"{&quot;animation&quot;:&quot;fadeInUp&quot;}\">\n\t\t\t<div class=\"elementor-widget-wrap elementor-element-populated\">\n\t\t\t\t\t\t<div class=\"elementor-element elementor-element-8942fe2 elementor-widget elementor-widget-icon-box\" data-id=\"8942fe2\" data-element_type=\"widget\" data-e-type=\"widget\" data-settings=\"{&quot;ekit_we_effect_on&quot;:&quot;none&quot;}\" data-widget_type=\"icon-box.default\">\n\t\t\t\t<div class=\"elementor-widget-container\">\n\t\t\t\t\t\t\t<div class=\"elementor-icon-box-wrapper\">\n\n\t\t\t\n\t\t\t\t\t\t<div class=\"elementor-icon-box-content\">\n\n\t\t\t\t\n\t\t\t\t\t\t\t\t\t<p class=\"elementor-icon-box-description\">\n\t\t\t\t\t\tHor\u00e1rio de atendimento\t\t\t\t\t<\/p>\n\t\t\t\t\n\t\t\t<\/div>\n\t\t\t\n\t\t<\/div>\n\t\t\t\t\t\t<\/div>\n\t\t\t\t<\/div>\n\t\t\t\t<div class=\"elementor-element elementor-element-67edae3 elementor-widget elementor-widget-text-editor\" data-id=\"67edae3\" data-element_type=\"widget\" data-e-type=\"widget\" data-settings=\"{&quot;ekit_we_effect_on&quot;:&quot;none&quot;}\" data-widget_type=\"text-editor.default\">\n\t\t\t\t<div class=\"elementor-widget-container\">\n\t\t\t\t\t\t\t\t\t<p>Segunda e Quarta Feira <br \/>das 11:00 hrs as 13:00hrs e das 17:00 hrs as 19:00hrs<\/p>\t\t\t\t\t\t\t\t<\/div>\n\t\t\t\t<\/div>\n\t\t\t\t\t<\/div>\n\t\t<\/div>\n\t\t\t\t\t<\/div>\n\t\t<\/section>\n\t\t\t\t<section class=\"elementor-section elementor-top-section elementor-element elementor-element-127cadc elementor-section-boxed elementor-section-height-default elementor-section-height-default\" data-id=\"127cadc\" data-element_type=\"section\" data-e-type=\"section\" data-settings=\"{&quot;ekit_has_onepagescroll_dot&quot;:&quot;yes&quot;}\">\n\t\t\t\t\t\t<div class=\"elementor-container elementor-column-gap-default\">\n\t\t\t\t\t<div class=\"elementor-column elementor-col-100 elementor-top-column elementor-element elementor-element-4c521d5 elementor-invisible\" data-id=\"4c521d5\" data-element_type=\"column\" data-e-type=\"column\" data-settings=\"{&quot;animation&quot;:&quot;fadeInUp&quot;}\">\n\t\t\t<div class=\"elementor-widget-wrap elementor-element-populated\">\n\t\t\t\t\t\t<div class=\"elementor-element elementor-element-33271ad elementor-tabs-view-horizontal elementor-widget elementor-widget-tabs\" data-id=\"33271ad\" data-element_type=\"widget\" data-e-type=\"widget\" data-settings=\"{&quot;ekit_we_effect_on&quot;:&quot;none&quot;}\" data-widget_type=\"tabs.default\">\n\t\t\t\t<div class=\"elementor-widget-container\">\n\t\t\t\t\t\t\t<div class=\"elementor-tabs\">\n\t\t\t<div class=\"elementor-tabs-wrapper\" role=\"tablist\" >\n\t\t\t\t\t\t\t\t\t<div id=\"elementor-tab-title-5361\" class=\"elementor-tab-title elementor-tab-desktop-title\" aria-selected=\"true\" data-tab=\"1\" role=\"tab\" tabindex=\"0\" aria-controls=\"elementor-tab-content-5361\" aria-expanded=\"false\">Sobre<\/div>\n\t\t\t\t\t\t\t\t\t<div id=\"elementor-tab-title-5362\" class=\"elementor-tab-title elementor-tab-desktop-title\" aria-selected=\"false\" data-tab=\"2\" role=\"tab\" tabindex=\"-1\" aria-controls=\"elementor-tab-content-5362\" aria-expanded=\"false\">Compet\u00eancias<\/div>\n\t\t\t\t\t\t\t\t\t<div id=\"elementor-tab-title-5363\" class=\"elementor-tab-title elementor-tab-desktop-title\" aria-selected=\"false\" data-tab=\"3\" role=\"tab\" tabindex=\"-1\" aria-controls=\"elementor-tab-content-5363\" aria-expanded=\"false\">Membros<\/div>\n\t\t\t\t\t\t\t<\/div>\n\t\t\t<div class=\"elementor-tabs-content-wrapper\" role=\"tablist\" aria-orientation=\"vertical\">\n\t\t\t\t\t\t\t\t\t<div class=\"elementor-tab-title elementor-tab-mobile-title\" aria-selected=\"true\" data-tab=\"1\" role=\"tab\" tabindex=\"0\" aria-controls=\"elementor-tab-content-5361\" aria-expanded=\"false\">Sobre<\/div>\n\t\t\t\t\t<div id=\"elementor-tab-content-5361\" class=\"elementor-tab-content elementor-clearfix\" data-tab=\"1\" role=\"tabpanel\" aria-labelledby=\"elementor-tab-title-5361\" tabindex=\"0\" hidden=\"false\"><p><strong>Em quais momentos devo procurar a COLAP?<br \/><\/strong><br \/>Quando desejar obter Informa\u00e7\u00f5es sobre o PROUNI; quando for selecionado pelo PROUNI e precisar entregar a Documenta\u00e7\u00e3o para valida\u00e7\u00e3o de bolsa; ou quando desejar transferir, suspender ou encerrar o benef\u00edcio do PROUNI. Tamb\u00e9m poder\u00e1 procurar a COLAP quanto tiver questionamentos, realizar reclama\u00e7\u00f5es, den\u00fancias em rela\u00e7\u00e3o a bolsistas do Prouni.\u00a0<\/p><p>A COLAP est\u00e1 situada na rua\u00a0 Conselheiro Crispiniano, 140, centro \u2013 S\u00e3o Paulo<\/p><\/div>\n\t\t\t\t\t\t\t\t\t<div class=\"elementor-tab-title elementor-tab-mobile-title\" aria-selected=\"false\" data-tab=\"2\" role=\"tab\" tabindex=\"-1\" aria-controls=\"elementor-tab-content-5362\" aria-expanded=\"false\">Compet\u00eancias<\/div>\n\t\t\t\t\t<div id=\"elementor-tab-content-5362\" class=\"elementor-tab-content elementor-clearfix\" data-tab=\"2\" role=\"tabpanel\" aria-labelledby=\"elementor-tab-title-5362\" tabindex=\"0\" hidden=\"hidden\"><p>O Art. 2\u00ba da Portaria n\u00ba 1.132 disp\u00f5e que compete \u00e0s Comiss\u00f5es Locais:<\/p><p>I &#8211; exercer o acompanhamento, averigua\u00e7\u00e3o e fiscaliza\u00e7\u00e3o da implementa\u00e7\u00e3o do Prouni nas Institui\u00e7\u00f5es de Ensino Superior (IES) participantes do Programa;<\/p><p>II &#8211; interagir com a comunidade acad\u00eamica e com as organiza\u00e7\u00f5es da sociedade civil, recebendo reclama\u00e7\u00f5es, den\u00fancias, cr\u00edticas e sugest\u00f5es para apresenta\u00e7\u00e3o, se for o caso, \u00e0 Comiss\u00e3o Nacional de Acompanhamento e Controle Social do Prouni &#8211; CONAP;<\/p><p>III &#8211; emitir, a cada processo seletivo, relat\u00f3rio de acompanhamento do Prouni;<\/p><p>IV &#8211; fornecer informa\u00e7\u00f5es sobre o Prouni \u00e0 CONAP.<\/p><\/div>\n\t\t\t\t\t\t\t\t\t<div class=\"elementor-tab-title elementor-tab-mobile-title\" aria-selected=\"false\" data-tab=\"3\" role=\"tab\" tabindex=\"-1\" aria-controls=\"elementor-tab-content-5363\" aria-expanded=\"false\">Membros<\/div>\n\t\t\t\t\t<div id=\"elementor-tab-content-5363\" class=\"elementor-tab-content elementor-clearfix\" data-tab=\"3\" role=\"tabpanel\" aria-labelledby=\"elementor-tab-title-5363\" tabindex=\"0\" hidden=\"hidden\"><p>Em atualiza\u00e7\u00e3o<\/p><\/div>\n\t\t\t\t\t\t\t<\/div>\n\t\t<\/div>\n\t\t\t\t\t\t<\/div>\n\t\t\t\t<\/div>\n\t\t\t\t<div class=\"elementor-element elementor-element-c1b7581 elementor-widget elementor-widget-icon-box\" data-id=\"c1b7581\" data-element_type=\"widget\" data-e-type=\"widget\" data-settings=\"{&quot;ekit_we_effect_on&quot;:&quot;none&quot;}\" data-widget_type=\"icon-box.default\">\n\t\t\t\t<div class=\"elementor-widget-container\">\n\t\t\t\t\t\t\t<div class=\"elementor-icon-box-wrapper\">\n\n\t\t\t\n\t\t\t\t\t\t<div class=\"elementor-icon-box-content\">\n\n\t\t\t\t\n\t\t\t\t\t\t\t\t\t<p class=\"elementor-icon-box-description\">\n\t\t\t\t\t\tDocumenta\u00e7\u00e3o\t\t\t\t\t<\/p>\n\t\t\t\t\n\t\t\t<\/div>\n\t\t\t\n\t\t<\/div>\n\t\t\t\t\t\t<\/div>\n\t\t\t\t<\/div>\n\t\t\t\t<div class=\"elementor-element elementor-element-c467ac6 elementor-widget elementor-widget-shortcode\" data-id=\"c467ac6\" data-element_type=\"widget\" data-e-type=\"widget\" data-settings=\"{&quot;ekit_we_effect_on&quot;:&quot;none&quot;}\" data-widget_type=\"shortcode.default\">\n\t\t\t\t<div class=\"elementor-widget-container\">\n\t\t\t\t\t\t\t<div class=\"elementor-shortcode\"> <\/div>\n\t\t\t\t\t\t<\/div>\n\t\t\t\t<\/div>\n\t\t\t\t\t<\/div>\n\t\t<\/div>\n\t\t\t\t\t<\/div>\n\t\t<\/section>\n\t\t\t\t<\/div>\n\t\t","protected":false},"excerpt":{"rendered":"<p>Saiba mais sobre o COLAP, respons\u00e1vel por garantir a implementa\u00e7\u00e3o eficaz do PROUNI em nossa institui\u00e7\u00e3o COLAP O QUE \u00c9 A COLAP? \u00c9 um \u00f3rg\u00e3o colegiado, de natureza consultiva, institu\u00edda em cada Institui\u00e7\u00e3o de Ensino Superior &#8211; IES participante do Prouni, e possui fun\u00e7\u00e3o preponderante de acompanhar, averiguar e fiscalizar a implementa\u00e7\u00e3o local do Prouni [&hellip;]<\/p>\n","protected":false},"author":1,"featured_media":0,"parent":0,"menu_order":0,"comment_status":"closed","ping_status":"closed","template":"elementor_header_footer","meta":{"footnotes":""},"class_list":["post-2469","page","type-page","status-publish","hentry"],"_links":{"self":[{"href":"https:\/\/uniespsa.com.br\/carlosgomes\/wp-json\/wp\/v2\/pages\/2469","targetHints":{"allow":["GET"]}}],"collection":[{"href":"https:\/\/uniespsa.com.br\/carlosgomes\/wp-json\/wp\/v2\/pages"}],"about":[{"href":"https:\/\/uniespsa.com.br\/carlosgomes\/wp-json\/wp\/v2\/types\/page"}],"author":[{"embeddable":true,"href":"https:\/\/uniespsa.com.br\/carlosgomes\/wp-json\/wp\/v2\/users\/1"}],"replies":[{"embeddable":true,"href":"https:\/\/uniespsa.com.br\/carlosgomes\/wp-json\/wp\/v2\/comments?post=2469"}],"version-history":[{"count":0,"href":"https:\/\/uniespsa.com.br\/carlosgomes\/wp-json\/wp\/v2\/pages\/2469\/revisions"}],"wp:attachment":[{"href":"https:\/\/uniespsa.com.br\/carlosgomes\/wp-json\/wp\/v2\/media?parent=2469"}],"curies":[{"name":"wp","href":"https:\/\/api.w.org\/{rel}","templated":true}]}}