{"id":5015,"date":"2025-04-07T11:49:44","date_gmt":"2025-04-07T14:49:44","guid":{"rendered":"https:\/\/uniespsa.com.br\/carlosgomes\/?page_id=5015"},"modified":"2025-04-07T11:54:56","modified_gmt":"2025-04-07T14:54:56","slug":"acervo","status":"publish","type":"page","link":"https:\/\/uniespsa.com.br\/carlosgomes\/biblioteca\/acervo\/","title":{"rendered":"Acervo"},"content":{"rendered":"\t\t<div data-elementor-type=\"wp-page\" data-elementor-id=\"5015\" class=\"elementor elementor-5015\" data-elementor-post-type=\"page\">\n\t\t\t\t\t\t<section class=\"elementor-section elementor-top-section elementor-element elementor-element-8dfe0c9 elementor-section-height-min-height elementor-section-boxed elementor-section-height-default elementor-section-items-middle\" data-id=\"8dfe0c9\" data-element_type=\"section\" data-e-type=\"section\" data-settings=\"{&quot;background_background&quot;:&quot;gradient&quot;,&quot;ekit_has_onepagescroll_dot&quot;:&quot;yes&quot;}\">\n\t\t\t\t\t\t\t<div class=\"elementor-background-overlay\"><\/div>\n\t\t\t\t\t\t\t<div class=\"elementor-container elementor-column-gap-default\">\n\t\t\t\t\t<div class=\"elementor-column elementor-col-100 elementor-top-column elementor-element elementor-element-ec5b659\" data-id=\"ec5b659\" data-element_type=\"column\" data-e-type=\"column\">\n\t\t\t<div class=\"elementor-widget-wrap elementor-element-populated\">\n\t\t\t\t\t\t<div class=\"elementor-element elementor-element-1d64fef elementor-widget elementor-widget-heading\" data-id=\"1d64fef\" data-element_type=\"widget\" data-e-type=\"widget\" data-settings=\"{&quot;_animation&quot;:&quot;none&quot;,&quot;ekit_we_effect_on&quot;:&quot;none&quot;}\" data-widget_type=\"heading.default\">\n\t\t\t\t<div class=\"elementor-widget-container\">\n\t\t\t\t\t<h2 class=\"elementor-heading-title elementor-size-default\">Biblioteca<\/h2>\t\t\t\t<\/div>\n\t\t\t\t<\/div>\n\t\t\t\t<div class=\"elementor-element elementor-element-0a5235e elementor-widget-divider--view-line elementor-widget elementor-widget-divider\" data-id=\"0a5235e\" data-element_type=\"widget\" data-e-type=\"widget\" data-settings=\"{&quot;ekit_we_effect_on&quot;:&quot;none&quot;}\" data-widget_type=\"divider.default\">\n\t\t\t\t<div class=\"elementor-widget-container\">\n\t\t\t\t\t\t\t<div class=\"elementor-divider\">\n\t\t\t<span class=\"elementor-divider-separator\">\n\t\t\t\t\t\t<\/span>\n\t\t<\/div>\n\t\t\t\t\t\t<\/div>\n\t\t\t\t<\/div>\n\t\t\t\t<div class=\"elementor-element elementor-element-a330f09 elementor-widget elementor-widget-text-editor\" data-id=\"a330f09\" data-element_type=\"widget\" data-e-type=\"widget\" data-settings=\"{&quot;ekit_we_effect_on&quot;:&quot;none&quot;}\" data-widget_type=\"text-editor.default\">\n\t\t\t\t<div class=\"elementor-widget-container\">\n\t\t\t\t\t\t\t\t\t<div class=\"elementor-element elementor-element-a6cbdcf elementor-widget elementor-widget-text-editor\" data-id=\"a6cbdcf\" data-element_type=\"widget\" data-settings=\"{\" data-widget_type=\"text-editor.default\"><div class=\"elementor-widget-container\"><div class=\"elementor-text-editor elementor-clearfix\"><p><strong>Explore um acervo f\u00edsico completo, com obras atualizadas e essenciais para seu curso.<\/strong><\/p><\/div><\/div><\/div>\t\t\t\t\t\t\t\t<\/div>\n\t\t\t\t<\/div>\n\t\t\t\t\t<\/div>\n\t\t<\/div>\n\t\t\t\t\t<\/div>\n\t\t<\/section>\n\t\t\t\t<section class=\"elementor-section elementor-top-section elementor-element elementor-element-6b9cebb elementor-section-boxed elementor-section-height-default elementor-section-height-default\" data-id=\"6b9cebb\" data-element_type=\"section\" data-e-type=\"section\" data-settings=\"{&quot;animation&quot;:&quot;none&quot;,&quot;background_background&quot;:&quot;classic&quot;,&quot;ekit_has_onepagescroll_dot&quot;:&quot;yes&quot;}\">\n\t\t\t\t\t\t<div class=\"elementor-container elementor-column-gap-default\">\n\t\t\t\t\t<div class=\"elementor-column elementor-col-100 elementor-top-column elementor-element elementor-element-3631869\" data-id=\"3631869\" data-element_type=\"column\" data-e-type=\"column\" data-settings=\"{&quot;animation&quot;:&quot;none&quot;}\">\n\t\t\t<div class=\"elementor-widget-wrap elementor-element-populated\">\n\t\t\t\t\t\t<div class=\"elementor-element elementor-element-cbc25d2 elementor-widget elementor-widget-heading\" data-id=\"cbc25d2\" data-element_type=\"widget\" data-e-type=\"widget\" data-settings=\"{&quot;ekit_we_effect_on&quot;:&quot;none&quot;}\" data-widget_type=\"heading.default\">\n\t\t\t\t<div class=\"elementor-widget-container\">\n\t\t\t\t\t<h2 class=\"elementor-heading-title elementor-size-default\">Sobre o Acervo<\/h2>\t\t\t\t<\/div>\n\t\t\t\t<\/div>\n\t\t\t\t<div class=\"elementor-element elementor-element-ad668ca elementor-widget elementor-widget-text-editor\" data-id=\"ad668ca\" data-element_type=\"widget\" data-e-type=\"widget\" data-settings=\"{&quot;ekit_we_effect_on&quot;:&quot;none&quot;}\" data-widget_type=\"text-editor.default\">\n\t\t\t\t<div class=\"elementor-widget-container\">\n\t\t\t\t\t\t\t\t\t<p><strong>A Biblioteca tem como objetivo contribuir para a capacita\u00e7\u00e3o do estudante e para a forma\u00e7\u00e3o cont\u00ednua dos professores.<\/strong><\/p><p>Constitui-se em interface entre o usu\u00e1rio e a informa\u00e7\u00e3o, usando recursos informatizados e princ\u00edpios de pesquisa bibliogr\u00e1fica, otimizando a busca e a recupera\u00e7\u00e3o da informa\u00e7\u00e3o, influindo no desempenho da comunidade acad\u00eamica e contribuindo com nova produ\u00e7\u00e3o do conhecimento, com apoio das normas documentais.<\/p><p>A Biblioteca Centro de Difus\u00e3o da Informa\u00e7\u00e3o conta com mais de <strong>7.000 t\u00edtulos e 22.000 exemplares<\/strong>\u00a0nas \u00e1reas das Ci\u00eancias Humanas e Sociais, Ci\u00eancias Exatas e da Terra e Lingu\u00edstica, Letras e Artes, que est\u00e3o \u00e0 disposi\u00e7\u00e3o de alunos e professores.<\/p><p>A expans\u00e3o e atualiza\u00e7\u00e3o do acervo ser\u00e3o feitas atendendo-se \u00e0s necessidades dos cursos, obedecidas \u00e0s diretrizes or\u00e7ament\u00e1rias da institui\u00e7\u00e3o, envolvendo professores, coordenadores, biblioteca e dire\u00e7\u00e3o.<br \/>A sele\u00e7\u00e3o ser\u00e1 feita pelos professores e coordenadores dos cursos que encaminhar\u00e3o a rela\u00e7\u00e3o \u00e0 bibliotec\u00e1ria para levantamento da bibliografia e compara\u00e7\u00e3o com o acervo existente.<\/p><p>Na compara\u00e7\u00e3o far-se-\u00e1 a adequa\u00e7\u00e3o das reais necessidades de cada curso para encaminhamento das listagens para aprova\u00e7\u00e3o da dire\u00e7\u00e3o e efetiva\u00e7\u00e3o pelo setor respons\u00e1vel.<\/p><p><strong>Para assegurar a qualidade da atualiza\u00e7\u00e3o do acervo bibliogr\u00e1fico, adotar-se-\u00e1 os seguintes crit\u00e9rios:<\/strong><\/p><ul><li>\u00a0Adequa\u00e7\u00e3o do material aos objetivos do curso e das respectivas disciplinas;<\/li><li>\u00a0autoridade e conceito do autor;<\/li><li>\u00a0equil\u00edbrio da obra quanto \u00e0 distribui\u00e7\u00e3o do conte\u00fado;<\/li><li>\u00a0qualidade t\u00e9cnica quanto ao ponto de vista gr\u00e1fico e\/ou sonoro;<\/li><li>\u00a0custo justific\u00e1vel em considera\u00e7\u00e3o \u00e0 verba dispon\u00edvel;<\/li><li>\u00a0idioma acess\u00edvel aos alunos;<\/li><li>\u00a0atualidade do material;<\/li><li>\u00a0disponibiliza\u00e7\u00e3o de n\u00famero de t\u00edtulos e volumes de acordo com as orienta\u00e7\u00f5es do INEP.<\/li><\/ul><p><br \/>Para atender a oferta dos cursos solicitados, a Faculdade adquire os livros relacionados nos programas das disciplinas que comp\u00f5em a matriz curricular de cada curso. A Biblioteca utiliza um Software de controle do acervo e de empr\u00e9stimos, denominado RM Biblios.<\/p>\t\t\t\t\t\t\t\t<\/div>\n\t\t\t\t<\/div>\n\t\t\t\t<div class=\"elementor-element elementor-element-ce33795 elementor-widget elementor-widget-heading\" data-id=\"ce33795\" data-element_type=\"widget\" data-e-type=\"widget\" data-settings=\"{&quot;ekit_we_effect_on&quot;:&quot;none&quot;}\" data-widget_type=\"heading.default\">\n\t\t\t\t<div class=\"elementor-widget-container\">\n\t\t\t\t\t<h2 class=\"elementor-heading-title elementor-size-default\">Empr\u00e9stimo<\/h2>\t\t\t\t<\/div>\n\t\t\t\t<\/div>\n\t\t\t\t<div class=\"elementor-element elementor-element-8867d66 elementor-widget elementor-widget-text-editor\" data-id=\"8867d66\" data-element_type=\"widget\" data-e-type=\"widget\" data-settings=\"{&quot;ekit_we_effect_on&quot;:&quot;none&quot;}\" data-widget_type=\"text-editor.default\">\n\t\t\t\t<div class=\"elementor-widget-container\">\n\t\t\t\t\t\t\t\t\t<p>Quanto ao servi\u00e7o de empr\u00e9stimo, o usu\u00e1rio fazer a retirada de, no m\u00e1ximo, tr\u00eas livros, no prazo de sete dias, quando dever\u00e1 efetuar a devolu\u00e7\u00e3o, com exce\u00e7\u00e3o dos professores, que podem retirar cinco livros, podendo permanecer com os mesmos por dez dias.<\/p><p>Est\u00e3o dispon\u00edveis para empr\u00e9stimos os documentos existentes na Biblioteca, exceto obras de refer\u00eancia, dicion\u00e1rios, enciclop\u00e9dias; peri\u00f3dicos, jornais e revistas; cole\u00e7\u00e3o de peri\u00f3dicos em CD-ROM; peri\u00f3dico virtual, trabalhos de conclus\u00e3o de curso. O acesso aos documentos \u00e9 disponibilizado por uma base de dados local.<\/p>\t\t\t\t\t\t\t\t<\/div>\n\t\t\t\t<\/div>\n\t\t\t\t<div class=\"elementor-element elementor-element-d352af1 elementor-widget elementor-widget-heading\" data-id=\"d352af1\" data-element_type=\"widget\" data-e-type=\"widget\" data-settings=\"{&quot;ekit_we_effect_on&quot;:&quot;none&quot;}\" data-widget_type=\"heading.default\">\n\t\t\t\t<div class=\"elementor-widget-container\">\n\t\t\t\t\t<h2 class=\"elementor-heading-title elementor-size-default\">Arquivos<\/h2>\t\t\t\t<\/div>\n\t\t\t\t<\/div>\n\t\t\t\t<div class=\"elementor-element elementor-element-bd29387 elementor-widget elementor-widget-shortcode\" data-id=\"bd29387\" data-element_type=\"widget\" data-e-type=\"widget\" data-settings=\"{&quot;ekit_we_effect_on&quot;:&quot;none&quot;}\" data-widget_type=\"shortcode.default\">\n\t\t\t\t<div class=\"elementor-widget-container\">\n\t\t\t\t\t\t\t<div class=\"elementor-shortcode\"><script type=\"text\/x-handlebars-template\"        id=\"wpfd-template-tablesembusca-categories-62\">    <div class=\"wpfd-categories hide\">{{#if category}}{{#with category}}{{#if parent}}<a class=\"catlink backcategory\" href=\"#\" data-idcat=\"{{parent}}\">                        <i class=\"zmdi zmdi-chevron-left\"><\/i><span>Voltar<\/span><\/a>{{\/if}}{{\/with}}{{\/if}}{{#if category.desc}}<div class=\"wpfd-category-desc\">{{category.desc}}<\/div>{{\/if}}<\/div><\/script><script type=\"text\/x-handlebars-template\" id=\"wpfd-template-tablesembusca-62\">    {{#if files}}    {{#each files}}    <tr class=\"file {{class}} {{ext}}\" data-id=\"{{ID}}\" data-catid=\"{{catid}}\">        <input type=\"hidden\" class=\"wpfd_file_preview_link_download\" value=\"{{linkdownload}}\" data-filetitle=\"{{post_title}}\" data-fileicons=\"ext ext-{{ext}} wpfd-icon-set-png\" \/>    <td class=\"file_title\"><a class=\"wpfd_downloadlink\" href=\"{{linkdownload}}\"  title=\"{{post_title}}\" target=\"{{#if remote_file}}_blank{{\/if}}\"><span class=\"extcol\">{{#if file_custom_icon}}<span class=\"icon-custom\"><img decoding=\"async\" src=\"{{file_custom_icon}}\"><\/span>{{else}}<span class=\"ext ext-{{ext}} wpfd-icon-set-png\"><\/span>{{\/if}}<\/span><span class=\"wpfd-file-crop-title\">{{{crop_title}}}<\/span><\/a><\/td><td class=\"file_size\">{{bytesToSize size}}<\/td>            <\/tr>    {{\/each}}    {{\/if}}<\/script><div class=\"wpfd-content wpfd-content-tablesembusca wpfd-content-multi colstyle-hide\" data-category=\"62\"              style=\"background-color: rgba(255, 255, 255, 0);\"><input type=\"hidden\" id=\"current_category_62\" value=\"62\" \/>                    <input type=\"hidden\" id=\"current_category_slug_62\" value=\"biblioteca\" \/>                    <input type=\"hidden\" id=\"current_ordering_62\" value=\"title\" \/>                    <input type=\"hidden\" id=\"current_ordering_direction_62\" value=\"desc\" \/>                    <input type=\"hidden\" id=\"page_limit_62\" value=\"10\" \/><input type=\"hidden\" id=\"wpfd_display_empty_category_message\" value=\"0\" \/><input type=\"hidden\" id=\"wpfd_empty_category_message_val\" value=\"This file category has no files to display\" \/><input type=\"hidden\" id=\"wpfd_display_empty_folder\" value=\"1\" \/><input type=\"hidden\" id=\"wpfd_is_empty_subcategories\" value=\"1\" \/><input type=\"hidden\" id=\"wpfd_is_empty_files\" value=\"1\" \/><input type=\"hidden\" id=\"wpfd_root_category_id\" class=\"wpfd_root_category_id\" value=\"62\" \/><input type=\"hidden\" id=\"wpfd_root_category_theme\" class=\"wpfd_root_category_theme\" value=\"tablesembusca\" \/><input type=\"hidden\" id=\"wpfd_root_category_clone_theme_type\" class=\"wpfd_root_category_clone_theme_type\" value=\"none\" \/><input type=\"hidden\" id=\"wpfd_root_category_type\" class=\"wpfd_root_category_type\" value=\"62\" \/><input type=\"hidden\" id=\"wpfd_category_notify_file_changes\" class=\"wpfd_category_notify_file_changes\" value=\"0\" \/><input type=\"hidden\" id=\"wpfd_global_notify_file_changes\" class=\"wpfd_global_notify_file_changes\" value=\"0\" \/><input type=\"hidden\" id=\"wpfd_download_selected\" class=\"wpfd_download_selected\" value=\"0\" \/><input type=\"hidden\" id=\"wpfd_user_login\" class=\"wpfd_user_login\" value=\"0\" \/><div class=\"wpfd-content-header-section\"><\/div><div class=\"wpfd-container\">        <div class=\"wpfd-open-tree\"><\/div>    <div class=\"wpfd-container-tablesembusca  \">        <div class=\"wpfd-categories hide\"><div class=\"wpfd-category-desc\"><\/div><\/div>        <table class=\"wpfd-search-result wpfd-tablesembusca wpfd-table-bordered wpfd-table-striped wpfd-tablesembusca-0 mediaTable wpfd-theme-rows\">            <thead>                <tr>                    <th class=\"essential persist file_title\">T\u00edtulo<\/th><th class=\"optional file_size\">Tamanho<\/th>                <\/tr>            <\/thead>            <tbody>                                            <tr class=\"file pdf\" data-id=\"4989\"                    data-catid=\"62\">                                        <input type=\"hidden\" class=\"wpfd_file_preview_link_download\" value=\"https:\/\/uniespsa.com.br\/carlosgomes\/download\/62\/biblioteca\/4989\/regulamento-da-biblioteca.pdf\"                           data-filetitle=\"Regulamento da Biblioteca\" data-fileicons=\"ext ext-pdf wpfd-icon-set-png\" \/>                    <td class=\"file_title\"><a class=\"wpfd_downloadlink\" href=\"https:\/\/uniespsa.com.br\/carlosgomes\/download\/62\/biblioteca\/4989\/regulamento-da-biblioteca.pdf\"  title=\"Regulamento da Biblioteca\" target=\"\"><span class=\"extcol\"><span class=\"ext ext-pdf wpfd-icon-set-png\"><\/span><\/span><span class=\"wpfd-file-crop-title\">Regulamento da Biblioteca<\/span><\/a><\/td><td class=\"file_size\">162.98 KB<\/td>                                            <td class=\"file_download_tbl col-download\">                                                    <\/td>                                    <\/tr>                                        <\/tbody>        <\/table>            <\/div><\/div><\/div><\/div>\n\t\t\t\t\t\t<\/div>\n\t\t\t\t<\/div>\n\t\t\t\t\t<\/div>\n\t\t<\/div>\n\t\t\t\t\t<\/div>\n\t\t<\/section>\n\t\t\t\t<\/div>\n\t\t","protected":false},"excerpt":{"rendered":"<p>Biblioteca Explore um acervo f\u00edsico completo, com obras atualizadas e essenciais para seu curso. Sobre o Acervo A Biblioteca tem como objetivo contribuir para a capacita\u00e7\u00e3o do estudante e para a forma\u00e7\u00e3o cont\u00ednua dos professores. Constitui-se em interface entre o usu\u00e1rio e a informa\u00e7\u00e3o, usando recursos informatizados e princ\u00edpios de pesquisa bibliogr\u00e1fica, otimizando a busca [&hellip;]<\/p>\n","protected":false},"author":1,"featured_media":0,"parent":4958,"menu_order":0,"comment_status":"closed","ping_status":"closed","template":"elementor_header_footer","meta":{"footnotes":""},"class_list":["post-5015","page","type-page","status-publish","hentry"],"_links":{"self":[{"href":"https:\/\/uniespsa.com.br\/carlosgomes\/wp-json\/wp\/v2\/pages\/5015","targetHints":{"allow":["GET"]}}],"collection":[{"href":"https:\/\/uniespsa.com.br\/carlosgomes\/wp-json\/wp\/v2\/pages"}],"about":[{"href":"https:\/\/uniespsa.com.br\/carlosgomes\/wp-json\/wp\/v2\/types\/page"}],"author":[{"embeddable":true,"href":"https:\/\/uniespsa.com.br\/carlosgomes\/wp-json\/wp\/v2\/users\/1"}],"replies":[{"embeddable":true,"href":"https:\/\/uniespsa.com.br\/carlosgomes\/wp-json\/wp\/v2\/comments?post=5015"}],"version-history":[{"count":0,"href":"https:\/\/uniespsa.com.br\/carlosgomes\/wp-json\/wp\/v2\/pages\/5015\/revisions"}],"up":[{"embeddable":true,"href":"https:\/\/uniespsa.com.br\/carlosgomes\/wp-json\/wp\/v2\/pages\/4958"}],"wp:attachment":[{"href":"https:\/\/uniespsa.com.br\/carlosgomes\/wp-json\/wp\/v2\/media?parent=5015"}],"curies":[{"name":"wp","href":"https:\/\/api.w.org\/{rel}","templated":true}]}}