{"id":5017,"date":"2025-04-07T11:50:25","date_gmt":"2025-04-07T14:50:25","guid":{"rendered":"https:\/\/uniespsa.com.br\/carlosgomes\/?page_id=5017"},"modified":"2025-04-07T11:56:54","modified_gmt":"2025-04-07T14:56:54","slug":"periodicos-eletronicos","status":"publish","type":"page","link":"https:\/\/uniespsa.com.br\/carlosgomes\/biblioteca\/periodicos-eletronicos\/","title":{"rendered":"Peri\u00f3dicos Eletr\u00f4nicos"},"content":{"rendered":"\t\t<div data-elementor-type=\"wp-page\" data-elementor-id=\"5017\" class=\"elementor elementor-5017\" data-elementor-post-type=\"page\">\n\t\t\t\t\t\t<section class=\"elementor-section elementor-top-section elementor-element elementor-element-8bc2e96 elementor-section-height-min-height elementor-section-boxed elementor-section-height-default elementor-section-items-middle\" data-id=\"8bc2e96\" data-element_type=\"section\" data-e-type=\"section\" data-settings=\"{&quot;background_background&quot;:&quot;gradient&quot;,&quot;ekit_has_onepagescroll_dot&quot;:&quot;yes&quot;}\">\n\t\t\t\t\t\t\t<div class=\"elementor-background-overlay\"><\/div>\n\t\t\t\t\t\t\t<div class=\"elementor-container elementor-column-gap-default\">\n\t\t\t\t\t<div class=\"elementor-column elementor-col-100 elementor-top-column elementor-element elementor-element-6eb5604\" data-id=\"6eb5604\" data-element_type=\"column\" data-e-type=\"column\">\n\t\t\t<div class=\"elementor-widget-wrap elementor-element-populated\">\n\t\t\t\t\t\t<div class=\"elementor-element elementor-element-115f89e elementor-widget elementor-widget-heading\" data-id=\"115f89e\" data-element_type=\"widget\" data-e-type=\"widget\" data-settings=\"{&quot;_animation&quot;:&quot;none&quot;,&quot;ekit_we_effect_on&quot;:&quot;none&quot;}\" data-widget_type=\"heading.default\">\n\t\t\t\t<div class=\"elementor-widget-container\">\n\t\t\t\t\t<h2 class=\"elementor-heading-title elementor-size-default\">Biblioteca<\/h2>\t\t\t\t<\/div>\n\t\t\t\t<\/div>\n\t\t\t\t<div class=\"elementor-element elementor-element-c312b4c elementor-widget-divider--view-line elementor-widget elementor-widget-divider\" data-id=\"c312b4c\" data-element_type=\"widget\" data-e-type=\"widget\" data-settings=\"{&quot;ekit_we_effect_on&quot;:&quot;none&quot;}\" data-widget_type=\"divider.default\">\n\t\t\t\t<div class=\"elementor-widget-container\">\n\t\t\t\t\t\t\t<div class=\"elementor-divider\">\n\t\t\t<span class=\"elementor-divider-separator\">\n\t\t\t\t\t\t<\/span>\n\t\t<\/div>\n\t\t\t\t\t\t<\/div>\n\t\t\t\t<\/div>\n\t\t\t\t<div class=\"elementor-element elementor-element-ad250bb elementor-widget elementor-widget-text-editor\" data-id=\"ad250bb\" data-element_type=\"widget\" data-e-type=\"widget\" data-settings=\"{&quot;ekit_we_effect_on&quot;:&quot;none&quot;}\" data-widget_type=\"text-editor.default\">\n\t\t\t\t<div class=\"elementor-widget-container\">\n\t\t\t\t\t\t\t\t\t<div class=\"elementor-element elementor-element-a6cbdcf elementor-widget elementor-widget-text-editor\" data-id=\"a6cbdcf\" data-element_type=\"widget\" data-settings=\"{\" data-widget_type=\"text-editor.default\"><div class=\"elementor-widget-container\"><div class=\"elementor-text-editor elementor-clearfix\"><p><strong>Mantenha-se atualizado com revistas cient\u00edficas e jornais digitais renomados<\/strong><\/p><\/div><\/div><\/div>\t\t\t\t\t\t\t\t<\/div>\n\t\t\t\t<\/div>\n\t\t\t\t\t<\/div>\n\t\t<\/div>\n\t\t\t\t\t<\/div>\n\t\t<\/section>\n\t\t\t\t<section class=\"elementor-section elementor-top-section elementor-element elementor-element-af8bf49 elementor-section-boxed elementor-section-height-default elementor-section-height-default\" data-id=\"af8bf49\" data-element_type=\"section\" data-e-type=\"section\" data-settings=\"{&quot;animation&quot;:&quot;none&quot;,&quot;background_background&quot;:&quot;classic&quot;,&quot;ekit_has_onepagescroll_dot&quot;:&quot;yes&quot;}\">\n\t\t\t\t\t\t<div class=\"elementor-container elementor-column-gap-default\">\n\t\t\t\t\t<div class=\"elementor-column elementor-col-100 elementor-top-column elementor-element elementor-element-59762f7\" data-id=\"59762f7\" data-element_type=\"column\" data-e-type=\"column\" data-settings=\"{&quot;animation&quot;:&quot;none&quot;}\">\n\t\t\t<div class=\"elementor-widget-wrap elementor-element-populated\">\n\t\t\t\t\t\t<div class=\"elementor-element elementor-element-9230a0c elementor-widget elementor-widget-eael-adv-accordion\" data-id=\"9230a0c\" data-element_type=\"widget\" data-e-type=\"widget\" data-settings=\"{&quot;ekit_we_effect_on&quot;:&quot;none&quot;}\" data-widget_type=\"eael-adv-accordion.default\">\n\t\t\t\t<div class=\"elementor-widget-container\">\n\t\t\t\t\t            <div class=\"eael-adv-accordion\" id=\"eael-adv-accordion-9230a0c\" data-scroll-on-click=\"yes\" data-scroll-speed=\"300\" data-accordion-id=\"9230a0c\" data-accordion-type=\"accordion\" data-toogle-speed=\"300\">\n            <div class=\"eael-accordion-list\">\n\t\t\t\t\t<div id=\"msica\" class=\"elementor-tab-title eael-accordion-header\" tabindex=\"0\" data-tab=\"1\" aria-controls=\"elementor-tab-content-1531\"><span class=\"eael-advanced-accordion-icon-closed\"><i aria-hidden=\"true\" class=\"fa-accordion-icon fas fa-plus\"><\/i><\/span><span class=\"eael-advanced-accordion-icon-opened\"><i aria-hidden=\"true\" class=\"fa-accordion-icon fas fa-minus\"><\/i><\/span><span class=\"eael-accordion-tab-title\">M\u00fasica<\/span><\/div><div id=\"elementor-tab-content-1531\" class=\"eael-accordion-content clearfix\" data-tab=\"1\" aria-labelledby=\"msica\"><ul>\n \t<li><a href=\"http:\/\/act.maydaygroup.org\/\" target=\"_blank\" rel=\"noopener\">Act<\/a><\/li>\n \t<li><a href=\"http:\/\/www.classicalarchives.com\/\" target=\"_blank\" rel=\"noopener\">Classical archives<\/a><\/li>\n \t<li><a href=\"http:\/\/seer.ufrgs.br\/EmPauta\/index\" target=\"_blank\" rel=\"noopener\">Em pauta<\/a><\/li>\n \t<li><a href=\"http:\/\/www.seer.unirio.br\/index.php\/morpheus\" target=\"_blank\" rel=\"noopener\">Morpheus<\/a><\/li>\n \t<li><a href=\"http:\/\/www.umbc.edu\/MA\/\" target=\"_blank\" rel=\"noopener\">Music &amp; anthropology<\/a><\/li>\n \t<li><a href=\"http:\/\/quod.lib.umich.edu\/m\/mp\/\" target=\"_blank\" rel=\"noopener\">Music politics<\/a><\/li>\n \t<li><a href=\"http:\/\/www.unicamp.br\/ciddic\/compositores_p.html\" target=\"_blank\" rel=\"noopener\">Musicon cdmc unicamp<\/a><\/li>\n \t<li><a href=\"http:\/\/www.popular-musicology-online.com\/\" target=\"_blank\" rel=\"noopener\">Popular musicology online<\/a><\/li>\n \t<li><a href=\"http:\/\/seer.ufrgs.br\/debates\/issue\/archive\" target=\"_blank\" rel=\"noopener\">Revista debate<\/a><\/li>\n \t<li><a href=\"http:\/\/www.rem.ufpr.br\/\" target=\"_blank\" rel=\"noopener\">Revista eletr\u00f4nica de musicologia<\/a><\/li>\n \t<li><a href=\"http:\/\/www.revistas.usp.br\/revistamusica\" target=\"_blank\" rel=\"noopener\">Revista m\u00fasica<\/a><\/li>\n \t<li><a href=\"https:\/\/www.revistas.ufg.br\/musica\/index\" target=\"_blank\" rel=\"noopener\">Revista m\u00fasica hodie<\/a><\/li>\n \t<li><a href=\"http:\/\/site.ucdb.br\/pesquisa-e-inovacao\/6\/periodicos-ucdb\/848\/\" target=\"_blank\" rel=\"noopener\">Ucdb<\/a><\/li>\n<\/ul><\/div>\n\t\t\t\t\t<\/div><\/div>\t\t\t\t<\/div>\n\t\t\t\t<\/div>\n\t\t\t\t\t<\/div>\n\t\t<\/div>\n\t\t\t\t\t<\/div>\n\t\t<\/section>\n\t\t\t\t<\/div>\n\t\t","protected":false},"excerpt":{"rendered":"<p>Biblioteca Mantenha-se atualizado com revistas cient\u00edficas e jornais digitais renomados M\u00fasica Act Classical archives Em pauta Morpheus Music &amp; anthropology Music politics Musicon cdmc unicamp Popular musicology online Revista debate Revista eletr\u00f4nica de musicologia Revista m\u00fasica Revista m\u00fasica hodie Ucdb<\/p>\n","protected":false},"author":1,"featured_media":0,"parent":4958,"menu_order":0,"comment_status":"closed","ping_status":"closed","template":"elementor_header_footer","meta":{"footnotes":""},"class_list":["post-5017","page","type-page","status-publish","hentry"],"_links":{"self":[{"href":"https:\/\/uniespsa.com.br\/carlosgomes\/wp-json\/wp\/v2\/pages\/5017","targetHints":{"allow":["GET"]}}],"collection":[{"href":"https:\/\/uniespsa.com.br\/carlosgomes\/wp-json\/wp\/v2\/pages"}],"about":[{"href":"https:\/\/uniespsa.com.br\/carlosgomes\/wp-json\/wp\/v2\/types\/page"}],"author":[{"embeddable":true,"href":"https:\/\/uniespsa.com.br\/carlosgomes\/wp-json\/wp\/v2\/users\/1"}],"replies":[{"embeddable":true,"href":"https:\/\/uniespsa.com.br\/carlosgomes\/wp-json\/wp\/v2\/comments?post=5017"}],"version-history":[{"count":0,"href":"https:\/\/uniespsa.com.br\/carlosgomes\/wp-json\/wp\/v2\/pages\/5017\/revisions"}],"up":[{"embeddable":true,"href":"https:\/\/uniespsa.com.br\/carlosgomes\/wp-json\/wp\/v2\/pages\/4958"}],"wp:attachment":[{"href":"https:\/\/uniespsa.com.br\/carlosgomes\/wp-json\/wp\/v2\/media?parent=5017"}],"curies":[{"name":"wp","href":"https:\/\/api.w.org\/{rel}","templated":true}]}}