{"id":1348,"date":"2025-03-05T11:36:30","date_gmt":"2025-03-05T14:36:30","guid":{"rendered":"https:\/\/uniespsa.com.br\/fasp\/?page_id=1348"},"modified":"2025-12-29T13:46:42","modified_gmt":"2025-12-29T16:46:42","slug":"quem-somos","status":"publish","type":"page","link":"https:\/\/uniespsa.com.br\/fasp\/quem-somos\/","title":{"rendered":"Quem Somos"},"content":{"rendered":"\t\t<div data-elementor-type=\"wp-page\" data-elementor-id=\"1348\" class=\"elementor elementor-1348\" data-elementor-post-type=\"page\">\n\t\t\t\t\t\t<section class=\"elementor-section elementor-top-section elementor-element elementor-element-fda7fd4 elementor-section-height-min-height elementor-section-boxed elementor-section-height-default elementor-section-items-middle\" data-id=\"fda7fd4\" data-element_type=\"section\" data-e-type=\"section\" data-settings=\"{&quot;background_background&quot;:&quot;gradient&quot;,&quot;ekit_has_onepagescroll_dot&quot;:&quot;yes&quot;}\">\n\t\t\t\t\t\t\t<div class=\"elementor-background-overlay\"><\/div>\n\t\t\t\t\t\t\t<div class=\"elementor-container elementor-column-gap-default\">\n\t\t\t\t\t<div class=\"elementor-column elementor-col-100 elementor-top-column elementor-element elementor-element-962e3f7\" data-id=\"962e3f7\" data-element_type=\"column\" data-e-type=\"column\">\n\t\t\t<div class=\"elementor-widget-wrap elementor-element-populated\">\n\t\t\t\t\t\t<div class=\"elementor-element elementor-element-c0fa688 elementor-widget-divider--view-line elementor-widget elementor-widget-divider\" data-id=\"c0fa688\" data-element_type=\"widget\" data-e-type=\"widget\" data-settings=\"{&quot;ekit_we_effect_on&quot;:&quot;none&quot;}\" data-widget_type=\"divider.default\">\n\t\t\t\t<div class=\"elementor-widget-container\">\n\t\t\t\t\t\t\t<div class=\"elementor-divider\">\n\t\t\t<span class=\"elementor-divider-separator\">\n\t\t\t\t\t\t<\/span>\n\t\t<\/div>\n\t\t\t\t\t\t<\/div>\n\t\t\t\t<\/div>\n\t\t\t\t<div class=\"elementor-element elementor-element-95ae968 elementor-widget elementor-widget-text-editor\" data-id=\"95ae968\" data-element_type=\"widget\" data-e-type=\"widget\" data-settings=\"{&quot;ekit_we_effect_on&quot;:&quot;none&quot;}\" data-widget_type=\"text-editor.default\">\n\t\t\t\t<div class=\"elementor-widget-container\">\n\t\t\t\t\t\t\t\t\t<div class=\"elementor-element elementor-element-a6cbdcf elementor-widget elementor-widget-text-editor\" data-id=\"a6cbdcf\" data-element_type=\"widget\" data-settings=\"{\" data-widget_type=\"text-editor.default\"><div class=\"elementor-widget-container\"><div class=\"elementor-text-editor elementor-clearfix\"><p><strong>Conhe\u00e7a a hist\u00f3ria da nossa faculdade e o compromisso com o seu futuro acad\u00eamico e profissional<\/strong><\/p><\/div><\/div><\/div>\t\t\t\t\t\t\t\t<\/div>\n\t\t\t\t<\/div>\n\t\t\t\t\t<\/div>\n\t\t<\/div>\n\t\t\t\t\t<\/div>\n\t\t<\/section>\n\t\t\t\t<section class=\"elementor-section elementor-top-section elementor-element elementor-element-e7e3a5b elementor-section-boxed elementor-section-height-default elementor-section-height-default\" data-id=\"e7e3a5b\" data-element_type=\"section\" data-e-type=\"section\" data-settings=\"{&quot;ekit_has_onepagescroll_dot&quot;:&quot;yes&quot;}\">\n\t\t\t\t\t\t<div class=\"elementor-container elementor-column-gap-default\">\n\t\t\t\t\t<div class=\"elementor-column elementor-col-100 elementor-top-column elementor-element elementor-element-d607c44 elementor-invisible\" data-id=\"d607c44\" data-element_type=\"column\" data-e-type=\"column\" data-settings=\"{&quot;animation&quot;:&quot;fadeInUp&quot;}\">\n\t\t\t<div class=\"elementor-widget-wrap elementor-element-populated\">\n\t\t\t\t\t\t<div class=\"elementor-element elementor-element-24477a2 elementor-widget elementor-widget-icon-box\" data-id=\"24477a2\" data-element_type=\"widget\" data-e-type=\"widget\" data-settings=\"{&quot;ekit_we_effect_on&quot;:&quot;none&quot;}\" data-widget_type=\"icon-box.default\">\n\t\t\t\t<div class=\"elementor-widget-container\">\n\t\t\t\t\t\t\t<div class=\"elementor-icon-box-wrapper\">\n\n\t\t\t\n\t\t\t\t\t\t<div class=\"elementor-icon-box-content\">\n\n\t\t\t\t\t\t\t\t\t<h2 class=\"elementor-icon-box-title\">\n\t\t\t\t\t\t<span  >\n\t\t\t\t\t\t\tSobre n\u00f3s\t\t\t\t\t\t<\/span>\n\t\t\t\t\t<\/h2>\n\t\t\t\t\n\t\t\t\t\t\t\t\t\t<p class=\"elementor-icon-box-description\">\n\t\t\t\t\t\tBreve Hist\u00f3rico da FACULDADE DE S\u00c3O PAULO\t\t\t\t\t<\/p>\n\t\t\t\t\n\t\t\t<\/div>\n\t\t\t\n\t\t<\/div>\n\t\t\t\t\t\t<\/div>\n\t\t\t\t<\/div>\n\t\t\t\t<div class=\"elementor-element elementor-element-fb724b2 elementor-widget elementor-widget-text-editor\" data-id=\"fb724b2\" data-element_type=\"widget\" data-e-type=\"widget\" data-settings=\"{&quot;ekit_we_effect_on&quot;:&quot;none&quot;}\" data-widget_type=\"text-editor.default\">\n\t\t\t\t<div class=\"elementor-widget-container\">\n\t\t\t\t\t\t\t\t\t<p>Toda grande institui\u00e7\u00e3o nasce de uma iniciativa simples, e isso n\u00e3o foi diferente com a Uni\u00e3o das Institui\u00e7\u00f5es Educacionais do Estado de S\u00e3o Paulo, a UNIESP. Em 1997, a pedra fundamental da Faculdade de Presidente Epit\u00e1cio \u00e9 lan\u00e7ada. A unidade educacional, por\u00e9m, foi apenas o primeiro de muitos outros projetos que t\u00eam por base a Educa\u00e7\u00e3o Solid\u00e1ria. Esta Holding denominada UNIESP, administrou as Faculdades Renascen\u00e7a e Faculdades Teresa Martin que em agosto de 2010, foram unificadas a Faculdade de S\u00e3o Paulo atrav\u00e9s da Portaria 1028 de 17\/08\/2010. A Faculdade de S\u00e3o Paulo \u00e9 mantida pelo Instituto Educacional do Estado de S\u00e3o Paulo.<\/p><p>Consciente de que a educa\u00e7\u00e3o gera qualifica\u00e7\u00e3o para o mercado de trabalho e, consequentemente, melhora a qualidade de vida da popula\u00e7\u00e3o, ele criou em 1999 a UNIESP Solid\u00e1ria, institui\u00e7\u00e3o filantr\u00f3pica de cunho social e educacional.<\/p><p>Desde sua funda\u00e7\u00e3o, a UNIESP Solid\u00e1ria tem proporcionado \u00e0 popula\u00e7\u00e3o, por meio das institui\u00e7\u00f5es parceiras, a\u00e7\u00f5es sociais como instrumentos de apoio \u00e0s iniciativas de promo\u00e7\u00e3o do desenvolvimento social e econ\u00f4mico, o que consequentemente elevar\u00e1 o IDH (\u00cdndice de Desenvolvimento Humano). Os grandes diferenciais da Institui\u00e7\u00e3o s\u00e3o aderir e difundir os Programas e Conv\u00eanios para Bolsas de Estudo de 50% a at\u00e9 100% criados pelos Governos Federal, Estadual e Municipal.<\/p><p>Por meio de tais projetos, milhares de jovens foram inseridos no ensino superior e no t\u00e3o nobre servi\u00e7o volunt\u00e1rio, e muitos outros, das escolas estaduais e municipais, melhoraram o desempenho nos estudos, reduzindo o \u00edndice de repet\u00eancia e ampliando o \u00edndice de frequ\u00eancia. Com isso, contribu\u00edram para a diminui\u00e7\u00e3o da viol\u00eancia e promoveram a integra\u00e7\u00e3o da comunidade na participa\u00e7\u00e3o dos eventos culturais, educacionais e lazer.<\/p>\t\t\t\t\t\t\t\t<\/div>\n\t\t\t\t<\/div>\n\t\t\t\t<div class=\"elementor-element elementor-element-286ed6a elementor-tablet-align-center elementor-mobile-align-justify elementor-align-left elementor-widget elementor-widget-button\" data-id=\"286ed6a\" data-element_type=\"widget\" data-e-type=\"widget\" data-settings=\"{&quot;ekit_we_effect_on&quot;:&quot;none&quot;}\" data-widget_type=\"button.default\">\n\t\t\t\t<div class=\"elementor-widget-container\">\n\t\t\t\t\t\t\t\t\t<div class=\"elementor-button-wrapper\">\n\t\t\t\t\t<a class=\"elementor-button elementor-button-link elementor-size-sm elementor-animation-grow\" href=\"\/a-uniesp-sa\/\" target=\"_blank\">\n\t\t\t\t\t\t<span class=\"elementor-button-content-wrapper\">\n\t\t\t\t\t\t\t\t\t<span class=\"elementor-button-text\">Sobre a Uniesp s.a.<\/span>\n\t\t\t\t\t<\/span>\n\t\t\t\t\t<\/a>\n\t\t\t\t<\/div>\n\t\t\t\t\t\t\t\t<\/div>\n\t\t\t\t<\/div>\n\t\t\t\t\t<\/div>\n\t\t<\/div>\n\t\t\t\t\t<\/div>\n\t\t<\/section>\n\t\t\t\t<section class=\"elementor-section elementor-top-section elementor-element elementor-element-71f2000 elementor-section-boxed elementor-section-height-default elementor-section-height-default\" data-id=\"71f2000\" data-element_type=\"section\" data-e-type=\"section\" data-settings=\"{&quot;background_background&quot;:&quot;classic&quot;,&quot;ekit_has_onepagescroll_dot&quot;:&quot;yes&quot;}\">\n\t\t\t\t\t\t<div class=\"elementor-container elementor-column-gap-default\">\n\t\t\t\t\t<div class=\"elementor-column elementor-col-50 elementor-top-column elementor-element elementor-element-3aecf9f\" data-id=\"3aecf9f\" data-element_type=\"column\" data-e-type=\"column\">\n\t\t\t<div class=\"elementor-widget-wrap elementor-element-populated\">\n\t\t\t\t\t\t<div class=\"elementor-element elementor-element-da12196 elementor-widget elementor-widget-image\" data-id=\"da12196\" data-element_type=\"widget\" data-e-type=\"widget\" data-settings=\"{&quot;ekit_we_effect_on&quot;:&quot;none&quot;}\" data-widget_type=\"image.default\">\n\t\t\t\t<div class=\"elementor-widget-container\">\n\t\t\t\t\t\t\t\t\t\t\t\t\t\t\t<img fetchpriority=\"high\" decoding=\"async\" width=\"612\" height=\"357\" src=\"https:\/\/uniespsa.com.br\/fasp\/wp-content\/uploads\/sites\/2\/2025\/03\/fundo-base-atuacao.jpg\" class=\"attachment-full size-full wp-image-1375\" alt=\"\" srcset=\"https:\/\/uniespsa.com.br\/fasp\/wp-content\/uploads\/sites\/2\/2025\/03\/fundo-base-atuacao.jpg 612w, https:\/\/uniespsa.com.br\/fasp\/wp-content\/uploads\/sites\/2\/2025\/03\/fundo-base-atuacao-300x175.jpg 300w\" sizes=\"(max-width: 612px) 100vw, 612px\" \/>\t\t\t\t\t\t\t\t\t\t\t\t\t\t\t<\/div>\n\t\t\t\t<\/div>\n\t\t\t\t\t<\/div>\n\t\t<\/div>\n\t\t\t\t<div class=\"elementor-column elementor-col-50 elementor-top-column elementor-element elementor-element-ad7e588\" data-id=\"ad7e588\" data-element_type=\"column\" data-e-type=\"column\">\n\t\t\t<div class=\"elementor-widget-wrap elementor-element-populated\">\n\t\t\t\t\t\t<div class=\"elementor-element elementor-element-ff69d4a elementor-widget elementor-widget-text-editor\" data-id=\"ff69d4a\" data-element_type=\"widget\" data-e-type=\"widget\" data-settings=\"{&quot;ekit_we_effect_on&quot;:&quot;none&quot;}\" data-widget_type=\"text-editor.default\">\n\t\t\t\t<div class=\"elementor-widget-container\">\n\t\t\t\t\t\t\t\t\t<p><strong>Informa\u00e7\u00f5es gerais sobre a institui\u00e7\u00e3o<\/strong><\/p>\t\t\t\t\t\t\t\t<\/div>\n\t\t\t\t<\/div>\n\t\t\t\t<div class=\"elementor-element elementor-element-b4fd0df elementor-widget elementor-widget-text-editor\" data-id=\"b4fd0df\" data-element_type=\"widget\" data-e-type=\"widget\" data-settings=\"{&quot;ekit_we_effect_on&quot;:&quot;none&quot;}\" data-widget_type=\"text-editor.default\">\n\t\t\t\t<div class=\"elementor-widget-container\">\n\t\t\t\t\t\t\t\t\t<p>Faculdade de S\u00e3o Paulo<br \/>Sigla: FASP<br \/>Mantenedora: UNIESP S.A.<br \/>Organiza\u00e7\u00e3o Acad\u00eamica: Ensino Superior<br \/>Categoria Administrativa: Privada<br \/>Endere\u00e7o: Rua \u00c1lvares Penteado n\u00ba 139\/180\/216 \u2013 Centro \u2013 CEP: 01012-000 \u2013 S\u00e3o Paulo\/SP<\/p><p><strong>Ato Autorizativo (Credenciamento da FASP)<br \/><\/strong>Portaria MEC n\u00ba 0000\/0000<br \/>Data do Documento: 00\/00\/0000<br \/>Data da Publica\u00e7\u00e3o no Di\u00e1rio Oficial da Uni\u00e3o: 00\/00\/0000<\/p>\t\t\t\t\t\t\t\t<\/div>\n\t\t\t\t<\/div>\n\t\t\t\t\t<\/div>\n\t\t<\/div>\n\t\t\t\t\t<\/div>\n\t\t<\/section>\n\t\t\t\t<section class=\"elementor-section elementor-top-section elementor-element elementor-element-e755645 elementor-section-boxed elementor-section-height-default elementor-section-height-default elementor-invisible\" data-id=\"e755645\" data-element_type=\"section\" data-e-type=\"section\" data-settings=\"{&quot;animation&quot;:&quot;fadeInUp&quot;,&quot;ekit_has_onepagescroll_dot&quot;:&quot;yes&quot;}\">\n\t\t\t\t\t\t<div class=\"elementor-container elementor-column-gap-default\">\n\t\t\t\t\t<div class=\"elementor-column elementor-col-100 elementor-top-column elementor-element elementor-element-a520320\" data-id=\"a520320\" data-element_type=\"column\" data-e-type=\"column\">\n\t\t\t<div class=\"elementor-widget-wrap elementor-element-populated\">\n\t\t\t\t\t\t<div class=\"elementor-element elementor-element-88f7d39 elementor-view-stacked elementor-position-inline-start elementor-shape-circle elementor-mobile-position-block-start elementor-widget elementor-widget-icon-box\" data-id=\"88f7d39\" data-element_type=\"widget\" data-e-type=\"widget\" data-settings=\"{&quot;ekit_we_effect_on&quot;:&quot;none&quot;}\" data-widget_type=\"icon-box.default\">\n\t\t\t\t<div class=\"elementor-widget-container\">\n\t\t\t\t\t\t\t<div class=\"elementor-icon-box-wrapper\">\n\n\t\t\t\t\t\t<div class=\"elementor-icon-box-icon\">\n\t\t\t\t<span  class=\"elementor-icon\">\n\t\t\t\t<i aria-hidden=\"true\" class=\"fas fa-chart-line\"><\/i>\t\t\t\t<\/span>\n\t\t\t<\/div>\n\t\t\t\n\t\t\t\t\t\t<div class=\"elementor-icon-box-content\">\n\n\t\t\t\t\t\t\t\t\t<h3 class=\"elementor-icon-box-title\">\n\t\t\t\t\t\t<span  >\n\t\t\t\t\t\t\tMiss\u00e3o\t\t\t\t\t\t<\/span>\n\t\t\t\t\t<\/h3>\n\t\t\t\t\n\t\t\t\t\t\t\t\t\t<p class=\"elementor-icon-box-description\">\n\t\t\t\t\t\tAlcan\u00e7ar a oferta e a Pr\u00e1tica de uma Educa\u00e7\u00e3o Solid\u00e1ria, possibilitando o saber para ser e fazer.\n\nO possibilitar o saber se expressa pelo compromisso com a busca da verdade, atrav\u00e9s de um ensino de qualidade, comprometimento com a difus\u00e3o, atrav\u00e9s da pesquisa e extens\u00e3o, e do conhecimento produzido pela comunidade acad\u00eamica;\n\nPara ser \u00e9 o comprometimento com a forma\u00e7\u00e3o do ser humano capaz de exercer a cidadania em sua plenitude e pautar-se pelos princ\u00edpios \u00e9ticos;\n\nPara fazer significa o comprometimento com a forma\u00e7\u00e3o de profissionais competentes no exerc\u00edcio da profiss\u00e3o e capazes de assumir, com autonomia, o processo de forma\u00e7\u00e3o continuada.\t\t\t\t\t<\/p>\n\t\t\t\t\n\t\t\t<\/div>\n\t\t\t\n\t\t<\/div>\n\t\t\t\t\t\t<\/div>\n\t\t\t\t<\/div>\n\t\t\t\t\t<\/div>\n\t\t<\/div>\n\t\t\t\t\t<\/div>\n\t\t<\/section>\n\t\t\t\t<section class=\"elementor-section elementor-top-section elementor-element elementor-element-ee73628 elementor-section-boxed elementor-section-height-default elementor-section-height-default elementor-invisible\" data-id=\"ee73628\" data-element_type=\"section\" data-e-type=\"section\" data-settings=\"{&quot;animation&quot;:&quot;fadeInUp&quot;,&quot;ekit_has_onepagescroll_dot&quot;:&quot;yes&quot;}\">\n\t\t\t\t\t\t<div class=\"elementor-container elementor-column-gap-default\">\n\t\t\t\t\t<div class=\"elementor-column elementor-col-100 elementor-top-column elementor-element elementor-element-1ab05cc\" data-id=\"1ab05cc\" data-element_type=\"column\" data-e-type=\"column\">\n\t\t\t<div class=\"elementor-widget-wrap elementor-element-populated\">\n\t\t\t\t\t\t<div class=\"elementor-element elementor-element-f7e46a6 elementor-view-stacked elementor-position-inline-start elementor-shape-circle elementor-mobile-position-block-start elementor-widget elementor-widget-icon-box\" data-id=\"f7e46a6\" data-element_type=\"widget\" data-e-type=\"widget\" data-settings=\"{&quot;ekit_we_effect_on&quot;:&quot;none&quot;}\" data-widget_type=\"icon-box.default\">\n\t\t\t\t<div class=\"elementor-widget-container\">\n\t\t\t\t\t\t\t<div class=\"elementor-icon-box-wrapper\">\n\n\t\t\t\t\t\t<div class=\"elementor-icon-box-icon\">\n\t\t\t\t<span  class=\"elementor-icon\">\n\t\t\t\t<i aria-hidden=\"true\" class=\"fas fa-eye\"><\/i>\t\t\t\t<\/span>\n\t\t\t<\/div>\n\t\t\t\n\t\t\t\t\t\t<div class=\"elementor-icon-box-content\">\n\n\t\t\t\t\t\t\t\t\t<h3 class=\"elementor-icon-box-title\">\n\t\t\t\t\t\t<span  >\n\t\t\t\t\t\t\tVis\u00e3o\t\t\t\t\t\t<\/span>\n\t\t\t\t\t<\/h3>\n\t\t\t\t\n\t\t\t\t\t\t\t\t\t<p class=\"elementor-icon-box-description\">\n\t\t\t\t\t\tA Vis\u00e3o representa o estado em que a institui\u00e7\u00e3o busca estar no futuro. Para isso, \u00e9 necess\u00e1rio direcionar seus esfor\u00e7os, de forma abrangente, tomando decis\u00f5es para expandir-se no cen\u00e1rio atual.\n<b>A FACULDADE DE S\u00c3O PAULO<\/b> tem como vis\u00e3o a expans\u00e3o do ensino de qualidade, possibilitando a inclus\u00e3o das pessoas menos favorecidas, por todas as regi\u00f5es do territ\u00f3rio brasileiro. Esta vis\u00e3o est\u00e1 aliada \u00e0s orienta\u00e7\u00f5es contidas nas Diretrizes Curriculares Nacionais que recomendam formatos de cursos que busquem criar oportunidades de estudos independentes para que os alunos venham a desenvolver a sua progressiva autonomia intelectual.\t\t\t\t\t<\/p>\n\t\t\t\t\n\t\t\t<\/div>\n\t\t\t\n\t\t<\/div>\n\t\t\t\t\t\t<\/div>\n\t\t\t\t<\/div>\n\t\t\t\t\t<\/div>\n\t\t<\/div>\n\t\t\t\t\t<\/div>\n\t\t<\/section>\n\t\t\t\t<section class=\"elementor-section elementor-top-section elementor-element elementor-element-2289e51 elementor-section-boxed elementor-section-height-default elementor-section-height-default elementor-invisible\" data-id=\"2289e51\" data-element_type=\"section\" data-e-type=\"section\" data-settings=\"{&quot;animation&quot;:&quot;fadeInUp&quot;,&quot;ekit_has_onepagescroll_dot&quot;:&quot;yes&quot;}\">\n\t\t\t\t\t\t<div class=\"elementor-container elementor-column-gap-default\">\n\t\t\t\t\t<div class=\"elementor-column elementor-col-100 elementor-top-column elementor-element elementor-element-573b97f\" data-id=\"573b97f\" data-element_type=\"column\" data-e-type=\"column\">\n\t\t\t<div class=\"elementor-widget-wrap elementor-element-populated\">\n\t\t\t\t\t\t<div class=\"elementor-element elementor-element-41aec33 elementor-view-stacked elementor-position-inline-start elementor-shape-circle elementor-mobile-position-block-start elementor-widget elementor-widget-icon-box\" data-id=\"41aec33\" data-element_type=\"widget\" data-e-type=\"widget\" data-settings=\"{&quot;ekit_we_effect_on&quot;:&quot;none&quot;}\" data-widget_type=\"icon-box.default\">\n\t\t\t\t<div class=\"elementor-widget-container\">\n\t\t\t\t\t\t\t<div class=\"elementor-icon-box-wrapper\">\n\n\t\t\t\t\t\t<div class=\"elementor-icon-box-icon\">\n\t\t\t\t<span  class=\"elementor-icon\">\n\t\t\t\t<i aria-hidden=\"true\" class=\"far fa-star\"><\/i>\t\t\t\t<\/span>\n\t\t\t<\/div>\n\t\t\t\n\t\t\t\t\t\t<div class=\"elementor-icon-box-content\">\n\n\t\t\t\t\t\t\t\t\t<h3 class=\"elementor-icon-box-title\">\n\t\t\t\t\t\t<span  >\n\t\t\t\t\t\t\tValores\t\t\t\t\t\t<\/span>\n\t\t\t\t\t<\/h3>\n\t\t\t\t\n\t\t\t\t\t\t\t\t\t<p class=\"elementor-icon-box-description\">\n\t\t\t\t\t\tPor Valores entende-se o conjunto das cren\u00e7as e princ\u00edpios que orientam as atividades de uma organiza\u00e7\u00e3o. Eles se expressam pelos padr\u00f5es de conduta praticados pela institui\u00e7\u00e3o. Neste sentido, a FACULDADE DE S\u00c3O PAULO se pauta pelos seguintes princ\u00edpios: <br>\n\nResponsabilidade social, Compromisso social, Aten\u00e7\u00e3o \u00e0 inova\u00e7\u00e3o, Respeito \u00e0 diversidade, Busca constante pela qualidade, \u00c9tica e transpar\u00eancia\t\t\t\t\t<\/p>\n\t\t\t\t\n\t\t\t<\/div>\n\t\t\t\n\t\t<\/div>\n\t\t\t\t\t\t<\/div>\n\t\t\t\t<\/div>\n\t\t\t\t\t<\/div>\n\t\t<\/div>\n\t\t\t\t\t<\/div>\n\t\t<\/section>\n\t\t\t\t<section class=\"elementor-section elementor-top-section elementor-element elementor-element-5687ab0 elementor-section-boxed elementor-section-height-default elementor-section-height-default\" data-id=\"5687ab0\" data-element_type=\"section\" data-e-type=\"section\" data-settings=\"{&quot;background_background&quot;:&quot;classic&quot;,&quot;ekit_has_onepagescroll_dot&quot;:&quot;yes&quot;}\">\n\t\t\t\t\t\t<div class=\"elementor-container elementor-column-gap-default\">\n\t\t\t\t\t<div class=\"elementor-column elementor-col-50 elementor-top-column elementor-element elementor-element-4304a76\" data-id=\"4304a76\" data-element_type=\"column\" data-e-type=\"column\">\n\t\t\t<div class=\"elementor-widget-wrap elementor-element-populated\">\n\t\t\t\t\t\t<div class=\"elementor-element elementor-element-925be44 elementor-widget elementor-widget-image\" data-id=\"925be44\" data-element_type=\"widget\" data-e-type=\"widget\" data-settings=\"{&quot;ekit_we_effect_on&quot;:&quot;none&quot;}\" data-widget_type=\"image.default\">\n\t\t\t\t<div class=\"elementor-widget-container\">\n\t\t\t\t\t\t\t\t\t\t\t\t\t\t\t<img decoding=\"async\" width=\"610\" height=\"612\" src=\"https:\/\/uniespsa.com.br\/fasp\/wp-content\/uploads\/sites\/2\/2025\/12\/diretor-renato.jpg\" class=\"attachment-full size-full wp-image-5428\" alt=\"\" srcset=\"https:\/\/uniespsa.com.br\/fasp\/wp-content\/uploads\/sites\/2\/2025\/12\/diretor-renato.jpg 610w, https:\/\/uniespsa.com.br\/fasp\/wp-content\/uploads\/sites\/2\/2025\/12\/diretor-renato-300x300.jpg 300w, https:\/\/uniespsa.com.br\/fasp\/wp-content\/uploads\/sites\/2\/2025\/12\/diretor-renato-150x150.jpg 150w\" sizes=\"(max-width: 610px) 100vw, 610px\" \/>\t\t\t\t\t\t\t\t\t\t\t\t\t\t\t<\/div>\n\t\t\t\t<\/div>\n\t\t\t\t\t<\/div>\n\t\t<\/div>\n\t\t\t\t<div class=\"elementor-column elementor-col-50 elementor-top-column elementor-element elementor-element-519fe3a elementor-invisible\" data-id=\"519fe3a\" data-element_type=\"column\" data-e-type=\"column\" data-settings=\"{&quot;animation&quot;:&quot;fadeInUp&quot;}\">\n\t\t\t<div class=\"elementor-widget-wrap elementor-element-populated\">\n\t\t\t\t\t\t<div class=\"elementor-element elementor-element-5e870d1 elementor-widget elementor-widget-icon-box\" data-id=\"5e870d1\" data-element_type=\"widget\" data-e-type=\"widget\" data-settings=\"{&quot;ekit_we_effect_on&quot;:&quot;none&quot;}\" data-widget_type=\"icon-box.default\">\n\t\t\t\t<div class=\"elementor-widget-container\">\n\t\t\t\t\t\t\t<div class=\"elementor-icon-box-wrapper\">\n\n\t\t\t\n\t\t\t\t\t\t<div class=\"elementor-icon-box-content\">\n\n\t\t\t\t\t\t\t\t\t<h2 class=\"elementor-icon-box-title\">\n\t\t\t\t\t\t<span  >\n\t\t\t\t\t\t\tDire\u00e7\u00e3o\t\t\t\t\t\t<\/span>\n\t\t\t\t\t<\/h2>\n\t\t\t\t\n\t\t\t\t\t\t\t\t\t<p class=\"elementor-icon-box-description\">\n\t\t\t\t\t\tPROF. RENATO MOREIRA FIGUEIREDO\t\t\t\t\t<\/p>\n\t\t\t\t\n\t\t\t<\/div>\n\t\t\t\n\t\t<\/div>\n\t\t\t\t\t\t<\/div>\n\t\t\t\t<\/div>\n\t\t\t\t<div class=\"elementor-element elementor-element-0b93560 elementor-widget elementor-widget-text-editor\" data-id=\"0b93560\" data-element_type=\"widget\" data-e-type=\"widget\" data-settings=\"{&quot;ekit_we_effect_on&quot;:&quot;none&quot;}\" data-widget_type=\"text-editor.default\">\n\t\t\t\t<div class=\"elementor-widget-container\">\n\t\t\t\t\t\t\t\t\t<p>Advogado, mestre em Direitos Difusos e Coletivos, com s\u00f3lida forma\u00e7\u00e3o acad\u00eamica e ampla atua\u00e7\u00e3o no ensino jur\u00eddico. Possui especializa\u00e7\u00f5es em Direito Penal, Processual Penal, Direito Tribut\u00e1rio e Direito Eleitoral, aliando conhecimento t\u00e9cnico aprofundado \u00e0 experi\u00eancia acad\u00eamica e institucional. Atua como coordenador de curso e professor universit\u00e1rio, com dom\u00ednio nas \u00e1reas penal e processual penal, al\u00e9m de forte participa\u00e7\u00e3o em atividades de forma\u00e7\u00e3o jur\u00eddica, gest\u00e3o acad\u00eamica e desenvolvimento cient\u00edfico. Sua trajet\u00f3ria \u00e9 marcada pelo compromisso com a excel\u00eancia no ensino, na pesquisa e no fortalecimento das pr\u00e1ticas jur\u00eddicas contempor\u00e2neas.<\/p>\t\t\t\t\t\t\t\t<\/div>\n\t\t\t\t<\/div>\n\t\t\t\t<div class=\"elementor-element elementor-element-346f455 elementor-widget elementor-widget-text-editor\" data-id=\"346f455\" data-element_type=\"widget\" data-e-type=\"widget\" data-settings=\"{&quot;ekit_we_effect_on&quot;:&quot;none&quot;}\" data-widget_type=\"text-editor.default\">\n\t\t\t\t<div class=\"elementor-widget-container\">\n\t\t\t\t\t\t\t\t\t<p>Fale com o diretor<\/p>\t\t\t\t\t\t\t\t<\/div>\n\t\t\t\t<\/div>\n\t\t\t\t<div class=\"elementor-element elementor-element-756f6b5 elementor-mobile-align-center elementor-icon-list--layout-traditional elementor-list-item-link-full_width elementor-widget elementor-widget-icon-list\" data-id=\"756f6b5\" data-element_type=\"widget\" data-e-type=\"widget\" data-settings=\"{&quot;ekit_we_effect_on&quot;:&quot;none&quot;}\" data-widget_type=\"icon-list.default\">\n\t\t\t\t<div class=\"elementor-widget-container\">\n\t\t\t\t\t\t\t<ul class=\"elementor-icon-list-items\">\n\t\t\t\t\t\t\t<li class=\"elementor-icon-list-item\">\n\t\t\t\t\t\t\t\t\t\t\t<span class=\"elementor-icon-list-icon\">\n\t\t\t\t\t\t\t<i aria-hidden=\"true\" class=\"fas fa-envelope\"><\/i>\t\t\t\t\t\t<\/span>\n\t\t\t\t\t\t\t\t\t\t<span class=\"elementor-icon-list-text\">renato.mfigueiredo@uniesp.edu.br<\/span>\n\t\t\t\t\t\t\t\t\t<\/li>\n\t\t\t\t\t\t<\/ul>\n\t\t\t\t\t\t<\/div>\n\t\t\t\t<\/div>\n\t\t\t\t\t<\/div>\n\t\t<\/div>\n\t\t\t\t\t<\/div>\n\t\t<\/section>\n\t\t\t\t<\/div>\n\t\t","protected":false},"excerpt":{"rendered":"<p>Conhe\u00e7a a hist\u00f3ria da nossa faculdade e o compromisso com o seu futuro acad\u00eamico e profissional Sobre n\u00f3s Breve Hist\u00f3rico da FACULDADE DE S\u00c3O PAULO Toda grande institui\u00e7\u00e3o nasce de uma iniciativa simples, e isso n\u00e3o foi diferente com a Uni\u00e3o das Institui\u00e7\u00f5es Educacionais do Estado de S\u00e3o Paulo, a UNIESP. Em 1997, a pedra [&hellip;]<\/p>\n","protected":false},"author":1,"featured_media":0,"parent":0,"menu_order":0,"comment_status":"closed","ping_status":"closed","template":"elementor_header_footer","meta":{"footnotes":""},"class_list":["post-1348","page","type-page","status-publish","hentry"],"_links":{"self":[{"href":"https:\/\/uniespsa.com.br\/fasp\/wp-json\/wp\/v2\/pages\/1348","targetHints":{"allow":["GET"]}}],"collection":[{"href":"https:\/\/uniespsa.com.br\/fasp\/wp-json\/wp\/v2\/pages"}],"about":[{"href":"https:\/\/uniespsa.com.br\/fasp\/wp-json\/wp\/v2\/types\/page"}],"author":[{"embeddable":true,"href":"https:\/\/uniespsa.com.br\/fasp\/wp-json\/wp\/v2\/users\/1"}],"replies":[{"embeddable":true,"href":"https:\/\/uniespsa.com.br\/fasp\/wp-json\/wp\/v2\/comments?post=1348"}],"version-history":[{"count":0,"href":"https:\/\/uniespsa.com.br\/fasp\/wp-json\/wp\/v2\/pages\/1348\/revisions"}],"wp:attachment":[{"href":"https:\/\/uniespsa.com.br\/fasp\/wp-json\/wp\/v2\/media?parent=1348"}],"curies":[{"name":"wp","href":"https:\/\/api.w.org\/{rel}","templated":true}]}}