{"id":2469,"date":"2025-03-13T14:37:53","date_gmt":"2025-03-13T17:37:53","guid":{"rendered":"https:\/\/uniespsa.com.br\/fasp\/?page_id=2469"},"modified":"2025-03-21T17:05:30","modified_gmt":"2025-03-21T20:05:30","slug":"colap-prouni","status":"publish","type":"page","link":"https:\/\/uniespsa.com.br\/fasp\/colap-prouni\/","title":{"rendered":"Colap Prouni"},"content":{"rendered":"\t\t<div data-elementor-type=\"wp-page\" data-elementor-id=\"2469\" class=\"elementor elementor-2469\" data-elementor-post-type=\"page\">\n\t\t\t\t\t\t<section class=\"elementor-section elementor-top-section elementor-element elementor-element-3043515 elementor-section-height-min-height elementor-section-boxed elementor-section-height-default elementor-section-items-middle\" data-id=\"3043515\" data-element_type=\"section\" data-e-type=\"section\" data-settings=\"{&quot;background_background&quot;:&quot;gradient&quot;,&quot;ekit_has_onepagescroll_dot&quot;:&quot;yes&quot;}\">\n\t\t\t\t\t\t\t<div class=\"elementor-background-overlay\"><\/div>\n\t\t\t\t\t\t\t<div class=\"elementor-container elementor-column-gap-default\">\n\t\t\t\t\t<div class=\"elementor-column elementor-col-100 elementor-top-column elementor-element elementor-element-0c05eb7\" data-id=\"0c05eb7\" data-element_type=\"column\" data-e-type=\"column\">\n\t\t\t<div class=\"elementor-widget-wrap elementor-element-populated\">\n\t\t\t\t\t\t<div class=\"elementor-element elementor-element-3d7215a elementor-widget-divider--view-line elementor-widget elementor-widget-divider\" data-id=\"3d7215a\" data-element_type=\"widget\" data-e-type=\"widget\" data-settings=\"{&quot;ekit_we_effect_on&quot;:&quot;none&quot;}\" data-widget_type=\"divider.default\">\n\t\t\t\t<div class=\"elementor-widget-container\">\n\t\t\t\t\t\t\t<div class=\"elementor-divider\">\n\t\t\t<span class=\"elementor-divider-separator\">\n\t\t\t\t\t\t<\/span>\n\t\t<\/div>\n\t\t\t\t\t\t<\/div>\n\t\t\t\t<\/div>\n\t\t\t\t<div class=\"elementor-element elementor-element-e55fda7 elementor-widget elementor-widget-text-editor\" data-id=\"e55fda7\" data-element_type=\"widget\" data-e-type=\"widget\" data-settings=\"{&quot;ekit_we_effect_on&quot;:&quot;none&quot;}\" data-widget_type=\"text-editor.default\">\n\t\t\t\t<div class=\"elementor-widget-container\">\n\t\t\t\t\t\t\t\t\t<div class=\"elementor-element elementor-element-a6cbdcf elementor-widget elementor-widget-text-editor\" data-id=\"a6cbdcf\" data-element_type=\"widget\" data-settings=\"{\" data-widget_type=\"text-editor.default\"><div class=\"elementor-widget-container\"><div class=\"elementor-text-editor elementor-clearfix\"><p><strong>Saiba mais sobre o COLAP, respons\u00e1vel por garantir a implementa\u00e7\u00e3o eficaz do PROUNI em nossa institui\u00e7\u00e3o<\/strong><\/p><\/div><\/div><\/div>\t\t\t\t\t\t\t\t<\/div>\n\t\t\t\t<\/div>\n\t\t\t\t\t<\/div>\n\t\t<\/div>\n\t\t\t\t\t<\/div>\n\t\t<\/section>\n\t\t\t\t<section class=\"elementor-section elementor-top-section elementor-element elementor-element-a226111 elementor-section-boxed elementor-section-height-default elementor-section-height-default\" data-id=\"a226111\" data-element_type=\"section\" data-e-type=\"section\" data-settings=\"{&quot;ekit_has_onepagescroll_dot&quot;:&quot;yes&quot;}\">\n\t\t\t\t\t\t<div class=\"elementor-container elementor-column-gap-default\">\n\t\t\t\t\t<div class=\"elementor-column elementor-col-100 elementor-top-column elementor-element elementor-element-41f216f elementor-invisible\" data-id=\"41f216f\" data-element_type=\"column\" data-e-type=\"column\" data-settings=\"{&quot;animation&quot;:&quot;fadeInUp&quot;}\">\n\t\t\t<div class=\"elementor-widget-wrap elementor-element-populated\">\n\t\t\t\t\t\t<div class=\"elementor-element elementor-element-5749056 elementor-widget elementor-widget-icon-box\" data-id=\"5749056\" data-element_type=\"widget\" data-e-type=\"widget\" data-settings=\"{&quot;ekit_we_effect_on&quot;:&quot;none&quot;}\" data-widget_type=\"icon-box.default\">\n\t\t\t\t<div class=\"elementor-widget-container\">\n\t\t\t\t\t\t\t<div class=\"elementor-icon-box-wrapper\">\n\n\t\t\t\n\t\t\t\t\t\t<div class=\"elementor-icon-box-content\">\n\n\t\t\t\t\t\t\t\t\t<h2 class=\"elementor-icon-box-title\">\n\t\t\t\t\t\t<span  >\n\t\t\t\t\t\t\tCOLAP\t\t\t\t\t\t<\/span>\n\t\t\t\t\t<\/h2>\n\t\t\t\t\n\t\t\t\t\t\t\t\t\t<p class=\"elementor-icon-box-description\">\n\t\t\t\t\t\tO QUE \u00c9 A COLAP?\t\t\t\t\t<\/p>\n\t\t\t\t\n\t\t\t<\/div>\n\t\t\t\n\t\t<\/div>\n\t\t\t\t\t\t<\/div>\n\t\t\t\t<\/div>\n\t\t\t\t<div class=\"elementor-element elementor-element-33eef04 elementor-widget elementor-widget-text-editor\" data-id=\"33eef04\" data-element_type=\"widget\" data-e-type=\"widget\" data-settings=\"{&quot;ekit_we_effect_on&quot;:&quot;none&quot;}\" data-widget_type=\"text-editor.default\">\n\t\t\t\t<div class=\"elementor-widget-container\">\n\t\t\t\t\t\t\t\t\t<p>\u00c9 um \u00f3rg\u00e3o colegiado, de natureza consultiva, institu\u00edda em cada Institui\u00e7\u00e3o de Ensino Superior &#8211; IES participante do Prouni, e possui fun\u00e7\u00e3o preponderante de acompanhar, averiguar e fiscalizar a implementa\u00e7\u00e3o local do Prouni nas IES, devendo promover tamb\u00e9m a articula\u00e7\u00e3o entre a CONAP e a comunidade acad\u00eamica das IES, com vistas ao seu constante aperfei\u00e7oamento<\/p>\t\t\t\t\t\t\t\t<\/div>\n\t\t\t\t<\/div>\n\t\t\t\t\t<\/div>\n\t\t<\/div>\n\t\t\t\t\t<\/div>\n\t\t<\/section>\n\t\t\t\t<section class=\"elementor-section elementor-top-section elementor-element elementor-element-b0a3108 elementor-section-boxed elementor-section-height-default elementor-section-height-default\" data-id=\"b0a3108\" data-element_type=\"section\" data-e-type=\"section\" data-settings=\"{&quot;background_background&quot;:&quot;classic&quot;,&quot;ekit_has_onepagescroll_dot&quot;:&quot;yes&quot;}\">\n\t\t\t\t\t\t<div class=\"elementor-container elementor-column-gap-default\">\n\t\t\t\t\t<div class=\"elementor-column elementor-col-50 elementor-top-column elementor-element elementor-element-d7403bc\" data-id=\"d7403bc\" data-element_type=\"column\" data-e-type=\"column\">\n\t\t\t<div class=\"elementor-widget-wrap elementor-element-populated\">\n\t\t\t\t\t\t<div class=\"elementor-element elementor-element-2096288 elementor-widget elementor-widget-image\" data-id=\"2096288\" data-element_type=\"widget\" data-e-type=\"widget\" data-settings=\"{&quot;ekit_we_effect_on&quot;:&quot;none&quot;}\" data-widget_type=\"image.default\">\n\t\t\t\t<div class=\"elementor-widget-container\">\n\t\t\t\t\t\t\t\t\t\t\t\t\t\t\t<img fetchpriority=\"high\" decoding=\"async\" width=\"612\" height=\"408\" src=\"https:\/\/uniespsa.com.br\/fasp\/wp-content\/uploads\/sites\/2\/2025\/03\/colap.jpg\" class=\"attachment-full size-full wp-image-2473\" alt=\"\" srcset=\"https:\/\/uniespsa.com.br\/fasp\/wp-content\/uploads\/sites\/2\/2025\/03\/colap.jpg 612w, https:\/\/uniespsa.com.br\/fasp\/wp-content\/uploads\/sites\/2\/2025\/03\/colap-300x200.jpg 300w\" sizes=\"(max-width: 612px) 100vw, 612px\" \/>\t\t\t\t\t\t\t\t\t\t\t\t\t\t\t<\/div>\n\t\t\t\t<\/div>\n\t\t\t\t\t<\/div>\n\t\t<\/div>\n\t\t\t\t<div class=\"elementor-column elementor-col-50 elementor-top-column elementor-element elementor-element-e722102\" data-id=\"e722102\" data-element_type=\"column\" data-e-type=\"column\">\n\t\t\t<div class=\"elementor-widget-wrap elementor-element-populated\">\n\t\t\t\t\t\t<div class=\"elementor-element elementor-element-ba5142f elementor-widget elementor-widget-text-editor\" data-id=\"ba5142f\" data-element_type=\"widget\" data-e-type=\"widget\" data-settings=\"{&quot;ekit_we_effect_on&quot;:&quot;none&quot;}\" data-widget_type=\"text-editor.default\">\n\t\t\t\t<div class=\"elementor-widget-container\">\n\t\t\t\t\t\t\t\t\t<p><strong>Qual a finalidade?<\/strong><\/p>\t\t\t\t\t\t\t\t<\/div>\n\t\t\t\t<\/div>\n\t\t\t\t<div class=\"elementor-element elementor-element-6a93a66 elementor-widget elementor-widget-text-editor\" data-id=\"6a93a66\" data-element_type=\"widget\" data-e-type=\"widget\" data-settings=\"{&quot;ekit_we_effect_on&quot;:&quot;none&quot;}\" data-widget_type=\"text-editor.default\">\n\t\t\t\t<div class=\"elementor-widget-container\">\n\t\t\t\t\t\t\t\t\t<p>Tem a finalidade de aprimorar a rela\u00e7\u00e3o acad\u00eamica entre os bolsistas Prouni e a IES. Uma vez instalada em cada endere\u00e7o de oferta de bolsas das IES participantes do Prouni, o intuito \u00e9 de que a COLAP tenha mais proximidade \u00e0 realidade acad\u00eamica de cada IES, podendo atender os questionamentos levantados atrav\u00e9s de reclama\u00e7\u00f5es, den\u00fancias, cr\u00edticas e sugest\u00f5es da comunidade do Prouni e dirigidas \u00e0 Comiss\u00e3o.<\/p>\t\t\t\t\t\t\t\t<\/div>\n\t\t\t\t<\/div>\n\t\t\t\t\t<\/div>\n\t\t<\/div>\n\t\t\t\t\t<\/div>\n\t\t<\/section>\n\t\t\t\t<section class=\"elementor-section elementor-top-section elementor-element elementor-element-6d1a8c6 elementor-section-boxed elementor-section-height-default elementor-section-height-default\" data-id=\"6d1a8c6\" data-element_type=\"section\" data-e-type=\"section\" data-settings=\"{&quot;background_background&quot;:&quot;classic&quot;,&quot;ekit_has_onepagescroll_dot&quot;:&quot;yes&quot;}\">\n\t\t\t\t\t\t<div class=\"elementor-container elementor-column-gap-default\">\n\t\t\t\t\t<div class=\"elementor-column elementor-col-100 elementor-top-column elementor-element elementor-element-f44c72c elementor-invisible\" data-id=\"f44c72c\" data-element_type=\"column\" data-e-type=\"column\" data-settings=\"{&quot;animation&quot;:&quot;fadeInUp&quot;}\">\n\t\t\t<div class=\"elementor-widget-wrap elementor-element-populated\">\n\t\t\t\t\t\t<div class=\"elementor-element elementor-element-8942fe2 elementor-widget elementor-widget-icon-box\" data-id=\"8942fe2\" data-element_type=\"widget\" data-e-type=\"widget\" data-settings=\"{&quot;ekit_we_effect_on&quot;:&quot;none&quot;}\" data-widget_type=\"icon-box.default\">\n\t\t\t\t<div class=\"elementor-widget-container\">\n\t\t\t\t\t\t\t<div class=\"elementor-icon-box-wrapper\">\n\n\t\t\t\n\t\t\t\t\t\t<div class=\"elementor-icon-box-content\">\n\n\t\t\t\t\n\t\t\t\t\t\t\t\t\t<p class=\"elementor-icon-box-description\">\n\t\t\t\t\t\tHor\u00e1rio de atendimento\t\t\t\t\t<\/p>\n\t\t\t\t\n\t\t\t<\/div>\n\t\t\t\n\t\t<\/div>\n\t\t\t\t\t\t<\/div>\n\t\t\t\t<\/div>\n\t\t\t\t<div class=\"elementor-element elementor-element-67edae3 elementor-widget elementor-widget-text-editor\" data-id=\"67edae3\" data-element_type=\"widget\" data-e-type=\"widget\" data-settings=\"{&quot;ekit_we_effect_on&quot;:&quot;none&quot;}\" data-widget_type=\"text-editor.default\">\n\t\t\t\t<div class=\"elementor-widget-container\">\n\t\t\t\t\t\t\t\t\t<p>Segunda e Quarta Feira <br \/>das 11:00 hrs as 13:00hrs e das 17:00 hrs as 19:00hrs<\/p>\t\t\t\t\t\t\t\t<\/div>\n\t\t\t\t<\/div>\n\t\t\t\t\t<\/div>\n\t\t<\/div>\n\t\t\t\t\t<\/div>\n\t\t<\/section>\n\t\t\t\t<section class=\"elementor-section elementor-top-section elementor-element elementor-element-127cadc elementor-section-boxed elementor-section-height-default elementor-section-height-default\" data-id=\"127cadc\" data-element_type=\"section\" data-e-type=\"section\" data-settings=\"{&quot;ekit_has_onepagescroll_dot&quot;:&quot;yes&quot;}\">\n\t\t\t\t\t\t<div class=\"elementor-container elementor-column-gap-default\">\n\t\t\t\t\t<div class=\"elementor-column elementor-col-100 elementor-top-column elementor-element elementor-element-4c521d5 elementor-invisible\" data-id=\"4c521d5\" data-element_type=\"column\" data-e-type=\"column\" data-settings=\"{&quot;animation&quot;:&quot;fadeInUp&quot;}\">\n\t\t\t<div class=\"elementor-widget-wrap elementor-element-populated\">\n\t\t\t\t\t\t<div class=\"elementor-element elementor-element-33271ad elementor-tabs-view-horizontal elementor-widget elementor-widget-tabs\" data-id=\"33271ad\" data-element_type=\"widget\" data-e-type=\"widget\" data-settings=\"{&quot;ekit_we_effect_on&quot;:&quot;none&quot;}\" data-widget_type=\"tabs.default\">\n\t\t\t\t<div class=\"elementor-widget-container\">\n\t\t\t\t\t\t\t<div class=\"elementor-tabs\">\n\t\t\t<div class=\"elementor-tabs-wrapper\" role=\"tablist\" >\n\t\t\t\t\t\t\t\t\t<div id=\"elementor-tab-title-5361\" class=\"elementor-tab-title elementor-tab-desktop-title\" aria-selected=\"true\" data-tab=\"1\" role=\"tab\" tabindex=\"0\" aria-controls=\"elementor-tab-content-5361\" aria-expanded=\"false\">Sobre<\/div>\n\t\t\t\t\t\t\t\t\t<div id=\"elementor-tab-title-5362\" class=\"elementor-tab-title elementor-tab-desktop-title\" aria-selected=\"false\" data-tab=\"2\" role=\"tab\" tabindex=\"-1\" aria-controls=\"elementor-tab-content-5362\" aria-expanded=\"false\">Compet\u00eancias<\/div>\n\t\t\t\t\t\t\t\t\t<div id=\"elementor-tab-title-5363\" class=\"elementor-tab-title elementor-tab-desktop-title\" aria-selected=\"false\" data-tab=\"3\" role=\"tab\" tabindex=\"-1\" aria-controls=\"elementor-tab-content-5363\" aria-expanded=\"false\">Membros<\/div>\n\t\t\t\t\t\t\t<\/div>\n\t\t\t<div class=\"elementor-tabs-content-wrapper\" role=\"tablist\" aria-orientation=\"vertical\">\n\t\t\t\t\t\t\t\t\t<div class=\"elementor-tab-title elementor-tab-mobile-title\" aria-selected=\"true\" data-tab=\"1\" role=\"tab\" tabindex=\"0\" aria-controls=\"elementor-tab-content-5361\" aria-expanded=\"false\">Sobre<\/div>\n\t\t\t\t\t<div id=\"elementor-tab-content-5361\" class=\"elementor-tab-content elementor-clearfix\" data-tab=\"1\" role=\"tabpanel\" aria-labelledby=\"elementor-tab-title-5361\" tabindex=\"0\" hidden=\"false\"><p><strong>Em quais momentos devo procurar a COLAP?<br \/><\/strong><br \/>Quando desejar obter Informa\u00e7\u00f5es sobre o PROUNI; quando for selecionado pelo PROUNI e precisar entregar a Documenta\u00e7\u00e3o para valida\u00e7\u00e3o de bolsa; ou quando desejar transferir, suspender ou encerrar o benef\u00edcio do PROUNI. Tamb\u00e9m poder\u00e1 procurar a COLAP quanto tiver questionamentos, realizar reclama\u00e7\u00f5es, den\u00fancias em rela\u00e7\u00e3o a bolsistas do Prouni.\u00a0<\/p><p>A COLAP est\u00e1 situada no 4\u00b0 andar &#8211; Rua \u00e0lvares Penteado, \u00a0 N\u00ba 139 \u00a0&#8211; Centro &#8211; S\u00e3o Paulo<\/p><\/div>\n\t\t\t\t\t\t\t\t\t<div class=\"elementor-tab-title elementor-tab-mobile-title\" aria-selected=\"false\" data-tab=\"2\" role=\"tab\" tabindex=\"-1\" aria-controls=\"elementor-tab-content-5362\" aria-expanded=\"false\">Compet\u00eancias<\/div>\n\t\t\t\t\t<div id=\"elementor-tab-content-5362\" class=\"elementor-tab-content elementor-clearfix\" data-tab=\"2\" role=\"tabpanel\" aria-labelledby=\"elementor-tab-title-5362\" tabindex=\"0\" hidden=\"hidden\"><p>O Art. 2\u00ba da Portaria n\u00ba 1.132 disp\u00f5e que compete \u00e0s Comiss\u00f5es Locais:<\/p><p>I &#8211; exercer o acompanhamento, averigua\u00e7\u00e3o e fiscaliza\u00e7\u00e3o da implementa\u00e7\u00e3o do Prouni nas Institui\u00e7\u00f5es de Ensino Superior (IES) participantes do Programa;<\/p><p>II &#8211; interagir com a comunidade acad\u00eamica e com as organiza\u00e7\u00f5es da sociedade civil, recebendo reclama\u00e7\u00f5es, den\u00fancias, cr\u00edticas e sugest\u00f5es para apresenta\u00e7\u00e3o, se for o caso, \u00e0 Comiss\u00e3o Nacional de Acompanhamento e Controle Social do Prouni &#8211; CONAP;<\/p><p>III &#8211; emitir, a cada processo seletivo, relat\u00f3rio de acompanhamento do Prouni;<\/p><p>IV &#8211; fornecer informa\u00e7\u00f5es sobre o Prouni \u00e0 CONAP.<\/p><\/div>\n\t\t\t\t\t\t\t\t\t<div class=\"elementor-tab-title elementor-tab-mobile-title\" aria-selected=\"false\" data-tab=\"3\" role=\"tab\" tabindex=\"-1\" aria-controls=\"elementor-tab-content-5363\" aria-expanded=\"false\">Membros<\/div>\n\t\t\t\t\t<div id=\"elementor-tab-content-5363\" class=\"elementor-tab-content elementor-clearfix\" data-tab=\"3\" role=\"tabpanel\" aria-labelledby=\"elementor-tab-title-5363\" tabindex=\"0\" hidden=\"hidden\"><p>Em atualiza\u00e7\u00e3o<\/p><\/div>\n\t\t\t\t\t\t\t<\/div>\n\t\t<\/div>\n\t\t\t\t\t\t<\/div>\n\t\t\t\t<\/div>\n\t\t\t\t<div class=\"elementor-element elementor-element-c1b7581 elementor-widget elementor-widget-icon-box\" data-id=\"c1b7581\" data-element_type=\"widget\" data-e-type=\"widget\" data-settings=\"{&quot;ekit_we_effect_on&quot;:&quot;none&quot;}\" data-widget_type=\"icon-box.default\">\n\t\t\t\t<div class=\"elementor-widget-container\">\n\t\t\t\t\t\t\t<div class=\"elementor-icon-box-wrapper\">\n\n\t\t\t\n\t\t\t\t\t\t<div class=\"elementor-icon-box-content\">\n\n\t\t\t\t\n\t\t\t\t\t\t\t\t\t<p class=\"elementor-icon-box-description\">\n\t\t\t\t\t\tDocumenta\u00e7\u00e3o\t\t\t\t\t<\/p>\n\t\t\t\t\n\t\t\t<\/div>\n\t\t\t\n\t\t<\/div>\n\t\t\t\t\t\t<\/div>\n\t\t\t\t<\/div>\n\t\t\t\t<div class=\"elementor-element elementor-element-c467ac6 elementor-widget elementor-widget-shortcode\" data-id=\"c467ac6\" data-element_type=\"widget\" data-e-type=\"widget\" data-settings=\"{&quot;ekit_we_effect_on&quot;:&quot;none&quot;}\" data-widget_type=\"shortcode.default\">\n\t\t\t\t<div class=\"elementor-widget-container\">\n\t\t\t\t\t\t\t<div class=\"elementor-shortcode\"><script type=\"text\/x-handlebars-template\"        id=\"wpfd-template-table-categories-15\">    <div class=\"wpfd-categories hide\">{{#if category}}{{#with category}}{{#if parent}}<a class=\"catlink backcategory\" href=\"#\" data-idcat=\"{{parent}}\">                        <i class=\"zmdi zmdi-chevron-left\"><\/i><span>Voltar<\/span><\/a>{{\/if}}{{\/with}}{{\/if}}{{#if category.desc}}<div class=\"wpfd-category-desc\">{{category.desc}}<\/div>{{\/if}}<\/div><\/script><script type=\"text\/x-handlebars-template\" id=\"wpfd-template-table-15\">    {{#if files}}    {{#each files}}    <tr class=\"file {{class}} {{ext}}\" data-id=\"{{ID}}\" data-catid=\"{{catid}}\">        <input type=\"hidden\" class=\"wpfd_file_preview_link_download\" value=\"{{linkdownload}}\" data-filetitle=\"{{post_title}}\" data-fileicons=\"ext ext-{{ext}} wpfd-icon-set-png\" \/>    <td class=\"file_title\"><a class=\"wpfd_downloadlink\" href=\"{{linkdownload}}\"  title=\"{{post_title}}\" target=\"{{#if remote_file}}_blank{{\/if}}\"><span class=\"extcol\">{{#if file_custom_icon}}<span class=\"icon-custom\"><img decoding=\"async\" src=\"{{file_custom_icon}}\"><\/span>{{else}}<span class=\"ext ext-{{ext}} wpfd-icon-set-png\"><\/span>{{\/if}}<\/span><span class=\"wpfd-file-crop-title\">{{{crop_title}}}<\/span><\/a><\/td><td class=\"file_created\">{{created}}<\/td>            <\/tr>    {{\/each}}    {{\/if}}<\/script><div class=\"wpfd-content wpfd-content-table wpfd-content-multi colstyle-hide wpfd-content-category-clouds\" data-category=\"15\"              style=\"background-color: #ffffff;\"><input type=\"hidden\" id=\"current_category_15\" value=\"15\" \/>                    <input type=\"hidden\" id=\"current_category_slug_15\" value=\"colap-documentacao\" \/>                    <input type=\"hidden\" id=\"current_ordering_15\" value=\"title\" \/>                    <input type=\"hidden\" id=\"current_ordering_direction_15\" value=\"desc\" \/>                    <input type=\"hidden\" id=\"page_limit_15\" value=\"10\" \/>                        <form action=\"\" id=\"adminForm-15\" class=\"wpfd-adminForm wpfd-form-search-file-category\" name=\"adminForm\" method=\"post\">                <input type=\"hidden\" id=\"wpfd_search_nonce\" name=\"wpfd_search_nonce\" value=\"49da101fe0\" \/><input type=\"hidden\" name=\"_wp_http_referer\" value=\"\/fasp\/wp-json\/wp\/v2\/pages\/2469\" \/>                <div id=\"loader\" style=\"display:none; text-align: center\">                    <img decoding=\"async\" src=\"https:\/\/uniespsa.com.br\/fasp\/wp-content\/plugins\/wp-file-download\/\/app\/site\/assets\/images\/searchloader.svg\" style=\"margin: 0 auto\"\/>                <\/div>                <div class=\"box-search-filter wpfd-category-search-section\">                    <div class=\"searchSection\">                        <div class=\"only-file input-group clearfix wpfd_search_input\" id=\"Search_container\">                            <img decoding=\"async\" src=\"https:\/\/uniespsa.com.br\/fasp\/wp-content\/plugins\/wp-file-download\/\/app\/site\/assets\/images\/search-24.svg\" class=\"material-icons wpfd-icon-search wpfd-search-file-category-icon\" \/>                            <input type=\"text\" class=\"pull-left required txtfilename\" name=\"q\" id=\"txtfilename\" autocomplete=\"off\" placeholder=\"Pesquisar...\" value=\"\" \/>                        <\/div>                        <button id=\"btnsearchbelow\" class=\"btnsearchbelow wpfd-btnsearchbelow\" type=\"button\">Busca<\/button>                    <\/div>                    <input type=\"hidden\" id=\"filter_catid\" class=\"chzn-select filter_catid\" name=\"catid\" value=\"15\" data-cattype=\"\" data-slug=\"\" \/>                    <input type=\"hidden\" name=\"theme\" value=\"table\">                    <input type=\"hidden\" name=\"limit\" value=\"10\">                    <div id=\"wpfd-results\" class=\"wpfd-results list-results\"><\/div>                <\/div>            <\/form>        <input type=\"hidden\" id=\"wpfd_display_empty_category_message\" value=\"0\" \/><input type=\"hidden\" id=\"wpfd_empty_category_message_val\" value=\"This file category has no files to display\" \/><input type=\"hidden\" id=\"wpfd_display_empty_folder\" value=\"1\" \/><input type=\"hidden\" id=\"wpfd_is_empty_subcategories\" value=\"1\" \/><input type=\"hidden\" id=\"wpfd_is_empty_files\" value=\"1\" \/><input type=\"hidden\" id=\"wpfd_root_category_id\" class=\"wpfd_root_category_id\" value=\"15\" \/><input type=\"hidden\" id=\"wpfd_root_category_theme\" class=\"wpfd_root_category_theme\" value=\"table\" \/><input type=\"hidden\" id=\"wpfd_root_category_clone_theme_type\" class=\"wpfd_root_category_clone_theme_type\" value=\"none\" \/><input type=\"hidden\" id=\"wpfd_root_category_type\" class=\"wpfd_root_category_type\" value=\"15\" \/><input type=\"hidden\" id=\"wpfd_category_notify_file_changes\" class=\"wpfd_category_notify_file_changes\" value=\"0\" \/><input type=\"hidden\" id=\"wpfd_global_notify_file_changes\" class=\"wpfd_global_notify_file_changes\" value=\"0\" \/><input type=\"hidden\" id=\"wpfd_download_selected\" class=\"wpfd_download_selected\" value=\"0\" \/><input type=\"hidden\" id=\"wpfd_user_login\" class=\"wpfd_user_login\" value=\"0\" \/><input type=\"hidden\" id=\"wpfd_root_category_display_file_search\" class=\"wpfd_root_category_display_file_search\" value=\"1\" \/><div class=\"wpfd-content-header-section\"><\/div><div class=\"wpfd-container\">        <div class=\"wpfd-open-tree\"><\/div>    <div class=\"wpfd-container-table  \">        <div class=\"wpfd-categories hide\"><div class=\"wpfd-category-desc\"><\/div><\/div>        <table class=\"wpfd-search-result wpfd-table wpfd-table-bordered wpfd-table-striped wpfd-table-0 mediaTable wpfd-theme-rows\">            <thead>                <tr>                    <th class=\"essential persist file_title\">T\u00edtulo<\/th><th class=\"optional file_created\">Data<\/th>                <\/tr>            <\/thead>            <tbody>                                            <tr class=\"file pdf\" data-id=\"2485\"                    data-catid=\"15\">                                        <input type=\"hidden\" class=\"wpfd_file_preview_link_download\" value=\"https:\/\/uniespsa.com.br\/fasp\/download\/15\/colap-documentacao\/2485\/manual-do-bolsista.pdf\"                           data-filetitle=\"Manual do Bolsista\" data-fileicons=\"ext ext-pdf wpfd-icon-set-png\" \/>                    <td class=\"file_title\"><a class=\"wpfd_downloadlink\" href=\"https:\/\/uniespsa.com.br\/fasp\/download\/15\/colap-documentacao\/2485\/manual-do-bolsista.pdf\"  title=\"Manual do Bolsista\" target=\"\"><span class=\"extcol\"><span class=\"ext ext-pdf wpfd-icon-set-png\"><\/span><\/span><span class=\"wpfd-file-crop-title\">Manual do Bolsista<\/span><\/a><\/td><td class=\"file_created\">13\/03\/2025<\/td>                                            <td class=\"file_download_tbl col-download\">                                                    <\/td>                                    <\/tr>                                                            <tr class=\"file pdf\" data-id=\"2484\"                    data-catid=\"15\">                                        <input type=\"hidden\" class=\"wpfd_file_preview_link_download\" value=\"https:\/\/uniespsa.com.br\/fasp\/download\/15\/colap-documentacao\/2484\/colap.pdf\"                           data-filetitle=\"Colap\" data-fileicons=\"ext ext-pdf wpfd-icon-set-png\" \/>                    <td class=\"file_title\"><a class=\"wpfd_downloadlink\" href=\"https:\/\/uniespsa.com.br\/fasp\/download\/15\/colap-documentacao\/2484\/colap.pdf\"  title=\"Colap\" target=\"\"><span class=\"extcol\"><span class=\"ext ext-pdf wpfd-icon-set-png\"><\/span><\/span><span class=\"wpfd-file-crop-title\">Colap<\/span><\/a><\/td><td class=\"file_created\">13\/03\/2025<\/td>                                            <td class=\"file_download_tbl col-download\">                                                    <\/td>                                    <\/tr>                                        <\/tbody>        <\/table>            <\/div><\/div><\/div> <\/div>\n\t\t\t\t\t\t<\/div>\n\t\t\t\t<\/div>\n\t\t\t\t\t<\/div>\n\t\t<\/div>\n\t\t\t\t\t<\/div>\n\t\t<\/section>\n\t\t\t\t<\/div>\n\t\t","protected":false},"excerpt":{"rendered":"<p>Saiba mais sobre o COLAP, respons\u00e1vel por garantir a implementa\u00e7\u00e3o eficaz do PROUNI em nossa institui\u00e7\u00e3o COLAP O QUE \u00c9 A COLAP? \u00c9 um \u00f3rg\u00e3o colegiado, de natureza consultiva, institu\u00edda em cada Institui\u00e7\u00e3o de Ensino Superior &#8211; IES participante do Prouni, e possui fun\u00e7\u00e3o preponderante de acompanhar, averiguar e fiscalizar a implementa\u00e7\u00e3o local do Prouni [&hellip;]<\/p>\n","protected":false},"author":1,"featured_media":0,"parent":0,"menu_order":0,"comment_status":"closed","ping_status":"closed","template":"elementor_header_footer","meta":{"footnotes":""},"class_list":["post-2469","page","type-page","status-publish","hentry"],"_links":{"self":[{"href":"https:\/\/uniespsa.com.br\/fasp\/wp-json\/wp\/v2\/pages\/2469","targetHints":{"allow":["GET"]}}],"collection":[{"href":"https:\/\/uniespsa.com.br\/fasp\/wp-json\/wp\/v2\/pages"}],"about":[{"href":"https:\/\/uniespsa.com.br\/fasp\/wp-json\/wp\/v2\/types\/page"}],"author":[{"embeddable":true,"href":"https:\/\/uniespsa.com.br\/fasp\/wp-json\/wp\/v2\/users\/1"}],"replies":[{"embeddable":true,"href":"https:\/\/uniespsa.com.br\/fasp\/wp-json\/wp\/v2\/comments?post=2469"}],"version-history":[{"count":0,"href":"https:\/\/uniespsa.com.br\/fasp\/wp-json\/wp\/v2\/pages\/2469\/revisions"}],"wp:attachment":[{"href":"https:\/\/uniespsa.com.br\/fasp\/wp-json\/wp\/v2\/media?parent=2469"}],"curies":[{"name":"wp","href":"https:\/\/api.w.org\/{rel}","templated":true}]}}