{"id":2765,"date":"2025-03-18T16:03:18","date_gmt":"2025-03-18T19:03:18","guid":{"rendered":"https:\/\/uniespsa.com.br\/fasp\/?page_id=2765"},"modified":"2025-03-21T17:19:33","modified_gmt":"2025-03-21T20:19:33","slug":"fale-conosco","status":"publish","type":"page","link":"https:\/\/uniespsa.com.br\/fasp\/fale-conosco\/","title":{"rendered":"Fale Conosco"},"content":{"rendered":"\t\t<div data-elementor-type=\"wp-page\" data-elementor-id=\"2765\" class=\"elementor elementor-2765\" data-elementor-post-type=\"page\">\n\t\t\t\t\t\t<section class=\"elementor-section elementor-top-section elementor-element elementor-element-2dd1669 elementor-section-height-min-height elementor-section-boxed elementor-section-height-default elementor-section-items-middle\" data-id=\"2dd1669\" data-element_type=\"section\" data-e-type=\"section\" data-settings=\"{&quot;background_background&quot;:&quot;gradient&quot;,&quot;ekit_has_onepagescroll_dot&quot;:&quot;yes&quot;}\">\n\t\t\t\t\t\t\t<div class=\"elementor-background-overlay\"><\/div>\n\t\t\t\t\t\t\t<div class=\"elementor-container elementor-column-gap-default\">\n\t\t\t\t\t<div class=\"elementor-column elementor-col-100 elementor-top-column elementor-element elementor-element-06cbcf8\" data-id=\"06cbcf8\" data-element_type=\"column\" data-e-type=\"column\">\n\t\t\t<div class=\"elementor-widget-wrap elementor-element-populated\">\n\t\t\t\t\t\t<div class=\"elementor-element elementor-element-afd302e elementor-widget-divider--view-line elementor-widget elementor-widget-divider\" data-id=\"afd302e\" data-element_type=\"widget\" data-e-type=\"widget\" data-settings=\"{&quot;ekit_we_effect_on&quot;:&quot;none&quot;}\" data-widget_type=\"divider.default\">\n\t\t\t\t<div class=\"elementor-widget-container\">\n\t\t\t\t\t\t\t<div class=\"elementor-divider\">\n\t\t\t<span class=\"elementor-divider-separator\">\n\t\t\t\t\t\t<\/span>\n\t\t<\/div>\n\t\t\t\t\t\t<\/div>\n\t\t\t\t<\/div>\n\t\t\t\t<div class=\"elementor-element elementor-element-bf3fb19 elementor-widget elementor-widget-text-editor\" data-id=\"bf3fb19\" data-element_type=\"widget\" data-e-type=\"widget\" data-settings=\"{&quot;ekit_we_effect_on&quot;:&quot;none&quot;}\" data-widget_type=\"text-editor.default\">\n\t\t\t\t<div class=\"elementor-widget-container\">\n\t\t\t\t\t\t\t\t\t<div class=\"elementor-element elementor-element-a6cbdcf elementor-widget elementor-widget-text-editor\" data-id=\"a6cbdcf\" data-element_type=\"widget\" data-settings=\"{\" data-widget_type=\"text-editor.default\"><div class=\"elementor-widget-container\"><div class=\"elementor-text-editor elementor-clearfix\"><p><strong>Tem alguma d\u00favida? Entre em contato e vamos te ajudar a tirar todas as suas quest\u00f5es<\/strong><\/p><\/div><\/div><\/div>\t\t\t\t\t\t\t\t<\/div>\n\t\t\t\t<\/div>\n\t\t\t\t\t<\/div>\n\t\t<\/div>\n\t\t\t\t\t<\/div>\n\t\t<\/section>\n\t\t\t\t<section class=\"elementor-section elementor-top-section elementor-element elementor-element-b78cfd7 elementor-section-full_width elementor-section-height-default elementor-section-height-default\" data-id=\"b78cfd7\" data-element_type=\"section\" data-e-type=\"section\" data-settings=\"{&quot;ekit_has_onepagescroll_dot&quot;:&quot;yes&quot;}\">\n\t\t\t\t\t\t<div class=\"elementor-container elementor-column-gap-no\">\n\t\t\t\t\t<div class=\"elementor-column elementor-col-100 elementor-top-column elementor-element elementor-element-25901a6\" data-id=\"25901a6\" data-element_type=\"column\" data-e-type=\"column\">\n\t\t\t<div class=\"elementor-widget-wrap elementor-element-populated\">\n\t\t\t\t\t\t<section class=\"elementor-section elementor-inner-section elementor-element elementor-element-af33667 elementor-section-boxed elementor-section-height-default elementor-section-height-default\" data-id=\"af33667\" data-element_type=\"section\" data-e-type=\"section\" data-settings=\"{&quot;ekit_has_onepagescroll_dot&quot;:&quot;yes&quot;}\">\n\t\t\t\t\t\t<div class=\"elementor-container elementor-column-gap-default\">\n\t\t\t\t\t<div class=\"elementor-column elementor-col-100 elementor-inner-column elementor-element elementor-element-13641f3\" data-id=\"13641f3\" data-element_type=\"column\" data-e-type=\"column\">\n\t\t\t<div class=\"elementor-widget-wrap elementor-element-populated\">\n\t\t\t\t\t\t<div class=\"elementor-element elementor-element-34f4d31 elementor-widget elementor-widget-icon-box\" data-id=\"34f4d31\" data-element_type=\"widget\" data-e-type=\"widget\" data-settings=\"{&quot;ekit_we_effect_on&quot;:&quot;none&quot;}\" data-widget_type=\"icon-box.default\">\n\t\t\t\t<div class=\"elementor-widget-container\">\n\t\t\t\t\t\t\t<div class=\"elementor-icon-box-wrapper\">\n\n\t\t\t\n\t\t\t\t\t\t<div class=\"elementor-icon-box-content\">\n\n\t\t\t\t\n\t\t\t\t\t\t\t\t\t<p class=\"elementor-icon-box-description\">\n\t\t\t\t\t\tCANAIS DE ATENDIMENTO\t\t\t\t\t<\/p>\n\t\t\t\t\n\t\t\t<\/div>\n\t\t\t\n\t\t<\/div>\n\t\t\t\t\t\t<\/div>\n\t\t\t\t<\/div>\n\t\t\t\t\t<\/div>\n\t\t<\/div>\n\t\t\t\t\t<\/div>\n\t\t<\/section>\n\t\t\t\t<section class=\"elementor-section elementor-inner-section elementor-element elementor-element-01b22e4 elementor-section-boxed elementor-section-height-default elementor-section-height-default\" data-id=\"01b22e4\" data-element_type=\"section\" data-e-type=\"section\" data-settings=\"{&quot;ekit_has_onepagescroll_dot&quot;:&quot;yes&quot;}\">\n\t\t\t\t\t\t<div class=\"elementor-container elementor-column-gap-default\">\n\t\t\t\t\t<div class=\"elementor-column elementor-col-33 elementor-inner-column elementor-element elementor-element-0322d86\" data-id=\"0322d86\" data-element_type=\"column\" data-e-type=\"column\">\n\t\t\t<div class=\"elementor-widget-wrap elementor-element-populated\">\n\t\t\t\t\t\t<div class=\"elementor-element elementor-element-2b15385 ekit-equal-height-enable elementor-widget elementor-widget-elementskit-image-box\" data-id=\"2b15385\" data-element_type=\"widget\" data-e-type=\"widget\" data-settings=\"{&quot;ekit_we_effect_on&quot;:&quot;none&quot;}\" data-widget_type=\"elementskit-image-box.default\">\n\t\t\t\t<div class=\"elementor-widget-container\">\n\t\t\t\t\t<div class=\"ekit-wid-con\" >\n            <div class=\"elementskit-info-image-box ekit-image-box text-left style-sideline\" >\n\n                \n                <div class=\"elementskit-box-header image-box-img-left\">\n\n                    <img fetchpriority=\"high\" decoding=\"async\" width=\"612\" height=\"408\" src=\"https:\/\/uniespsa.com.br\/fasp\/wp-content\/uploads\/sites\/2\/2025\/03\/fale-conosco-vestibular-1.jpg\" class=\"attachment-full size-full wp-image-2774\" alt=\"\" srcset=\"https:\/\/uniespsa.com.br\/fasp\/wp-content\/uploads\/sites\/2\/2025\/03\/fale-conosco-vestibular-1.jpg 612w, https:\/\/uniespsa.com.br\/fasp\/wp-content\/uploads\/sites\/2\/2025\/03\/fale-conosco-vestibular-1-300x200.jpg 300w\" sizes=\"(max-width: 612px) 100vw, 612px\" \/>\n                <\/div>\n                \n                <div class=\"elementskit-box-body ekit-image-box-body\">\n                    <div class=\"elementskit-box-content ekit-image-box-body-inner\">\n                                                <h3 class=\"elementskit-info-box-title\">\n\n                        VESTIBULAR\n                        \n                    <\/h3>\n                                                            <div class=\"elementskit-box-style-content\">\n                        Tire suas d\u00favidas e receba orienta\u00e7\u00f5es.<br><br>\n<b>Hor\u00e1rios de atendimento<\/b><br>\nSegunda \u00e0 Sexta de 08h \u00e0s 22h<br><br>\n<h5>\n    <i class=\"fas fa-phone-alt\"><\/i>&zwj; \n    <span style=\"color: #25293d\">&zwj;(11) &zwj;4040-6709<\/span> <BR> \n    <a href=\"https:\/\/api.whatsapp.com\/send?phone=5511972042115\" target=\"_blank\" style=\"text-decoration: none\">\n      <span style=\"color: #25293d\">  <i class=\"fa fa-whatsapp\"><\/i> \n         &zwj;(11) 97204-2115<\/span>\n    <\/a>\n<\/h5>\n                    <\/div>\n                                    <\/div>\n\n                            <\/div>\n            <\/div>\n    <\/div>\t\t\t\t<\/div>\n\t\t\t\t<\/div>\n\t\t\t\t\t<\/div>\n\t\t<\/div>\n\t\t\t\t<div class=\"elementor-column elementor-col-33 elementor-inner-column elementor-element elementor-element-311e283\" data-id=\"311e283\" data-element_type=\"column\" data-e-type=\"column\">\n\t\t\t<div class=\"elementor-widget-wrap elementor-element-populated\">\n\t\t\t\t\t\t<div class=\"elementor-element elementor-element-ac88916 ekit-equal-height-enable elementor-widget elementor-widget-elementskit-image-box\" data-id=\"ac88916\" data-element_type=\"widget\" data-e-type=\"widget\" data-settings=\"{&quot;ekit_we_effect_on&quot;:&quot;none&quot;}\" data-widget_type=\"elementskit-image-box.default\">\n\t\t\t\t<div class=\"elementor-widget-container\">\n\t\t\t\t\t<div class=\"ekit-wid-con\" >\n            <div class=\"elementskit-info-image-box ekit-image-box text-left style-sideline\" >\n\n                \n                <div class=\"elementskit-box-header image-box-img-left\">\n\n                    <img decoding=\"async\" width=\"612\" height=\"408\" src=\"https:\/\/uniespsa.com.br\/fasp\/wp-content\/uploads\/sites\/2\/2025\/03\/fale-conosco-ouvidoria.jpg\" class=\"attachment-full size-full wp-image-2775\" alt=\"\" srcset=\"https:\/\/uniespsa.com.br\/fasp\/wp-content\/uploads\/sites\/2\/2025\/03\/fale-conosco-ouvidoria.jpg 612w, https:\/\/uniespsa.com.br\/fasp\/wp-content\/uploads\/sites\/2\/2025\/03\/fale-conosco-ouvidoria-300x200.jpg 300w\" sizes=\"(max-width: 612px) 100vw, 612px\" \/>\n                <\/div>\n                \n                <div class=\"elementskit-box-body ekit-image-box-body\">\n                    <div class=\"elementskit-box-content ekit-image-box-body-inner\">\n                                                <h3 class=\"elementskit-info-box-title\">\n\n                        OUVIDORIA\n                        \n                    <\/h3>\n                                                            <div class=\"elementskit-box-style-content\">\n                        Fale com a gente! Acesse o canal de ouvidoria de nossas Faculdades e compartilhe suas sugest\u00f5es, d\u00favidas ou reclama\u00e7\u00f5es.                    <\/div>\n                                    <\/div>\n\n                                <div class=\"elementskit-box-footer\">\n                    <div class=\"box-footer\">\n                        <div class=\"btn-wraper\">\n                                                            <a href=\"https:\/\/universidadebrasil.omd.com.br\/ub\/externo\/cadastro.do?tipoCanal=1\" target=\"_blank\" class=\"elementskit-btn whitespace--normal\">\n                                    \n                                    \n                                    ATENDIMENTO                                <\/a>\n                                                        <\/div>\n                    <\/div>\n                <\/div>\n                            <\/div>\n            <\/div>\n    <\/div>\t\t\t\t<\/div>\n\t\t\t\t<\/div>\n\t\t\t\t\t<\/div>\n\t\t<\/div>\n\t\t\t\t<div class=\"elementor-column elementor-col-33 elementor-inner-column elementor-element elementor-element-b9f7da4\" data-id=\"b9f7da4\" data-element_type=\"column\" data-e-type=\"column\">\n\t\t\t<div class=\"elementor-widget-wrap\">\n\t\t\t\t\t\t\t<\/div>\n\t\t<\/div>\n\t\t\t\t\t<\/div>\n\t\t<\/section>\n\t\t\t\t\t<\/div>\n\t\t<\/div>\n\t\t\t\t\t<\/div>\n\t\t<\/section>\n\t\t\t\t<\/div>\n\t\t","protected":false},"excerpt":{"rendered":"<p>Tem alguma d\u00favida? Entre em contato e vamos te ajudar a tirar todas as suas quest\u00f5es CANAIS DE ATENDIMENTO VESTIBULAR Tire suas d\u00favidas e receba orienta\u00e7\u00f5es. Hor\u00e1rios de atendimento Segunda \u00e0 Sexta de 08h \u00e0s 22h &zwj; &zwj;(11) &zwj;4040-6709 &zwj;(11) 97204-2115 OUVIDORIA Fale com a gente! Acesse o canal de ouvidoria de nossas Faculdades e [&hellip;]<\/p>\n","protected":false},"author":1,"featured_media":0,"parent":0,"menu_order":0,"comment_status":"closed","ping_status":"closed","template":"elementor_header_footer","meta":{"footnotes":""},"class_list":["post-2765","page","type-page","status-publish","hentry"],"_links":{"self":[{"href":"https:\/\/uniespsa.com.br\/fasp\/wp-json\/wp\/v2\/pages\/2765","targetHints":{"allow":["GET"]}}],"collection":[{"href":"https:\/\/uniespsa.com.br\/fasp\/wp-json\/wp\/v2\/pages"}],"about":[{"href":"https:\/\/uniespsa.com.br\/fasp\/wp-json\/wp\/v2\/types\/page"}],"author":[{"embeddable":true,"href":"https:\/\/uniespsa.com.br\/fasp\/wp-json\/wp\/v2\/users\/1"}],"replies":[{"embeddable":true,"href":"https:\/\/uniespsa.com.br\/fasp\/wp-json\/wp\/v2\/comments?post=2765"}],"version-history":[{"count":0,"href":"https:\/\/uniespsa.com.br\/fasp\/wp-json\/wp\/v2\/pages\/2765\/revisions"}],"wp:attachment":[{"href":"https:\/\/uniespsa.com.br\/fasp\/wp-json\/wp\/v2\/media?parent=2765"}],"curies":[{"name":"wp","href":"https:\/\/api.w.org\/{rel}","templated":true}]}}