{"id":5281,"date":"2025-04-04T18:07:06","date_gmt":"2025-04-04T21:07:06","guid":{"rendered":"https:\/\/uniespsa.com.br\/fasp\/?page_id=5281"},"modified":"2025-04-04T18:47:51","modified_gmt":"2025-04-04T21:47:51","slug":"acervo","status":"publish","type":"page","link":"https:\/\/uniespsa.com.br\/fasp\/biblioteca\/acervo\/","title":{"rendered":"Acervo"},"content":{"rendered":"\t\t<div data-elementor-type=\"wp-page\" data-elementor-id=\"5281\" class=\"elementor elementor-5281\" data-elementor-post-type=\"page\">\n\t\t\t\t\t\t<section class=\"elementor-section elementor-top-section elementor-element elementor-element-580ce28 elementor-section-height-min-height elementor-section-boxed elementor-section-height-default elementor-section-items-middle\" data-id=\"580ce28\" data-element_type=\"section\" data-e-type=\"section\" data-settings=\"{&quot;background_background&quot;:&quot;gradient&quot;,&quot;ekit_has_onepagescroll_dot&quot;:&quot;yes&quot;}\">\n\t\t\t\t\t\t\t<div class=\"elementor-background-overlay\"><\/div>\n\t\t\t\t\t\t\t<div class=\"elementor-container elementor-column-gap-default\">\n\t\t\t\t\t<div class=\"elementor-column elementor-col-100 elementor-top-column elementor-element elementor-element-d1102cc\" data-id=\"d1102cc\" data-element_type=\"column\" data-e-type=\"column\">\n\t\t\t<div class=\"elementor-widget-wrap elementor-element-populated\">\n\t\t\t\t\t\t<div class=\"elementor-element elementor-element-44e168f elementor-widget elementor-widget-heading\" data-id=\"44e168f\" data-element_type=\"widget\" data-e-type=\"widget\" data-settings=\"{&quot;_animation&quot;:&quot;none&quot;,&quot;ekit_we_effect_on&quot;:&quot;none&quot;}\" data-widget_type=\"heading.default\">\n\t\t\t\t<div class=\"elementor-widget-container\">\n\t\t\t\t\t<h2 class=\"elementor-heading-title elementor-size-default\">Biblioteca<\/h2>\t\t\t\t<\/div>\n\t\t\t\t<\/div>\n\t\t\t\t<div class=\"elementor-element elementor-element-8fa6ff2 elementor-widget-divider--view-line elementor-widget elementor-widget-divider\" data-id=\"8fa6ff2\" data-element_type=\"widget\" data-e-type=\"widget\" data-settings=\"{&quot;ekit_we_effect_on&quot;:&quot;none&quot;}\" data-widget_type=\"divider.default\">\n\t\t\t\t<div class=\"elementor-widget-container\">\n\t\t\t\t\t\t\t<div class=\"elementor-divider\">\n\t\t\t<span class=\"elementor-divider-separator\">\n\t\t\t\t\t\t<\/span>\n\t\t<\/div>\n\t\t\t\t\t\t<\/div>\n\t\t\t\t<\/div>\n\t\t\t\t<div class=\"elementor-element elementor-element-2e5066d elementor-widget elementor-widget-text-editor\" data-id=\"2e5066d\" data-element_type=\"widget\" data-e-type=\"widget\" data-settings=\"{&quot;ekit_we_effect_on&quot;:&quot;none&quot;}\" data-widget_type=\"text-editor.default\">\n\t\t\t\t<div class=\"elementor-widget-container\">\n\t\t\t\t\t\t\t\t\t<div class=\"elementor-element elementor-element-a6cbdcf elementor-widget elementor-widget-text-editor\" data-id=\"a6cbdcf\" data-element_type=\"widget\" data-settings=\"{\" data-widget_type=\"text-editor.default\"><div class=\"elementor-widget-container\"><div class=\"elementor-text-editor elementor-clearfix\"><p><strong>Explore um acervo f\u00edsico completo, com obras atualizadas e essenciais para seu curso.<\/strong><\/p><\/div><\/div><\/div>\t\t\t\t\t\t\t\t<\/div>\n\t\t\t\t<\/div>\n\t\t\t\t\t<\/div>\n\t\t<\/div>\n\t\t\t\t\t<\/div>\n\t\t<\/section>\n\t\t\t\t<section class=\"elementor-section elementor-top-section elementor-element elementor-element-e7e3a5b elementor-section-boxed elementor-section-height-default elementor-section-height-default\" data-id=\"e7e3a5b\" data-element_type=\"section\" data-e-type=\"section\" data-settings=\"{&quot;animation&quot;:&quot;none&quot;,&quot;background_background&quot;:&quot;classic&quot;,&quot;ekit_has_onepagescroll_dot&quot;:&quot;yes&quot;}\">\n\t\t\t\t\t\t<div class=\"elementor-container elementor-column-gap-default\">\n\t\t\t\t\t<div class=\"elementor-column elementor-col-100 elementor-top-column elementor-element elementor-element-d607c44\" data-id=\"d607c44\" data-element_type=\"column\" data-e-type=\"column\" data-settings=\"{&quot;animation&quot;:&quot;none&quot;}\">\n\t\t\t<div class=\"elementor-widget-wrap elementor-element-populated\">\n\t\t\t\t\t\t<div class=\"elementor-element elementor-element-2ab393e elementor-widget elementor-widget-heading\" data-id=\"2ab393e\" data-element_type=\"widget\" data-e-type=\"widget\" data-settings=\"{&quot;ekit_we_effect_on&quot;:&quot;none&quot;}\" data-widget_type=\"heading.default\">\n\t\t\t\t<div class=\"elementor-widget-container\">\n\t\t\t\t\t<h2 class=\"elementor-heading-title elementor-size-default\">Sobre o Acervo<\/h2>\t\t\t\t<\/div>\n\t\t\t\t<\/div>\n\t\t\t\t<div class=\"elementor-element elementor-element-fddf274 elementor-widget elementor-widget-text-editor\" data-id=\"fddf274\" data-element_type=\"widget\" data-e-type=\"widget\" data-settings=\"{&quot;ekit_we_effect_on&quot;:&quot;none&quot;}\" data-widget_type=\"text-editor.default\">\n\t\t\t\t<div class=\"elementor-widget-container\">\n\t\t\t\t\t\t\t\t\t<p><strong>Miss\u00e3o<br \/><\/strong>Disseminar a informa\u00e7\u00e3o de forma a apoiar as atividades de ensino, pesquisa e extens\u00e3o.<\/p><p><strong>Inscri\u00e7\u00e3o<br \/><\/strong>Os docentes, discentes e funcion\u00e1rios dever\u00e3o preencher o cadastro na Biblioteca. Os dados para contato dever\u00e3o ser atualizados junto a Biblioteca, caso haja alguma altera\u00e7\u00e3o.<\/p><p><strong>Documentos necess\u00e1rios para o acesso:<\/strong><br \/>Carteirinha de aluno Grupo Educacional UNIESP \u2013 Faculdade de S\u00e3o Paulo.\u00a0<br \/>Acesso no laborat\u00f3rio de inform\u00e1tica e biblioteca.<\/p><p><strong>O hor\u00e1rio de funcionamento da Biblioteca \u00e9:<br \/><\/strong>Segunda a quinta das 7h30 \u00e0s 22horas.<br \/>Sexta feira das 7h30 \u00e0s 20horas<br \/>S\u00e1bados das 8h00 \u00e0s 12horas.<\/p>\t\t\t\t\t\t\t\t<\/div>\n\t\t\t\t<\/div>\n\t\t\t\t<div class=\"elementor-element elementor-element-598de0c elementor-widget elementor-widget-heading\" data-id=\"598de0c\" data-element_type=\"widget\" data-e-type=\"widget\" data-settings=\"{&quot;ekit_we_effect_on&quot;:&quot;none&quot;}\" data-widget_type=\"heading.default\">\n\t\t\t\t<div class=\"elementor-widget-container\">\n\t\t\t\t\t<h2 class=\"elementor-heading-title elementor-size-default\">Empr\u00e9stimo<\/h2>\t\t\t\t<\/div>\n\t\t\t\t<\/div>\n\t\t\t\t<div class=\"elementor-element elementor-element-c4fa993 elementor-widget elementor-widget-text-editor\" data-id=\"c4fa993\" data-element_type=\"widget\" data-e-type=\"widget\" data-settings=\"{&quot;ekit_we_effect_on&quot;:&quot;none&quot;}\" data-widget_type=\"text-editor.default\">\n\t\t\t\t<div class=\"elementor-widget-container\">\n\t\t\t\t\t\t\t\t\t<p><span style=\"font-family: var( --e-global-typography-text-font-family ), Sans-serif; font-weight: var( --e-global-typography-text-font-weight );\">O empr\u00e9stimo domiciliar ou local, somente ser\u00e1 efetuado, mediante apresenta\u00e7\u00e3o da carteirinha ou documento emitido pela UNIESP, que comprove a vig\u00eancia da matr\u00edcula. Para funcion\u00e1rios e docentes ser\u00e1 obrigat\u00f3ria a apresenta\u00e7\u00e3o do crach\u00e1.<\/span><\/p><p><strong>Limite por usu\u00e1rio<\/strong><br \/>O usu\u00e1rio poder\u00e1 retirar\u00a0<strong>at\u00e9 03 livros por vez<\/strong>, desde que publica\u00e7\u00f5es com t\u00edtulos diferentes.<br \/>N\u00e3o ser\u00e3o emprestados 02 livros iguais ao mesmo usu\u00e1rio, independente da edi\u00e7\u00e3o.<br \/>Professores poder\u00e3o retirar at\u00e9 5 livros, dentro dos mesmos padr\u00f5es.<\/p><p><strong>N\u00e3o h\u00e1 empr\u00e9stimos para os seguintes materiais:<\/strong><\/p><p>\u2013 T\u00edtulos de \u00fanico exemplar.<br \/>\u2013 Trabalhos acad\u00eamicos.<br \/>\u2013 Peri\u00f3dicos<br \/>\u2013 Obras de refer\u00eancia.<\/p><p><strong>Prazo<\/strong><br \/>O prazo de empr\u00e9stimo \u00e9 de\u00a0<strong>07 dias<\/strong>\u00a0para todo usu\u00e1rio.<\/p><p>Os empr\u00e9stimos encerram-se 30 minutos antes do final do expediente, e as devolu\u00e7\u00f5es encerram-se 15 minutos antes do final o expediente.<\/p>\t\t\t\t\t\t\t\t<\/div>\n\t\t\t\t<\/div>\n\t\t\t\t<div class=\"elementor-element elementor-element-eeca783 elementor-widget elementor-widget-heading\" data-id=\"eeca783\" data-element_type=\"widget\" data-e-type=\"widget\" data-settings=\"{&quot;ekit_we_effect_on&quot;:&quot;none&quot;}\" data-widget_type=\"heading.default\">\n\t\t\t\t<div class=\"elementor-widget-container\">\n\t\t\t\t\t<h2 class=\"elementor-heading-title elementor-size-default\">Entrega<\/h2>\t\t\t\t<\/div>\n\t\t\t\t<\/div>\n\t\t\t\t<div class=\"elementor-element elementor-element-41f5fa5 elementor-widget elementor-widget-text-editor\" data-id=\"41f5fa5\" data-element_type=\"widget\" data-e-type=\"widget\" data-settings=\"{&quot;ekit_we_effect_on&quot;:&quot;none&quot;}\" data-widget_type=\"text-editor.default\">\n\t\t\t\t<div class=\"elementor-widget-container\">\n\t\t\t\t\t\t\t\t\t<p><strong>Atraso<\/strong><br \/>Em caso de atraso, o usu\u00e1rio pagar\u00e1 multa no valor de R$ 5,00 por cada livro retirado e por cada dia de atraso. <br \/>Assim, um usu\u00e1rio que tenha retirado 03 livros e atrasado 1 dia, pagar\u00e1 R$ 15,00 de multa.<\/p><p><strong>Multa<\/strong><br \/>As multas dever\u00e3o ser pagas na Tesouraria.<br \/>Os livros de empr\u00e9stimo local, ou seja, para devolu\u00e7\u00e3o na mesma data, tamb\u00e9m s\u00e3o pass\u00edveis de multa.<br \/>A Biblioteca n\u00e3o tem autonomia para retirada de multas.<br \/>O aluno com pend\u00eancia de multa na Biblioteca ficar\u00e1 automaticamente suspenso de qualquer tipo de empr\u00e9stimos.<\/p>\t\t\t\t\t\t\t\t<\/div>\n\t\t\t\t<\/div>\n\t\t\t\t<div class=\"elementor-element elementor-element-d404ac5 elementor-widget elementor-widget-heading\" data-id=\"d404ac5\" data-element_type=\"widget\" data-e-type=\"widget\" data-settings=\"{&quot;ekit_we_effect_on&quot;:&quot;none&quot;}\" data-widget_type=\"heading.default\">\n\t\t\t\t<div class=\"elementor-widget-container\">\n\t\t\t\t\t<h2 class=\"elementor-heading-title elementor-size-default\">Reposi\u00e7\u00e3o<\/h2>\t\t\t\t<\/div>\n\t\t\t\t<\/div>\n\t\t\t\t<div class=\"elementor-element elementor-element-598ae44 elementor-widget elementor-widget-text-editor\" data-id=\"598ae44\" data-element_type=\"widget\" data-e-type=\"widget\" data-settings=\"{&quot;ekit_we_effect_on&quot;:&quot;none&quot;}\" data-widget_type=\"text-editor.default\">\n\t\t\t\t<div class=\"elementor-widget-container\">\n\t\t\t\t\t\t\t\t\t<p><strong>Perda ou dano<\/strong><br \/>O usu\u00e1rio que perder ou danificar qualquer material a ele emprestado, dever\u00e1 efetuar a reposi\u00e7\u00e3o em at\u00e9 30 dias.<\/p><p>A comunica\u00e7\u00e3o da perda dever\u00e1 ocorrer no prazo de entrega do material.<br \/>N\u00e3o havendo essa comunica\u00e7\u00e3o, a multa ser\u00e1 cobrada normalmente.<\/p>\t\t\t\t\t\t\t\t<\/div>\n\t\t\t\t<\/div>\n\t\t\t\t<div class=\"elementor-element elementor-element-75dd718 elementor-widget elementor-widget-heading\" data-id=\"75dd718\" data-element_type=\"widget\" data-e-type=\"widget\" data-settings=\"{&quot;ekit_we_effect_on&quot;:&quot;none&quot;}\" data-widget_type=\"heading.default\">\n\t\t\t\t<div class=\"elementor-widget-container\">\n\t\t\t\t\t<h2 class=\"elementor-heading-title elementor-size-default\">Doa\u00e7\u00f5es<\/h2>\t\t\t\t<\/div>\n\t\t\t\t<\/div>\n\t\t\t\t<div class=\"elementor-element elementor-element-16f31aa elementor-widget elementor-widget-text-editor\" data-id=\"16f31aa\" data-element_type=\"widget\" data-e-type=\"widget\" data-settings=\"{&quot;ekit_we_effect_on&quot;:&quot;none&quot;}\" data-widget_type=\"text-editor.default\">\n\t\t\t\t<div class=\"elementor-widget-container\">\n\t\t\t\t\t\t\t\t\t<p>As doa\u00e7\u00f5es oferecidas por docentes, discentes e funcion\u00e1rios, passar\u00e3o por pr\u00e9via avalia\u00e7\u00e3o profissional do Bibliotec\u00e1rio, podendo ou n\u00e3o ser aceita.<\/p>\t\t\t\t\t\t\t\t<\/div>\n\t\t\t\t<\/div>\n\t\t\t\t<div class=\"elementor-element elementor-element-866fe56 elementor-widget elementor-widget-heading\" data-id=\"866fe56\" data-element_type=\"widget\" data-e-type=\"widget\" data-settings=\"{&quot;ekit_we_effect_on&quot;:&quot;none&quot;}\" data-widget_type=\"heading.default\">\n\t\t\t\t<div class=\"elementor-widget-container\">\n\t\t\t\t\t<h2 class=\"elementor-heading-title elementor-size-default\">Disposi\u00e7\u00f5es Gerais<\/h2>\t\t\t\t<\/div>\n\t\t\t\t<\/div>\n\t\t\t\t<div class=\"elementor-element elementor-element-10e99ac elementor-widget elementor-widget-text-editor\" data-id=\"10e99ac\" data-element_type=\"widget\" data-e-type=\"widget\" data-settings=\"{&quot;ekit_we_effect_on&quot;:&quot;none&quot;}\" data-widget_type=\"text-editor.default\">\n\t\t\t\t<div class=\"elementor-widget-container\">\n\t\t\t\t\t\t\t\t\t<p><strong>\u00c9 vedado aos usu\u00e1rios:<\/strong><\/p><p>\u2013 Acessar as depend\u00eancias da Biblioteca.<br \/>\u2013 Entrar na Biblioteca com alimentos ou bebidas.<br \/>\u2013 Fumar. Lei Estadual n\u00ba 13.541\/2009.<br \/>\u2013 Usar celular ou qualquer aparelho sonoro.<br \/>\u2013 Falar em voz alta.<\/p><p>O usu\u00e1rio que n\u00e3o colaborar com um ambiente de estudo tranquilo ser\u00e1 pass\u00edvel de advert\u00eancia e puni\u00e7\u00e3o.<\/p>\t\t\t\t\t\t\t\t<\/div>\n\t\t\t\t<\/div>\n\t\t\t\t<div class=\"elementor-element elementor-element-ece8617 elementor-widget elementor-widget-heading\" data-id=\"ece8617\" data-element_type=\"widget\" data-e-type=\"widget\" data-settings=\"{&quot;ekit_we_effect_on&quot;:&quot;none&quot;}\" data-widget_type=\"heading.default\">\n\t\t\t\t<div class=\"elementor-widget-container\">\n\t\t\t\t\t<h2 class=\"elementor-heading-title elementor-size-default\">Arquivos<\/h2>\t\t\t\t<\/div>\n\t\t\t\t<\/div>\n\t\t\t\t<div class=\"elementor-element elementor-element-f845bac elementor-widget elementor-widget-shortcode\" data-id=\"f845bac\" data-element_type=\"widget\" data-e-type=\"widget\" data-settings=\"{&quot;ekit_we_effect_on&quot;:&quot;none&quot;}\" data-widget_type=\"shortcode.default\">\n\t\t\t\t<div class=\"elementor-widget-container\">\n\t\t\t\t\t\t\t<div class=\"elementor-shortcode\"><script type=\"text\/x-handlebars-template\"        id=\"wpfd-template-tablesembusca-categories-51\">    <div class=\"wpfd-categories hide\">{{#if category}}{{#with category}}{{#if parent}}<a class=\"catlink backcategory\" href=\"#\" data-idcat=\"{{parent}}\">                        <i class=\"zmdi zmdi-chevron-left\"><\/i><span>Voltar<\/span><\/a>{{\/if}}{{\/with}}{{\/if}}{{#if category.desc}}<div class=\"wpfd-category-desc\">{{category.desc}}<\/div>{{\/if}}<\/div><\/script><script type=\"text\/x-handlebars-template\" id=\"wpfd-template-tablesembusca-51\">    {{#if files}}    {{#each files}}    <tr class=\"file {{class}} {{ext}}\" data-id=\"{{ID}}\" data-catid=\"{{catid}}\">        <input type=\"hidden\" class=\"wpfd_file_preview_link_download\" value=\"{{linkdownload}}\" data-filetitle=\"{{post_title}}\" data-fileicons=\"ext ext-{{ext}} wpfd-icon-set-png\" \/>    <td class=\"file_title\"><a class=\"wpfd_downloadlink\" href=\"{{linkdownload}}\"  title=\"{{post_title}}\" target=\"{{#if remote_file}}_blank{{\/if}}\"><span class=\"extcol\">{{#if file_custom_icon}}<span class=\"icon-custom\"><img decoding=\"async\" src=\"{{file_custom_icon}}\"><\/span>{{else}}<span class=\"ext ext-{{ext}} wpfd-icon-set-png\"><\/span>{{\/if}}<\/span><span class=\"wpfd-file-crop-title\">{{{crop_title}}}<\/span><\/a><\/td><td class=\"file_size\">{{bytesToSize size}}<\/td>            <\/tr>    {{\/each}}    {{\/if}}<\/script><div class=\"wpfd-content wpfd-content-tablesembusca wpfd-content-multi colstyle-hide\" data-category=\"51\"              style=\"background-color: rgba(255, 255, 255, 0);\"><input type=\"hidden\" id=\"current_category_51\" value=\"51\" \/>                    <input type=\"hidden\" id=\"current_category_slug_51\" value=\"biblioteca\" \/>                    <input type=\"hidden\" id=\"current_ordering_51\" value=\"title\" \/>                    <input type=\"hidden\" id=\"current_ordering_direction_51\" value=\"desc\" \/>                    <input type=\"hidden\" id=\"page_limit_51\" value=\"10\" \/><input type=\"hidden\" id=\"wpfd_display_empty_category_message\" value=\"0\" \/><input type=\"hidden\" id=\"wpfd_empty_category_message_val\" value=\"This file category has no files to display\" \/><input type=\"hidden\" id=\"wpfd_display_empty_folder\" value=\"1\" \/><input type=\"hidden\" id=\"wpfd_is_empty_subcategories\" value=\"1\" \/><input type=\"hidden\" id=\"wpfd_is_empty_files\" value=\"1\" \/><input type=\"hidden\" id=\"wpfd_root_category_id\" class=\"wpfd_root_category_id\" value=\"51\" \/><input type=\"hidden\" id=\"wpfd_root_category_theme\" class=\"wpfd_root_category_theme\" value=\"tablesembusca\" \/><input type=\"hidden\" id=\"wpfd_root_category_clone_theme_type\" class=\"wpfd_root_category_clone_theme_type\" value=\"none\" \/><input type=\"hidden\" id=\"wpfd_root_category_type\" class=\"wpfd_root_category_type\" value=\"51\" \/><input type=\"hidden\" id=\"wpfd_category_notify_file_changes\" class=\"wpfd_category_notify_file_changes\" value=\"0\" \/><input type=\"hidden\" id=\"wpfd_global_notify_file_changes\" class=\"wpfd_global_notify_file_changes\" value=\"0\" \/><input type=\"hidden\" id=\"wpfd_download_selected\" class=\"wpfd_download_selected\" value=\"0\" \/><input type=\"hidden\" id=\"wpfd_user_login\" class=\"wpfd_user_login\" value=\"0\" \/><div class=\"wpfd-content-header-section\"><\/div><div class=\"wpfd-container\">        <div class=\"wpfd-open-tree\"><\/div>    <div class=\"wpfd-container-tablesembusca  \">        <div class=\"wpfd-categories hide\"><div class=\"wpfd-category-desc\"><\/div><\/div>        <table class=\"wpfd-search-result wpfd-tablesembusca wpfd-table-bordered wpfd-table-striped wpfd-tablesembusca-0 mediaTable wpfd-theme-rows\">            <thead>                <tr>                    <th class=\"essential persist file_title\">T\u00edtulo<\/th><th class=\"optional file_size\">Tamanho<\/th>                <\/tr>            <\/thead>            <tbody>                                            <tr class=\"file pdf\" data-id=\"4986\"                    data-catid=\"51\">                                        <input type=\"hidden\" class=\"wpfd_file_preview_link_download\" value=\"https:\/\/uniespsa.com.br\/fasp\/download\/51\/biblioteca\/4986\/regulamento-da-biblioteca.pdf\"                           data-filetitle=\"Regulamento da Biblioteca\" data-fileicons=\"ext ext-pdf wpfd-icon-set-png\" \/>                    <td class=\"file_title\"><a class=\"wpfd_downloadlink\" href=\"https:\/\/uniespsa.com.br\/fasp\/download\/51\/biblioteca\/4986\/regulamento-da-biblioteca.pdf\"  title=\"Regulamento da Biblioteca\" target=\"\"><span class=\"extcol\"><span class=\"ext ext-pdf wpfd-icon-set-png\"><\/span><\/span><span class=\"wpfd-file-crop-title\">Regulamento da Biblioteca<\/span><\/a><\/td><td class=\"file_size\">173.52 KB<\/td>                                            <td class=\"file_download_tbl col-download\">                                                    <\/td>                                    <\/tr>                                        <\/tbody>        <\/table>            <\/div><\/div><\/div><\/div>\n\t\t\t\t\t\t<\/div>\n\t\t\t\t<\/div>\n\t\t\t\t\t<\/div>\n\t\t<\/div>\n\t\t\t\t\t<\/div>\n\t\t<\/section>\n\t\t\t\t<\/div>\n\t\t","protected":false},"excerpt":{"rendered":"<p>Biblioteca Explore um acervo f\u00edsico completo, com obras atualizadas e essenciais para seu curso. Sobre o Acervo Miss\u00e3oDisseminar a informa\u00e7\u00e3o de forma a apoiar as atividades de ensino, pesquisa e extens\u00e3o. Inscri\u00e7\u00e3oOs docentes, discentes e funcion\u00e1rios dever\u00e3o preencher o cadastro na Biblioteca. Os dados para contato dever\u00e3o ser atualizados junto a Biblioteca, caso haja alguma [&hellip;]<\/p>\n","protected":false},"author":1,"featured_media":0,"parent":4888,"menu_order":0,"comment_status":"closed","ping_status":"closed","template":"elementor_header_footer","meta":{"footnotes":""},"class_list":["post-5281","page","type-page","status-publish","hentry"],"_links":{"self":[{"href":"https:\/\/uniespsa.com.br\/fasp\/wp-json\/wp\/v2\/pages\/5281","targetHints":{"allow":["GET"]}}],"collection":[{"href":"https:\/\/uniespsa.com.br\/fasp\/wp-json\/wp\/v2\/pages"}],"about":[{"href":"https:\/\/uniespsa.com.br\/fasp\/wp-json\/wp\/v2\/types\/page"}],"author":[{"embeddable":true,"href":"https:\/\/uniespsa.com.br\/fasp\/wp-json\/wp\/v2\/users\/1"}],"replies":[{"embeddable":true,"href":"https:\/\/uniespsa.com.br\/fasp\/wp-json\/wp\/v2\/comments?post=5281"}],"version-history":[{"count":0,"href":"https:\/\/uniespsa.com.br\/fasp\/wp-json\/wp\/v2\/pages\/5281\/revisions"}],"up":[{"embeddable":true,"href":"https:\/\/uniespsa.com.br\/fasp\/wp-json\/wp\/v2\/pages\/4888"}],"wp:attachment":[{"href":"https:\/\/uniespsa.com.br\/fasp\/wp-json\/wp\/v2\/media?parent=5281"}],"curies":[{"name":"wp","href":"https:\/\/api.w.org\/{rel}","templated":true}]}}