{"id":5292,"date":"2025-04-04T18:19:30","date_gmt":"2025-04-04T21:19:30","guid":{"rendered":"https:\/\/uniespsa.com.br\/fasp\/?page_id=5292"},"modified":"2025-04-07T12:01:07","modified_gmt":"2025-04-07T15:01:07","slug":"periodicos-eletronicos","status":"publish","type":"page","link":"https:\/\/uniespsa.com.br\/fasp\/biblioteca\/periodicos-eletronicos\/","title":{"rendered":"Peri\u00f3dicos Eletr\u00f4nicos"},"content":{"rendered":"\t\t<div data-elementor-type=\"wp-page\" data-elementor-id=\"5292\" class=\"elementor elementor-5292\" data-elementor-post-type=\"page\">\n\t\t\t\t\t\t<section class=\"elementor-section elementor-top-section elementor-element elementor-element-580ce28 elementor-section-height-min-height elementor-section-boxed elementor-section-height-default elementor-section-items-middle\" data-id=\"580ce28\" data-element_type=\"section\" data-e-type=\"section\" data-settings=\"{&quot;background_background&quot;:&quot;gradient&quot;,&quot;ekit_has_onepagescroll_dot&quot;:&quot;yes&quot;}\">\n\t\t\t\t\t\t\t<div class=\"elementor-background-overlay\"><\/div>\n\t\t\t\t\t\t\t<div class=\"elementor-container elementor-column-gap-default\">\n\t\t\t\t\t<div class=\"elementor-column elementor-col-100 elementor-top-column elementor-element elementor-element-d1102cc\" data-id=\"d1102cc\" data-element_type=\"column\" data-e-type=\"column\">\n\t\t\t<div class=\"elementor-widget-wrap elementor-element-populated\">\n\t\t\t\t\t\t<div class=\"elementor-element elementor-element-89fdee9 elementor-widget elementor-widget-heading\" data-id=\"89fdee9\" data-element_type=\"widget\" data-e-type=\"widget\" data-settings=\"{&quot;_animation&quot;:&quot;none&quot;,&quot;ekit_we_effect_on&quot;:&quot;none&quot;}\" data-widget_type=\"heading.default\">\n\t\t\t\t<div class=\"elementor-widget-container\">\n\t\t\t\t\t<h2 class=\"elementor-heading-title elementor-size-default\">Biblioteca<\/h2>\t\t\t\t<\/div>\n\t\t\t\t<\/div>\n\t\t\t\t<div class=\"elementor-element elementor-element-8fa6ff2 elementor-widget-divider--view-line elementor-widget elementor-widget-divider\" data-id=\"8fa6ff2\" data-element_type=\"widget\" data-e-type=\"widget\" data-settings=\"{&quot;ekit_we_effect_on&quot;:&quot;none&quot;}\" data-widget_type=\"divider.default\">\n\t\t\t\t<div class=\"elementor-widget-container\">\n\t\t\t\t\t\t\t<div class=\"elementor-divider\">\n\t\t\t<span class=\"elementor-divider-separator\">\n\t\t\t\t\t\t<\/span>\n\t\t<\/div>\n\t\t\t\t\t\t<\/div>\n\t\t\t\t<\/div>\n\t\t\t\t<div class=\"elementor-element elementor-element-2e5066d elementor-widget elementor-widget-text-editor\" data-id=\"2e5066d\" data-element_type=\"widget\" data-e-type=\"widget\" data-settings=\"{&quot;ekit_we_effect_on&quot;:&quot;none&quot;}\" data-widget_type=\"text-editor.default\">\n\t\t\t\t<div class=\"elementor-widget-container\">\n\t\t\t\t\t\t\t\t\t<div class=\"elementor-element elementor-element-a6cbdcf elementor-widget elementor-widget-text-editor\" data-id=\"a6cbdcf\" data-element_type=\"widget\" data-settings=\"{\" data-widget_type=\"text-editor.default\"><div class=\"elementor-widget-container\"><div class=\"elementor-text-editor elementor-clearfix\"><p><strong>Mantenha-se atualizado com revistas cient\u00edficas e jornais digitais renomados<\/strong><\/p><\/div><\/div><\/div>\t\t\t\t\t\t\t\t<\/div>\n\t\t\t\t<\/div>\n\t\t\t\t\t<\/div>\n\t\t<\/div>\n\t\t\t\t\t<\/div>\n\t\t<\/section>\n\t\t\t\t<section class=\"elementor-section elementor-top-section elementor-element elementor-element-d1a9334 elementor-section-boxed elementor-section-height-default elementor-section-height-default\" data-id=\"d1a9334\" data-element_type=\"section\" data-e-type=\"section\" data-settings=\"{&quot;animation&quot;:&quot;none&quot;,&quot;background_background&quot;:&quot;classic&quot;,&quot;ekit_has_onepagescroll_dot&quot;:&quot;yes&quot;}\">\n\t\t\t\t\t\t<div class=\"elementor-container elementor-column-gap-default\">\n\t\t\t\t\t<div class=\"elementor-column elementor-col-100 elementor-top-column elementor-element elementor-element-7160ac8\" data-id=\"7160ac8\" data-element_type=\"column\" data-e-type=\"column\" data-settings=\"{&quot;animation&quot;:&quot;none&quot;}\">\n\t\t\t<div class=\"elementor-widget-wrap elementor-element-populated\">\n\t\t\t\t\t\t<div class=\"elementor-element elementor-element-ee0d47c elementor-widget elementor-widget-eael-adv-accordion\" data-id=\"ee0d47c\" data-element_type=\"widget\" data-e-type=\"widget\" data-settings=\"{&quot;ekit_we_effect_on&quot;:&quot;none&quot;}\" data-widget_type=\"eael-adv-accordion.default\">\n\t\t\t\t<div class=\"elementor-widget-container\">\n\t\t\t\t\t            <div class=\"eael-adv-accordion\" id=\"eael-adv-accordion-ee0d47c\" data-scroll-on-click=\"yes\" data-scroll-speed=\"300\" data-accordion-id=\"ee0d47c\" data-accordion-type=\"accordion\" data-toogle-speed=\"300\">\n            <div class=\"eael-accordion-list\">\n\t\t\t\t\t<div id=\"contabilidade\" class=\"elementor-tab-title eael-accordion-header\" tabindex=\"0\" data-tab=\"1\" aria-controls=\"elementor-tab-content-2491\"><span class=\"eael-advanced-accordion-icon-closed\"><i aria-hidden=\"true\" class=\"fa-accordion-icon fas fa-plus\"><\/i><\/span><span class=\"eael-advanced-accordion-icon-opened\"><i aria-hidden=\"true\" class=\"fa-accordion-icon fas fa-minus\"><\/i><\/span><span class=\"eael-accordion-tab-title\">Contabilidade<\/span><\/div><div id=\"elementor-tab-content-2491\" class=\"eael-accordion-content clearfix\" data-tab=\"1\" aria-labelledby=\"contabilidade\"><ul><li><a href=\"http:\/\/www.unisinos.br\/abcustos\/\" target=\"_blank\" rel=\"noopener\">Abcustos \u2013 Revista de Associa\u00e7\u00e3o Brasileira de Custos<\/a><\/li><li><a href=\"http:\/\/www.atena.org.br\/revista\/ojs-2.2.3-06\/index.php\/Ambiente\" target=\"_blank\" rel=\"noopener\">Revista Ambiental Cont\u00e1bil<\/a><\/li><li><a href=\"http:\/\/www.contabeis.com.br\/forum\/topicos\/28536\/rbc-revista-brasileira-de-contabilidade\/\" target=\"_blank\" rel=\"noopener\">Revista Brasileira de Contabilidade<\/a><\/li><li><a href=\"http:\/\/seer.ufrgs.br\/index.php\/ConTexto\" target=\"_blank\" rel=\"noopener\">Revista ConTexto &#8211; UFGR<\/a><\/li><li><a href=\"https:\/\/cgg-amg.unb.br\/\" target=\"_blank\" rel=\"noopener\">Revista Contabilidade, Gest\u00e3o e Governan\u00e7a<\/a><\/li><li><a href=\"http:\/\/www.periodicos.ufsc.br\/\" target=\"_blank\" rel=\"noopener\">Revista Contempor\u00e2nea de Contas &#8211; UFSC<\/a><\/li><li><a href=\"http:\/\/www.atena.org.br\/revista\/ojs-2.2.3-06\/index.php\/ufrj\" target=\"_blank\" rel=\"noopener\">Revista Sociedade, Contabilidade e Gest\u00e3o<\/a><\/li><li><a href=\"https:\/\/www.sescon.org.br\/informativo_sescon_news\/\" target=\"_blank\" rel=\"noopener\">Sescon-SP<\/a><\/li><\/ul><\/div>\n\t\t\t\t\t<\/div><div class=\"eael-accordion-list\">\n\t\t\t\t\t<div id=\"direito\" class=\"elementor-tab-title eael-accordion-header\" tabindex=\"0\" data-tab=\"2\" aria-controls=\"elementor-tab-content-2492\"><span class=\"eael-advanced-accordion-icon-closed\"><i aria-hidden=\"true\" class=\"fa-accordion-icon fas fa-plus\"><\/i><\/span><span class=\"eael-advanced-accordion-icon-opened\"><i aria-hidden=\"true\" class=\"fa-accordion-icon fas fa-minus\"><\/i><\/span><span class=\"eael-accordion-tab-title\">Direito<\/span><\/div><div id=\"elementor-tab-content-2492\" class=\"eael-accordion-content clearfix\" data-tab=\"2\" aria-labelledby=\"direito\"><ul><li><a href=\"http:\/\/www.pelegrino.com.br\/\" target=\"_blank\" rel=\"noopener\">Advogado.com<\/a><\/li><li><a href=\"http:\/\/www.amaerj.org.br\/\" target=\"_blank\" rel=\"noopener\">Amaerj<\/a><\/li><li><a href=\"http:\/\/www.amajme-sc.com.br\/home.php\" target=\"_blank\" rel=\"noopener\">Amajme SC<\/a><\/li><li><a href=\"http:\/\/bdjur.stj.gov.br\/xmlui\/handle\/2011\/8\" target=\"_blank\" rel=\"noopener\">Biblioteca Digital do STJ<\/a><\/li><li><a href=\"http:\/\/www.oab.org.br\/\" target=\"_blank\" rel=\"noopener\">Boletim OAB Nacional<\/a><\/li><li><a href=\"http:\/\/www.egov.ufsc.br\/portal\/buscalegis\" target=\"_blank\" rel=\"noopener\">Buscalegis \u2013 Biblioteca Jur\u00eddica Virtual UFSC<\/a><\/li><li><a href=\"http:\/\/www.cadejur.com.br\/\" target=\"_blank\" rel=\"noopener\">Cad\u00eajur Pesquisa Jur\u00eddica<\/a><\/li><li><a href=\"http:\/\/cev.org.br\/biblioteca\/\" target=\"_blank\" rel=\"noopener\">Centro Esportivo Virtual \u2013 Direito Esportivo<\/a><\/li><li><a href=\"http:\/\/www.conjur.com.br\/\" target=\"_blank\" rel=\"noopener\">Consultor Jur\u00eddico<\/a><\/li><li><a href=\"http:\/\/www.correioforense.com.br\/\" target=\"_blank\" rel=\"noopener\">Correio Forense<\/a><\/li><li><a href=\"http:\/\/www.dji.com.br\/\" target=\"_blank\" rel=\"noopener\">Direito e Justi\u00e7a<\/a><\/li><li><a href=\"https:\/\/www.direitoemdebate.net\/\" target=\"_blank\" rel=\"noopener\">Direito em Debate \u2013 Portal Jur\u00eddico<\/a><\/li><li><a href=\"http:\/\/www.direitonet.com.br\/artigos\" target=\"_blank\" rel=\"noopener\">Direito Net<\/a><\/li><li><a href=\"http:\/\/www.direitonet.com.br\/\" target=\"_blank\" rel=\"noopener\">Direito Net<\/a><\/li><li><a href=\"http:\/\/publique.rdc.puc-rio.br\/direito\/cgi\/cgilua.exe\/sys\/start.htm?tpl=home\" target=\"_blank\" rel=\"noopener\">Direito, Estado e Sociedade<\/a><\/li><li><a href=\"http:\/\/revista.grupointegrado.br\/revista\/index.php\/discursojuridico\/\" target=\"_blank\" rel=\"noopener\">Discurso Jur\u00eddico<\/a><\/li><li><a href=\"http:\/\/www.escritorioonline.adv.br\/\" target=\"_blank\" rel=\"noopener\">Escrit\u00f3rio Online \u2013 Portal Jur\u00eddico<\/a><\/li><li><a href=\"http:\/\/www.brunosilva.adv.br\/\" target=\"_blank\" rel=\"noopener\">Espa\u00e7o Jur\u00eddico<\/a><\/li><li><a href=\"http:\/\/www.fiscosoft.com.br\/\" target=\"_blank\" rel=\"noopener\">Fiscosoft \u2013 Informa\u00e7\u00f5es Fiscais e Legais<\/a><\/li><li><a href=\"http:\/\/blfranco.blogspot.com.br\/2012\/02\/download-gratuito-de-livros-academicos.html\" target=\"_blank\" rel=\"noopener\">Livros para Download Gratuitos<\/a><\/li><li><a href=\"http:\/\/www.periodicos.ufsc.br\/index.php\/politica\/index\" target=\"_blank\" rel=\"noopener\">Pol\u00edtica &amp; Sociedade \u2013 UFSC<\/a><\/li><li><a href=\"http:\/\/www.direitodoestado.com.br\/\" target=\"_blank\" rel=\"noopener\">Portal Multim\u00eddia Jur\u00eddico<\/a><\/li><li><a href=\"http:\/\/www.ambito-juridico.com.br\/site\/index.php\" target=\"_blank\" rel=\"noopener\">Revista \u00c2mbito Jur\u00eddico<\/a><\/li><li><a href=\"http:\/\/www.esdc.com.br\/rbdc-inicio.htm\" target=\"_blank\" rel=\"noopener\">Revista Brasileira de Direito Constitucional<\/a><\/li><li><a href=\"http:\/\/ojs.c3sl.ufpr.br\/ojs2\/index.php\/dint\/issue\/current\" target=\"_blank\" rel=\"noopener\">Revista Brasileira de Direito Internacional<\/a><\/li><li><a href=\"http:\/\/revistas.ufpr.br\/dint\" target=\"_blank\" rel=\"noopener\">Revista Brasileira de Direito Internacional \u2013 RBDI<\/a><\/li><li><a href=\"https:\/\/www2.cjf.jus.br\/ojs2\/index.php\/cej\/index\" target=\"_blank\" rel=\"noopener\">Revista CEJ \u2013 Conselho da Justi\u00e7a Federal<\/a><\/li><li><a href=\"http:\/\/revistas.ufpr.br\/direito\/\" target=\"_blank\" rel=\"noopener\">Revista da Faculdade de Direito da UFPR<\/a><\/li><li><a href=\"http:\/\/www.getel.org\/GETELSEER\/index.php\/rdet\" target=\"_blank\" rel=\"noopener\">Revista de Direito, Estado e Telecomunica\u00e7\u00f5es \u2013 UNB<\/a><\/li><li><a href=\"http:\/\/www.direitopublico.com.br\/\" target=\"_blank\" rel=\"noopener\">Revista Di\u00e1logo Jur\u00eddico<\/a><\/li><li><a href=\"http:\/\/revistaseletronicas.pucrs.br\/fo\/ojs\/index.php\/fadir\/index\" target=\"_blank\" rel=\"noopener\">Revista Direito e Justi\u00e7a \u2013 PUC-RS<\/a><\/li><li><a href=\"https:\/\/www.metodista.br\/revistas\/revistas-ims\/index.php\/RFD\/issue\/archive\" target=\"_blank\" rel=\"noopener\">Revista do Curso de Direito &#8211; UNIMETODISTA<\/a><\/li><li><a href=\"http:\/\/revista.uniabeu.edu.br\/index.php\/rcd\" target=\"_blank\" rel=\"noopener\">Revista do Curso de Direito da UNIABEU<\/a><\/li><li><a href=\"http:\/\/online.unisc.br\/seer\/index.php\/direito\" target=\"_blank\" rel=\"noopener\">Revista do Direito<\/a><\/li><li><a href=\"http:\/\/online.unisc.br\/seer\/index.php\/direito\/issue\/archive\" target=\"_blank\" rel=\"noopener\">Revista do Direito Privado<\/a><\/li><\/ul><\/div>\n\t\t\t\t\t<\/div><div class=\"eael-accordion-list\">\n\t\t\t\t\t<div id=\"enfermagem-e-sade-pblica\" class=\"elementor-tab-title eael-accordion-header\" tabindex=\"0\" data-tab=\"3\" aria-controls=\"elementor-tab-content-2493\"><span class=\"eael-advanced-accordion-icon-closed\"><i aria-hidden=\"true\" class=\"fa-accordion-icon fas fa-plus\"><\/i><\/span><span class=\"eael-advanced-accordion-icon-opened\"><i aria-hidden=\"true\" class=\"fa-accordion-icon fas fa-minus\"><\/i><\/span><span class=\"eael-accordion-tab-title\">Enfermagem e Sa\u00fade P\u00fablica<\/span><\/div><div id=\"elementor-tab-content-2493\" class=\"eael-accordion-content clearfix\" data-tab=\"3\" aria-labelledby=\"enfermagem-e-sade-pblica\"><ul><li><a href=\"http:\/\/revistaseletronicas.pucrs.br\/teo\/ojs\/index.php\/face\" target=\"_blank\" rel=\"noopener\">An\u00e1lise \u2013 Revista Cient\u00edfica de Administra\u00e7\u00e3o, Contabilidade e Economia<\/a><\/li><li><a href=\"http:\/\/www.facmais.edu.br\/portalmais\/index.php\/pesquisa\/revistas-online\" target=\"_blank\" rel=\"noopener\">Aporia \u2013 The Nursing of Jornal (Aporia \u2013 Revista de Enfermagem)<\/a><\/li><li><a href=\"http:\/\/www.fmabc.br\/index.php?option=com_content&amp;view=article&amp;id=45&amp;Itemid=15\" target=\"_blank\" rel=\"noopener\">Arquivos Brasileiros de Ci\u00eancias da Sa\u00fade<\/a><\/li><li><a href=\"http:\/\/tapajo.unipar.br\/site\/ensino\/pesquisa\/publicacoes\/revistas\/revis\/tview01.php?im_id=1\" target=\"_blank\" rel=\"noopener\">Arquivos de Ci\u00eancias da Sa\u00fade da Unipar<\/a><\/li><li><a href=\"http:\/\/app.ebape.fgv.br\/cadernosebape\/asp\/dsp_Ist-artigos_edicao.asp\" target=\"_blank\" rel=\"noopener\">Cadernos EBAPE.BR (FGV)<\/a><\/li><li><a href=\"http:\/\/revistas.ufpr.br\/cogitare\" target=\"_blank\" rel=\"noopener\">Cogitare Enfermagem (Universidade Federal do Paran\u00e1)<\/a><\/li><li><a href=\"http:\/\/www.unisantos.br\/mestrado\/gestao\/egesta\/\" target=\"_blank\" rel=\"noopener\">Egesta<\/a><\/li><li><a href=\"http:\/\/revista.portalcofen.gov.br\/\" target=\"_blank\" rel=\"noopener\">Enfermagem em Foco (Revista Oficial do Conselho Federal de Enfermagem)<\/a><\/li><li><a href=\"http:\/\/portal.saude.gov.br\/portal\/svs\/visualizar_texto.cfm?idtxt=21199\" target=\"_blank\" rel=\"noopener\">Epidemiologia e Servi\u00e7os de Sa\u00fade: Revista do SUS<\/a><\/li><li><a href=\"https:\/\/dialnet.unirioja.es\/servlet\/revista?codigo=3197\" target=\"_blank\" rel=\"noopener\">Index de Enfermeira: Informaci\u00f3n Bibliogr\u00e1fica, Investigaci\u00f3n y Humanidades<\/a><\/li><li><a href=\"http:\/\/www.dst.uff.br\/\/jornal.htm\" target=\"_blank\" rel=\"noopener\">Jornal Brasileiro de Doen\u00e7as Sexualmente Transmiss\u00edveis<\/a><\/li><li><a href=\"http:\/\/www.jornaldepneumologia.com.br\/\" target=\"_blank\" rel=\"noopener\">Jornal Brasileiro de Pneumologia<\/a><\/li><li><a href=\"http:\/\/www.medscape.com\/\" target=\"_blank\" rel=\"noopener\">Medscape: Medical News, Full Text Journal Article and More<\/a><\/li><li><a href=\"http:\/\/www.nlm.nih.gov\/\" target=\"_blank\" rel=\"noopener\">National Library of Medicine (Biblioteca Nacional de Medicina)<\/a><\/li><li><a href=\"http:\/\/www.nureinvestigacion.es\/\" target=\"_blank\" rel=\"noopener\">Nure Investigaci\u00f3n (Nure: Pesquisa)<\/a><\/li><li><a href=\"http:\/\/rnojournal.binghamton.edu\/index.php\/RNO\" target=\"_blank\" rel=\"noopener\">Online Journal of Rural Nursing and Health Care<\/a><\/li><li><a href=\"http:\/\/mjs.metodista.br\/index.php\/rpc\" target=\"_blank\" rel=\"noopener\">Organiza\u00e7\u00e3o em Contexto<\/a><\/li><li><a href=\"http:\/\/pediatriasaopaulo.usp.br\/\" target=\"_blank\" rel=\"noopener\">Pediatria<\/a><\/li><li><a href=\"http:\/\/www.ensp.fiocruz.br\/portal-ensp\/publicacoes\/saude-e-direitos-humanos\/\" target=\"_blank\" rel=\"noopener\">Portal ENSP &#8211; Revista Sa\u00fade e Direitos Humanos<\/a><\/li><li><a href=\"http:\/\/anpad.org.br\/periodicos\/content\/frame_base.php?revista=3\" target=\"_blank\" rel=\"noopener\">RAC Eletr\u00f4nica<\/a><\/li><li><a href=\"http:\/\/rausp.usp.br\/\" target=\"_blank\" rel=\"noopener\">RAUSP \u2013 Revista de Administra\u00e7\u00e3o<\/a><\/li><li><a href=\"http:\/\/www.facef.br\/rea\" target=\"_blank\" rel=\"noopener\">REA \u2013 Revista Eletr\u00f4nica de Administra\u00e7\u00e3o<\/a><\/li><li><a href=\"http:\/\/www.read.ea.ufrgs.br\/\" target=\"_blank\" rel=\"noopener\">READ: Revista Eletr\u00f4nica de Administra\u00e7\u00e3o<\/a><\/li><li><a href=\"http:\/\/www.abennacional.org.br\/revista\/sumario.html\" target=\"_blank\" rel=\"noopener\">Revista Adolescer<\/a><\/li><li><a href=\"http:\/\/departamentos.cardiol.br\/dha\/edicoes_revista.asp\" target=\"_blank\" rel=\"noopener\">Revista Brasileira de Hipertens\u00e3o<\/a><\/li><li><a href=\"http:\/\/www.cerebromente.org.br\/home.htm\" target=\"_blank\" rel=\"noopener\">Revista C\u00e9rebro e Mente<\/a><\/li><li><a href=\"http:\/\/www.ee.usp.br\/site\/Index.php\/paginas\/mostrar\/1419\/2094\/147\" target=\"_blank\" rel=\"noopener\">Revista da Escola de Enfermagem da USP<\/a><\/li><li><a href=\"http:\/\/www.ufpe.br\/revistaenfermagem\/index.php\/revista\/index\" target=\"_blank\" rel=\"noopener\">Revista de Enfermagem da Universidade Federal de Pernambuco \u2013 Online (REUOL)<\/a><\/li><li><a href=\"http:\/\/www.paginasenferurg.com\/index.htm\" target=\"_blank\" rel=\"noopener\">Revista Digital de Enfermagem<\/a><\/li><li><a href=\"http:\/\/www.fen.ufg.br\/revista\/\" target=\"_blank\" rel=\"noopener\">Revista Eletr\u00f4nica de Enfermagem da UFG<\/a><\/li><li><a href=\"http:\/\/www.facenf.uerj.br\/revenfermuerj.html\" target=\"_blank\" rel=\"noopener\">Revista Enfermagem<\/a><\/li><li><a href=\"http:\/\/www.atlanticaeditora.com.br\/index.pp?opition=com_content&amp;view=section&amp;id=111&amp;Itemid=68\" target=\"_blank\" rel=\"noopener\">Revista Enfermagem Brasil<\/a><\/li><li><a href=\"http:\/\/cascavel.ufsm.br\/revistas\/ojs-2.2.2\/index.php\/reufsm\" target=\"_blank\" rel=\"noopener\">Revista Enfermagem da Universidade Federal de Santa Maria (REUFSM)<\/a><\/li><li><a href=\"http:\/\/www.fumec.br\/revistas\/index.php\/facesp\" target=\"_blank\" rel=\"noopener\">Revista Faces<\/a><\/li><li><a href=\"http:\/\/www.revistas.unifacs.br\/index.php\/rgb\/index\" target=\"_blank\" rel=\"noopener\">Revista Gest\u00e3o e Planejamento<\/a><\/li><li><a href=\"http:\/\/cetes.medicina.ufmg.br\/revista\/index.php\/rlat\" target=\"_blank\" rel=\"noopener\">Revista Latino-Americana de Telessa\u00fade<\/a><\/li><li><a href=\"http:\/\/www.rmmg.org\/Home\" target=\"_blank\" rel=\"noopener\">Revista M\u00e9dica de Minas Gerais \u2013 RMMG<\/a><\/li><li><a href=\"http:\/\/www.revistaseden.org\/\" target=\"_blank\" rel=\"noopener\">Revista SEDEN<\/a><\/li><li><a href=\"http:\/\/www.vima-asklipiou.gr\/default_en.html\" target=\"_blank\" rel=\"noopener\">Rostrum of Asclepius &#8211; Revista Cient\u00edfica Trimestral para Profissionais de Sa\u00fade<\/a><\/li><li><a href=\"http:\/\/www.latindex.unam.mx\/\" target=\"_blank\" rel=\"noopener\">Latindex &#8211; Sistema Nacional de Informa\u00e7\u00e3o Online para Revistas Cient\u00edficas<\/a><\/li><li><a href=\"http:\/\/ispub.com\/journal\/the_internet_jounal_of_advanced_nursing_practice.html\" target=\"_blank\" rel=\"noopener\">The Internet Journal of Advanced Nursing Practice<\/a><\/li><li><a href=\"http:\/\/www.nursingworld.org\/ojin\" target=\"_blank\" rel=\"noopener\">The Online Journal of Issues in Nursing \u2013 OJIN<\/a><\/li><li><a href=\"http:\/\/www.worldwidewounds.com\/\" target=\"_blank\" rel=\"noopener\">World Wide Wounds: Informa\u00e7\u00f5es sobre Materiais Cir\u00fargicos e Cuidados com Feridas<\/a><\/li><\/ul><\/div>\n\t\t\t\t\t<\/div><div class=\"eael-accordion-list\">\n\t\t\t\t\t<div id=\"pedagogia\" class=\"elementor-tab-title eael-accordion-header\" tabindex=\"0\" data-tab=\"4\" aria-controls=\"elementor-tab-content-2494\"><span class=\"eael-advanced-accordion-icon-closed\"><i aria-hidden=\"true\" class=\"fa-accordion-icon fas fa-plus\"><\/i><\/span><span class=\"eael-advanced-accordion-icon-opened\"><i aria-hidden=\"true\" class=\"fa-accordion-icon fas fa-minus\"><\/i><\/span><span class=\"eael-accordion-tab-title\">Pedagogia<\/span><\/div><div id=\"elementor-tab-content-2494\" class=\"eael-accordion-content clearfix\" data-tab=\"4\" aria-labelledby=\"pedagogia\"><ul><li><a href=\"http:\/\/www.cadernosdapedagogia.ufscar.br\/index.php\/cp\" target=\"_blank\" rel=\"noopener\">Cadernos da Pedagogia \u2013 UFSCar<\/a><\/li><li><a href=\"http:\/\/www.seer.ufu.br\/index.php\/che\" target=\"_blank\" rel=\"noopener\">Cadernos de Hist\u00f3ria da Educa\u00e7\u00e3o<\/a><\/li><li><a href=\"http:\/\/www.revistacomunicar.com\/\" target=\"_blank\" rel=\"noopener\">Comunicar (Huelva)<\/a><\/li><li><a href=\"http:\/\/www.curriculosemfronteiras.org\/\" target=\"_blank\" rel=\"noopener\">Curr\u00edculo sem Fronteiras<\/a><\/li><li><a href=\"http:\/\/seer.ufrgs.br\/index.php\/educacaoerealidade\" target=\"_blank\" rel=\"noopener\">Educa\u00e7\u00e3o &amp; Realidade<\/a><\/li><li><a href=\"http:\/\/revistaseletronicas.pucrs.br\/ojs\/index.php\/faced\" target=\"_blank\" rel=\"noopener\">Educa\u00e7\u00e3o (PUCRS)<\/a><\/li><li><a href=\"http:\/\/www.seer.ufu.br\/index.php\/EducacaoFilosofia\" target=\"_blank\" rel=\"noopener\">Educa\u00e7\u00e3o e Filosofia<\/a><\/li><li><a href=\"http:\/\/www.filosofia.com.br\/biblioteca.php\" target=\"_blank\" rel=\"noopener\">Obras On-line \u2013 Jos\u00e9 Xavier (Porto Alegre)<\/a><\/li><li><a href=\"http:\/\/www.rbep.inep.gov.br\/index.php\/RBEP\/index\" target=\"_blank\" rel=\"noopener\">Revista Brasileira de Estudos Pedag\u00f3gicos<\/a><\/li><li><a href=\"http:\/\/www.rbhe.sbhe.org.br\/index.php\/rbhe\" target=\"_blank\" rel=\"noopener\">Revista Brasileira de Hist\u00f3ria da Educa\u00e7\u00e3o<\/a><\/li><li><a href=\"https:\/\/seer.ufmg.br\/index.php\/rbpec\" target=\"_blank\" rel=\"noopener\">Revista Brasileira de Pesquisa em Educa\u00e7\u00e3o em Ci\u00eancias<\/a><\/li><li><a href=\"http:\/\/www.cultura.ufpa.br\/rcientifica\/index.php\" target=\"_blank\" rel=\"noopener\">Revista Cient\u00edfica da Universidade Federal do Par\u00e1<\/a><\/li><li><a href=\"https:\/\/www.revistas.ufg.br\/interacao\/issue\/archive\" target=\"_blank\" rel=\"noopener\">Revista Inter. A\u00e7\u00e3o<\/a><\/li><li><a href=\"http:\/\/revistas.ulusofona.pt\/index.php\/rleducacao\" target=\"_blank\" rel=\"noopener\">Revista Lus\u00f3fona de Educa\u00e7\u00e3o<\/a><\/li><li><a href=\"http:\/\/sociologiapp.iscte-iul.pt\/index.jsp\" target=\"_blank\" rel=\"noopener\">Sociologia: Problemas e Pr\u00e1ticas<\/a><\/li><li><a href=\"https:\/\/www.revistas.ufg.br\/sv\/issue\/archive\" target=\"_blank\" rel=\"noopener\">Solta a Voz<\/a><\/li><li><a href=\"http:\/\/www.dtp.uem.br\/rtpe\/publicacoes.html\" target=\"_blank\" rel=\"noopener\">Teoria e Pr\u00e1tica da Educa\u00e7\u00e3o<\/a><\/li><li><a href=\"http:\/\/ler.letras.up.pt\/site\/default.aspx?qry=id04id111&amp;sum=sim\" target=\"_blank\" rel=\"noopener\">U.Porto: Faculdade de Letras da Universidade do Porto<\/a><\/li><\/ul><\/div>\n\t\t\t\t\t<\/div><\/div>\t\t\t\t<\/div>\n\t\t\t\t<\/div>\n\t\t\t\t\t<\/div>\n\t\t<\/div>\n\t\t\t\t\t<\/div>\n\t\t<\/section>\n\t\t\t\t<\/div>\n\t\t","protected":false},"excerpt":{"rendered":"<p>Biblioteca Mantenha-se atualizado com revistas cient\u00edficas e jornais digitais renomados Contabilidade Abcustos \u2013 Revista de Associa\u00e7\u00e3o Brasileira de Custos Revista Ambiental Cont\u00e1bil Revista Brasileira de Contabilidade Revista ConTexto &#8211; UFGR Revista Contabilidade, Gest\u00e3o e Governan\u00e7a Revista Contempor\u00e2nea de Contas &#8211; UFSC Revista Sociedade, Contabilidade e Gest\u00e3o Sescon-SP Direito Advogado.com Amaerj Amajme SC Biblioteca Digital do [&hellip;]<\/p>\n","protected":false},"author":1,"featured_media":0,"parent":4888,"menu_order":0,"comment_status":"closed","ping_status":"closed","template":"elementor_header_footer","meta":{"footnotes":""},"class_list":["post-5292","page","type-page","status-publish","hentry"],"_links":{"self":[{"href":"https:\/\/uniespsa.com.br\/fasp\/wp-json\/wp\/v2\/pages\/5292","targetHints":{"allow":["GET"]}}],"collection":[{"href":"https:\/\/uniespsa.com.br\/fasp\/wp-json\/wp\/v2\/pages"}],"about":[{"href":"https:\/\/uniespsa.com.br\/fasp\/wp-json\/wp\/v2\/types\/page"}],"author":[{"embeddable":true,"href":"https:\/\/uniespsa.com.br\/fasp\/wp-json\/wp\/v2\/users\/1"}],"replies":[{"embeddable":true,"href":"https:\/\/uniespsa.com.br\/fasp\/wp-json\/wp\/v2\/comments?post=5292"}],"version-history":[{"count":0,"href":"https:\/\/uniespsa.com.br\/fasp\/wp-json\/wp\/v2\/pages\/5292\/revisions"}],"up":[{"embeddable":true,"href":"https:\/\/uniespsa.com.br\/fasp\/wp-json\/wp\/v2\/pages\/4888"}],"wp:attachment":[{"href":"https:\/\/uniespsa.com.br\/fasp\/wp-json\/wp\/v2\/media?parent=5292"}],"curies":[{"name":"wp","href":"https:\/\/api.w.org\/{rel}","templated":true}]}}