{"id":1548,"date":"2025-03-05T15:22:02","date_gmt":"2025-03-05T18:22:02","guid":{"rendered":"https:\/\/uniespsa.com.br\/modelo\/?page_id=1548"},"modified":"2025-08-14T18:38:20","modified_gmt":"2025-08-14T21:38:20","slug":"cpa","status":"publish","type":"page","link":"https:\/\/uniespsa.com.br\/uniesb\/cpa\/","title":{"rendered":"CPA"},"content":{"rendered":"\t\t<div data-elementor-type=\"wp-page\" data-elementor-id=\"1548\" class=\"elementor elementor-1548\" data-elementor-post-type=\"page\">\n\t\t\t\t\t\t<section class=\"elementor-section elementor-top-section elementor-element elementor-element-e9f6f23 elementor-section-height-min-height elementor-section-boxed elementor-section-height-default elementor-section-items-middle\" data-id=\"e9f6f23\" data-element_type=\"section\" data-e-type=\"section\" data-settings=\"{&quot;background_background&quot;:&quot;gradient&quot;,&quot;ekit_has_onepagescroll_dot&quot;:&quot;yes&quot;}\">\n\t\t\t\t\t\t\t<div class=\"elementor-background-overlay\"><\/div>\n\t\t\t\t\t\t\t<div class=\"elementor-container elementor-column-gap-default\">\n\t\t\t\t\t<div class=\"elementor-column elementor-col-100 elementor-top-column elementor-element elementor-element-74f2db3\" data-id=\"74f2db3\" data-element_type=\"column\" data-e-type=\"column\">\n\t\t\t<div class=\"elementor-widget-wrap elementor-element-populated\">\n\t\t\t\t\t\t<div class=\"elementor-element elementor-element-7f90ae8 elementor-widget-divider--view-line elementor-widget elementor-widget-divider\" data-id=\"7f90ae8\" data-element_type=\"widget\" data-e-type=\"widget\" data-settings=\"{&quot;ekit_we_effect_on&quot;:&quot;none&quot;}\" data-widget_type=\"divider.default\">\n\t\t\t\t<div class=\"elementor-widget-container\">\n\t\t\t\t\t\t\t<div class=\"elementor-divider\">\n\t\t\t<span class=\"elementor-divider-separator\">\n\t\t\t\t\t\t<\/span>\n\t\t<\/div>\n\t\t\t\t\t\t<\/div>\n\t\t\t\t<\/div>\n\t\t\t\t<div class=\"elementor-element elementor-element-b2bc530 elementor-widget elementor-widget-text-editor\" data-id=\"b2bc530\" data-element_type=\"widget\" data-e-type=\"widget\" data-settings=\"{&quot;ekit_we_effect_on&quot;:&quot;none&quot;}\" data-widget_type=\"text-editor.default\">\n\t\t\t\t<div class=\"elementor-widget-container\">\n\t\t\t\t\t\t\t\t\t<div class=\"elementor-element elementor-element-a6cbdcf elementor-widget elementor-widget-text-editor\" data-id=\"a6cbdcf\" data-element_type=\"widget\" data-settings=\"{\" data-widget_type=\"text-editor.default\"><div class=\"elementor-widget-container\"><div class=\"elementor-text-editor elementor-clearfix\"><p><strong>Saiba como a Comiss\u00e3o Pr\u00f3pria de Avalia\u00e7\u00e3o contribui para a melhoria cont\u00ednua de nossa institui\u00e7\u00e3o<\/strong><\/p><\/div><\/div><\/div>\t\t\t\t\t\t\t\t<\/div>\n\t\t\t\t<\/div>\n\t\t\t\t\t<\/div>\n\t\t<\/div>\n\t\t\t\t\t<\/div>\n\t\t<\/section>\n\t\t\t\t<section class=\"elementor-section elementor-top-section elementor-element elementor-element-a226111 elementor-section-boxed elementor-section-height-default elementor-section-height-default\" data-id=\"a226111\" data-element_type=\"section\" data-e-type=\"section\" data-settings=\"{&quot;ekit_has_onepagescroll_dot&quot;:&quot;yes&quot;}\">\n\t\t\t\t\t\t<div class=\"elementor-container elementor-column-gap-default\">\n\t\t\t\t\t<div class=\"elementor-column elementor-col-100 elementor-top-column elementor-element elementor-element-41f216f elementor-invisible\" data-id=\"41f216f\" data-element_type=\"column\" data-e-type=\"column\" data-settings=\"{&quot;animation&quot;:&quot;fadeInUp&quot;}\">\n\t\t\t<div class=\"elementor-widget-wrap elementor-element-populated\">\n\t\t\t\t\t\t<div class=\"elementor-element elementor-element-5749056 elementor-widget elementor-widget-icon-box\" data-id=\"5749056\" data-element_type=\"widget\" data-e-type=\"widget\" data-settings=\"{&quot;ekit_we_effect_on&quot;:&quot;none&quot;}\" data-widget_type=\"icon-box.default\">\n\t\t\t\t<div class=\"elementor-widget-container\">\n\t\t\t\t\t\t\t<div class=\"elementor-icon-box-wrapper\">\n\n\t\t\t\n\t\t\t\t\t\t<div class=\"elementor-icon-box-content\">\n\n\t\t\t\t\t\t\t\t\t<h2 class=\"elementor-icon-box-title\">\n\t\t\t\t\t\t<span  >\n\t\t\t\t\t\t\tCPA\t\t\t\t\t\t<\/span>\n\t\t\t\t\t<\/h2>\n\t\t\t\t\n\t\t\t\t\t\t\t\t\t<p class=\"elementor-icon-box-description\">\n\t\t\t\t\t\tVoc\u00ea sabe como surge a CPA?\t\t\t\t\t<\/p>\n\t\t\t\t\n\t\t\t<\/div>\n\t\t\t\n\t\t<\/div>\n\t\t\t\t\t\t<\/div>\n\t\t\t\t<\/div>\n\t\t\t\t<div class=\"elementor-element elementor-element-33eef04 elementor-widget elementor-widget-text-editor\" data-id=\"33eef04\" data-element_type=\"widget\" data-e-type=\"widget\" data-settings=\"{&quot;ekit_we_effect_on&quot;:&quot;none&quot;}\" data-widget_type=\"text-editor.default\">\n\t\t\t\t<div class=\"elementor-widget-container\">\n\t\t\t\t\t\t\t\t\t<p>Com o prop\u00f3sito de assegurar a melhoria na qualidade de Ensino, o Minist\u00e9rio da Educa\u00e7\u00e3o promulgou a Lei n\u00ba 10.861, de 2004, que instituiu o Sistema Nacional de Avalia\u00e7\u00e3o da Educa\u00e7\u00e3o Superior. No artigo 11, as Institui\u00e7\u00f5es de Ensino Superior foram orientadas a institu\u00edrem uma Comiss\u00e3o Pr\u00f3pria de Avalia\u00e7\u00e3o.<\/p>\t\t\t\t\t\t\t\t<\/div>\n\t\t\t\t<\/div>\n\t\t\t\t\t<\/div>\n\t\t<\/div>\n\t\t\t\t\t<\/div>\n\t\t<\/section>\n\t\t\t\t<section class=\"elementor-section elementor-top-section elementor-element elementor-element-b0a3108 elementor-section-boxed elementor-section-height-default elementor-section-height-default\" data-id=\"b0a3108\" data-element_type=\"section\" data-e-type=\"section\" data-settings=\"{&quot;background_background&quot;:&quot;classic&quot;,&quot;ekit_has_onepagescroll_dot&quot;:&quot;yes&quot;}\">\n\t\t\t\t\t\t<div class=\"elementor-container elementor-column-gap-default\">\n\t\t\t\t\t<div class=\"elementor-column elementor-col-50 elementor-top-column elementor-element elementor-element-d7403bc\" data-id=\"d7403bc\" data-element_type=\"column\" data-e-type=\"column\">\n\t\t\t<div class=\"elementor-widget-wrap elementor-element-populated\">\n\t\t\t\t\t\t<div class=\"elementor-element elementor-element-2096288 elementor-widget elementor-widget-image\" data-id=\"2096288\" data-element_type=\"widget\" data-e-type=\"widget\" data-settings=\"{&quot;ekit_we_effect_on&quot;:&quot;none&quot;}\" data-widget_type=\"image.default\">\n\t\t\t\t<div class=\"elementor-widget-container\">\n\t\t\t\t\t\t\t\t\t\t\t\t\t\t\t<img fetchpriority=\"high\" decoding=\"async\" width=\"800\" height=\"592\" src=\"https:\/\/uniespsa.com.br\/uniesb\/wp-content\/uploads\/sites\/5\/2025\/03\/cpa.jpg\" class=\"attachment-full size-full wp-image-1567\" alt=\"\" srcset=\"https:\/\/uniespsa.com.br\/uniesb\/wp-content\/uploads\/sites\/5\/2025\/03\/cpa.jpg 800w, https:\/\/uniespsa.com.br\/uniesb\/wp-content\/uploads\/sites\/5\/2025\/03\/cpa-300x222.jpg 300w, https:\/\/uniespsa.com.br\/uniesb\/wp-content\/uploads\/sites\/5\/2025\/03\/cpa-768x568.jpg 768w\" sizes=\"(max-width: 800px) 100vw, 800px\" \/>\t\t\t\t\t\t\t\t\t\t\t\t\t\t\t<\/div>\n\t\t\t\t<\/div>\n\t\t\t\t\t<\/div>\n\t\t<\/div>\n\t\t\t\t<div class=\"elementor-column elementor-col-50 elementor-top-column elementor-element elementor-element-e722102\" data-id=\"e722102\" data-element_type=\"column\" data-e-type=\"column\">\n\t\t\t<div class=\"elementor-widget-wrap elementor-element-populated\">\n\t\t\t\t\t\t<div class=\"elementor-element elementor-element-ba5142f elementor-widget elementor-widget-text-editor\" data-id=\"ba5142f\" data-element_type=\"widget\" data-e-type=\"widget\" data-settings=\"{&quot;ekit_we_effect_on&quot;:&quot;none&quot;}\" data-widget_type=\"text-editor.default\">\n\t\t\t\t<div class=\"elementor-widget-container\">\n\t\t\t\t\t\t\t\t\t<p><strong>E o que \u00e9 a CPA?<\/strong><\/p>\t\t\t\t\t\t\t\t<\/div>\n\t\t\t\t<\/div>\n\t\t\t\t<div class=\"elementor-element elementor-element-6a93a66 elementor-widget elementor-widget-text-editor\" data-id=\"6a93a66\" data-element_type=\"widget\" data-e-type=\"widget\" data-settings=\"{&quot;ekit_we_effect_on&quot;:&quot;none&quot;}\" data-widget_type=\"text-editor.default\">\n\t\t\t\t<div class=\"elementor-widget-container\">\n\t\t\t\t\t\t\t\t\t<p>Como o nome aponta \u00e9 uma comiss\u00e3o pr\u00f3pria, ou seja, espec\u00edfica para cuidar da avalia\u00e7\u00e3o de toda a Institui\u00e7\u00e3o de Ensino onde ela est\u00e1 inserida. Tem como responsabilidade a condu\u00e7\u00e3o dos processos internos de avalia\u00e7\u00e3o, viabilizando a investiga\u00e7\u00e3o sistem\u00e1tica, permanente e ampla, que permitir\u00e1 a obten\u00e7\u00e3o de informa\u00e7\u00f5es de ordem interna e externa sobre o desempenho da Institui\u00e7\u00e3o. Tem em vista a emiss\u00e3o de ju\u00edzo de valor e a tomada de decis\u00e3o, visando \u00e0 necessidade de viabilizar melhoria cont\u00ednua de tudo o que envolve a Institui\u00e7\u00e3o: ensino e as condi\u00e7\u00f5es de ensino, englobando com isso, as pessoas (professores e membros do corpo t\u00e9cnico-administrativo, coordenadores e dire\u00e7\u00e3o), a infraestrutura, os servi\u00e7os, enfim, tudo o que \u00e9 importante para que o servi\u00e7o educacional aconte\u00e7a com qualidade.<\/p>\t\t\t\t\t\t\t\t<\/div>\n\t\t\t\t<\/div>\n\t\t\t\t\t<\/div>\n\t\t<\/div>\n\t\t\t\t\t<\/div>\n\t\t<\/section>\n\t\t\t\t<section class=\"elementor-section elementor-top-section elementor-element elementor-element-6d1a8c6 elementor-section-boxed elementor-section-height-default elementor-section-height-default\" data-id=\"6d1a8c6\" data-element_type=\"section\" data-e-type=\"section\" data-settings=\"{&quot;background_background&quot;:&quot;classic&quot;,&quot;ekit_has_onepagescroll_dot&quot;:&quot;yes&quot;}\">\n\t\t\t\t\t\t<div class=\"elementor-container elementor-column-gap-default\">\n\t\t\t\t\t<div class=\"elementor-column elementor-col-100 elementor-top-column elementor-element elementor-element-f44c72c elementor-invisible\" data-id=\"f44c72c\" data-element_type=\"column\" data-e-type=\"column\" data-settings=\"{&quot;animation&quot;:&quot;fadeInUp&quot;}\">\n\t\t\t<div class=\"elementor-widget-wrap elementor-element-populated\">\n\t\t\t\t\t\t<div class=\"elementor-element elementor-element-8942fe2 elementor-widget elementor-widget-icon-box\" data-id=\"8942fe2\" data-element_type=\"widget\" data-e-type=\"widget\" data-settings=\"{&quot;ekit_we_effect_on&quot;:&quot;none&quot;}\" data-widget_type=\"icon-box.default\">\n\t\t\t\t<div class=\"elementor-widget-container\">\n\t\t\t\t\t\t\t<div class=\"elementor-icon-box-wrapper\">\n\n\t\t\t\n\t\t\t\t\t\t<div class=\"elementor-icon-box-content\">\n\n\t\t\t\t\n\t\t\t\t\t\t\t\t\t<p class=\"elementor-icon-box-description\">\n\t\t\t\t\t\tComo ela \u00e9 composta?\t\t\t\t\t<\/p>\n\t\t\t\t\n\t\t\t<\/div>\n\t\t\t\n\t\t<\/div>\n\t\t\t\t\t\t<\/div>\n\t\t\t\t<\/div>\n\t\t\t\t<div class=\"elementor-element elementor-element-67edae3 elementor-widget elementor-widget-text-editor\" data-id=\"67edae3\" data-element_type=\"widget\" data-e-type=\"widget\" data-settings=\"{&quot;ekit_we_effect_on&quot;:&quot;none&quot;}\" data-widget_type=\"text-editor.default\">\n\t\t\t\t<div class=\"elementor-widget-container\">\n\t\t\t\t\t\t\t\t\t<p>A composi\u00e7\u00e3o da CPA deve ser feita com a representatividade de todos os segmentos da Institui\u00e7\u00e3o de Ensino, devendo ter, pelo menos, um representante do corpo discente, um representante do corpo docente, um representante do corpo t\u00e9cnico-administrativo e um representante da comunidade externa, respeitando o crit\u00e9rio da proporcionalidade, ou seja, o n\u00famero de representantes deve ser igual, considerando cada segmento.<\/p>\t\t\t\t\t\t\t\t<\/div>\n\t\t\t\t<\/div>\n\t\t\t\t\t<\/div>\n\t\t<\/div>\n\t\t\t\t\t<\/div>\n\t\t<\/section>\n\t\t\t\t<section class=\"elementor-section elementor-top-section elementor-element elementor-element-127cadc elementor-section-boxed elementor-section-height-default elementor-section-height-default\" data-id=\"127cadc\" data-element_type=\"section\" data-e-type=\"section\" data-settings=\"{&quot;ekit_has_onepagescroll_dot&quot;:&quot;yes&quot;}\">\n\t\t\t\t\t\t<div class=\"elementor-container elementor-column-gap-default\">\n\t\t\t\t\t<div class=\"elementor-column elementor-col-100 elementor-top-column elementor-element elementor-element-4c521d5 elementor-invisible\" data-id=\"4c521d5\" data-element_type=\"column\" data-e-type=\"column\" data-settings=\"{&quot;animation&quot;:&quot;fadeInUp&quot;}\">\n\t\t\t<div class=\"elementor-widget-wrap elementor-element-populated\">\n\t\t\t\t\t\t<div class=\"elementor-element elementor-element-33271ad elementor-tabs-view-horizontal elementor-widget elementor-widget-tabs\" data-id=\"33271ad\" data-element_type=\"widget\" data-e-type=\"widget\" data-settings=\"{&quot;ekit_we_effect_on&quot;:&quot;none&quot;}\" data-widget_type=\"tabs.default\">\n\t\t\t\t<div class=\"elementor-widget-container\">\n\t\t\t\t\t\t\t<div class=\"elementor-tabs\">\n\t\t\t<div class=\"elementor-tabs-wrapper\" role=\"tablist\" >\n\t\t\t\t\t\t\t\t\t<div id=\"elementor-tab-title-5361\" class=\"elementor-tab-title elementor-tab-desktop-title\" aria-selected=\"true\" data-tab=\"1\" role=\"tab\" tabindex=\"0\" aria-controls=\"elementor-tab-content-5361\" aria-expanded=\"false\">Objetivos Gerais<\/div>\n\t\t\t\t\t\t\t\t\t<div id=\"elementor-tab-title-5362\" class=\"elementor-tab-title elementor-tab-desktop-title\" aria-selected=\"false\" data-tab=\"2\" role=\"tab\" tabindex=\"-1\" aria-controls=\"elementor-tab-content-5362\" aria-expanded=\"false\">Objetivos Espec\u00edficos<\/div>\n\t\t\t\t\t\t\t\t\t<div id=\"elementor-tab-title-5363\" class=\"elementor-tab-title elementor-tab-desktop-title\" aria-selected=\"false\" data-tab=\"3\" role=\"tab\" tabindex=\"-1\" aria-controls=\"elementor-tab-content-5363\" aria-expanded=\"false\">Processo de Avalia\u00e7\u00e3o<\/div>\n\t\t\t\t\t\t\t\t\t<div id=\"elementor-tab-title-5364\" class=\"elementor-tab-title elementor-tab-desktop-title\" aria-selected=\"false\" data-tab=\"4\" role=\"tab\" tabindex=\"-1\" aria-controls=\"elementor-tab-content-5364\" aria-expanded=\"false\">Membros<\/div>\n\t\t\t\t\t\t\t<\/div>\n\t\t\t<div class=\"elementor-tabs-content-wrapper\" role=\"tablist\" aria-orientation=\"vertical\">\n\t\t\t\t\t\t\t\t\t<div class=\"elementor-tab-title elementor-tab-mobile-title\" aria-selected=\"true\" data-tab=\"1\" role=\"tab\" tabindex=\"0\" aria-controls=\"elementor-tab-content-5361\" aria-expanded=\"false\">Objetivos Gerais<\/div>\n\t\t\t\t\t<div id=\"elementor-tab-content-5361\" class=\"elementor-tab-content elementor-clearfix\" data-tab=\"1\" role=\"tabpanel\" aria-labelledby=\"elementor-tab-title-5361\" tabindex=\"0\" hidden=\"false\"><p>a) conduzir o processo de autoavalia\u00e7\u00e3o da Institui\u00e7\u00e3o, bem como os de sistematiza\u00e7\u00e3o e de presta\u00e7\u00e3o das informa\u00e7\u00f5es solicitadas pelo INEP, que responde pela avalia\u00e7\u00e3o das Institui\u00e7\u00f5es de Ensino Superior no Brasil, \u00e0 servi\u00e7o do MEC.<\/p><p>b) sensibilizar e mobilizar a comunidade acad\u00eamica para fixar a identidade institucional, explicitando a vis\u00e3o, a miss\u00e3o e os valores da Institui\u00e7\u00e3o. Tendo em vista a necessidade de obter a melhoria da qualidade do ensino, da pesquisa, da extens\u00e3o e dos servi\u00e7os administrativos, visando o interesse da comunidade, a satisfa\u00e7\u00e3o das necessidades sociais detectadas e o perfil de sociedade\/cidad\u00e3os pretendidos pela Institui\u00e7\u00e3o.<\/p><p>c) integrar os diversos procedimentos internos de avalia\u00e7\u00e3o, bem como viabilizar a integra\u00e7\u00e3o com os sistemas governamentais de avalia\u00e7\u00e3o.<\/p><p>d) oferecer a devolutiva de todos os processos avaliativos, sobretudo apresentando as medidas corretivas, ap\u00f3s aprova\u00e7\u00e3o da Dire\u00e7\u00e3o da Institui\u00e7\u00e3o.<\/p><\/div>\n\t\t\t\t\t\t\t\t\t<div class=\"elementor-tab-title elementor-tab-mobile-title\" aria-selected=\"false\" data-tab=\"2\" role=\"tab\" tabindex=\"-1\" aria-controls=\"elementor-tab-content-5362\" aria-expanded=\"false\">Objetivos Espec\u00edficos<\/div>\n\t\t\t\t\t<div id=\"elementor-tab-content-5362\" class=\"elementor-tab-content elementor-clearfix\" data-tab=\"2\" role=\"tabpanel\" aria-labelledby=\"elementor-tab-title-5362\" tabindex=\"0\" hidden=\"hidden\"><p>a) deflagrar um processo de autocr\u00edtica de toda a comunidade acad\u00eamica;<\/p><p>b) dinamizar, subsidiar, supervisionar e divulgar todo o processo de autoavalia\u00e7\u00e3o da Institui\u00e7\u00e3o;<\/p><p>c) obter subs\u00eddios para o planejamento institucional;<\/p><p>d) obter subs\u00eddios para a montagem e a atualiza\u00e7\u00e3o do quadro de indicadores de qualidade nos trabalhos desenvolvidos pela Institui\u00e7\u00e3o;<\/p><p>e) servir de instrumento de avalia\u00e7\u00e3o dos cursos oferecidos pela Institui\u00e7\u00e3o;<\/p><p>f) avaliar o desempenho docente no tocante ao ensino, \u00e0 pesquisa e \u00e0 extens\u00e3o;<\/p><p>g) avaliar o desempenho t\u00e9cnico-administrativo;<\/p><p>h) avaliar, sob uma perspectiva administrativa, as condi\u00e7\u00f5es, o planejamento e a execu\u00e7\u00e3o do processo ensino-aprendizagem;<\/p><p>i) identificar a qualidade, a quantidade e a adequa\u00e7\u00e3o dos servi\u00e7os administrativos;<\/p><p>j) apontar a realidade da infraestrutura em que os servi\u00e7os s\u00e3o realizados;<\/p><\/div>\n\t\t\t\t\t\t\t\t\t<div class=\"elementor-tab-title elementor-tab-mobile-title\" aria-selected=\"false\" data-tab=\"3\" role=\"tab\" tabindex=\"-1\" aria-controls=\"elementor-tab-content-5363\" aria-expanded=\"false\">Processo de Avalia\u00e7\u00e3o<\/div>\n\t\t\t\t\t<div id=\"elementor-tab-content-5363\" class=\"elementor-tab-content elementor-clearfix\" data-tab=\"3\" role=\"tabpanel\" aria-labelledby=\"elementor-tab-title-5363\" tabindex=\"0\" hidden=\"hidden\"><p>Temos dois momentos distintos da avalia\u00e7\u00e3o, promovido pela CPA, a saber:<\/p><p>1. Sempre no m\u00eas de maio, teremos a avalia\u00e7\u00e3o de satisfa\u00e7\u00e3o. Esta avalia\u00e7\u00e3o subsidiar\u00e1 a tomada de decis\u00e3o para ser um importante instrumento de gest\u00e3o, tendo em vista a necessidade de cumprir com os objetivos propostos anteriormente;<\/p><p>2. Sempre no m\u00eas de Outubro teremos a avalia\u00e7\u00e3o Institucional. Esta avalia\u00e7\u00e3o \u00e9 baseada em dez dimens\u00f5es, constantes na Lei n\u00ba 10.861, artigo 3\u00ba, englobando toda a Institui\u00e7\u00e3o e com a participa\u00e7\u00e3o de todos os segmentos. A partir desta avalia\u00e7\u00e3o cada Institui\u00e7\u00e3o protocola no sistema e-mec (um sistema eletr\u00f4nico do MEC onde s\u00e3o tramitados os processos de avalia\u00e7\u00e3o, regula\u00e7\u00e3o e supervis\u00e3o do ensino superior), um relat\u00f3rio anual, at\u00e9 31 de mar\u00e7o de cada ano.<\/p><p><b>Quem avalia saber\u00e1 do resultado da avalia\u00e7\u00e3o?<\/b><\/p><p><b>A<\/b>p\u00f3s a aplica\u00e7\u00e3o da avalia\u00e7\u00e3o os resultados ser\u00e3o estatisticamente trabalhados e apresentados para que cada setor competente avalie a possibilidade de tomar medidas corretivas para melhorar o processo, ap\u00f3s este importante momento, ser\u00e1 divulgado para toda a comunidade os resultados da avalia\u00e7\u00e3o e as medidas corretivas que ser\u00e3o tomadas, fruto deste importante processo.<\/p><p>Como voc\u00ea j\u00e1 aprendeu um pouco mais sobre a CPA, agora, reconhecendo o quanto a avalia\u00e7\u00e3o \u00e9 importante para garantir a melhoria da sua Institui\u00e7\u00e3o, n\u00e3o perca tempo, participe.<\/p><\/div>\n\t\t\t\t\t\t\t\t\t<div class=\"elementor-tab-title elementor-tab-mobile-title\" aria-selected=\"false\" data-tab=\"4\" role=\"tab\" tabindex=\"-1\" aria-controls=\"elementor-tab-content-5364\" aria-expanded=\"false\">Membros<\/div>\n\t\t\t\t\t<div id=\"elementor-tab-content-5364\" class=\"elementor-tab-content elementor-clearfix\" data-tab=\"4\" role=\"tabpanel\" aria-labelledby=\"elementor-tab-title-5364\" tabindex=\"0\" hidden=\"hidden\"><p><strong>Coordenadora da CPA:<\/strong> Prof.\u00aa Dr.\u00aa Rita de C\u00e1ssia Santos e Santos<br \/><strong>Representante Docente:<\/strong> Prof. Dr. M\u00e1rcio Magalh\u00e3es Fontoura<br \/><strong>Representante Discente:<\/strong> Fernando de Brito Miranda<br \/><strong>Representante do Corpo T\u00e9cnico-Pedag\u00f3gico e Administrativo:<\/strong> Sandra Regina Rambaldi Leme<br \/><strong>Representante da Comunidade Civil Representada<\/strong>: Fernanda Barbeiro Maia<\/p><\/div>\n\t\t\t\t\t\t\t<\/div>\n\t\t<\/div>\n\t\t\t\t\t\t<\/div>\n\t\t\t\t<\/div>\n\t\t\t\t<div class=\"elementor-element elementor-element-c1b7581 elementor-widget elementor-widget-icon-box\" data-id=\"c1b7581\" data-element_type=\"widget\" data-e-type=\"widget\" data-settings=\"{&quot;ekit_we_effect_on&quot;:&quot;none&quot;}\" data-widget_type=\"icon-box.default\">\n\t\t\t\t<div class=\"elementor-widget-container\">\n\t\t\t\t\t\t\t<div class=\"elementor-icon-box-wrapper\">\n\n\t\t\t\n\t\t\t\t\t\t<div class=\"elementor-icon-box-content\">\n\n\t\t\t\t\n\t\t\t\t\t\t\t\t\t<p class=\"elementor-icon-box-description\">\n\t\t\t\t\t\tDocumenta\u00e7\u00e3o\t\t\t\t\t<\/p>\n\t\t\t\t\n\t\t\t<\/div>\n\t\t\t\n\t\t<\/div>\n\t\t\t\t\t\t<\/div>\n\t\t\t\t<\/div>\n\t\t\t\t<div class=\"elementor-element elementor-element-c467ac6 elementor-widget elementor-widget-shortcode\" data-id=\"c467ac6\" data-element_type=\"widget\" data-e-type=\"widget\" data-settings=\"{&quot;ekit_we_effect_on&quot;:&quot;none&quot;}\" data-widget_type=\"shortcode.default\">\n\t\t\t\t<div class=\"elementor-widget-container\">\n\t\t\t\t\t\t\t<div class=\"elementor-shortcode\"><\/div>\n\t\t\t\t\t\t<\/div>\n\t\t\t\t<\/div>\n\t\t\t\t\t<\/div>\n\t\t<\/div>\n\t\t\t\t\t<\/div>\n\t\t<\/section>\n\t\t\t\t<\/div>\n\t\t","protected":false},"excerpt":{"rendered":"<p>Saiba como a Comiss\u00e3o Pr\u00f3pria de Avalia\u00e7\u00e3o contribui para a melhoria cont\u00ednua de nossa institui\u00e7\u00e3o CPA Voc\u00ea sabe como surge a CPA? Com o prop\u00f3sito de assegurar a melhoria na qualidade de Ensino, o Minist\u00e9rio da Educa\u00e7\u00e3o promulgou a Lei n\u00ba 10.861, de 2004, que instituiu o Sistema Nacional de Avalia\u00e7\u00e3o da Educa\u00e7\u00e3o Superior. No [&hellip;]<\/p>\n","protected":false},"author":1,"featured_media":0,"parent":0,"menu_order":0,"comment_status":"closed","ping_status":"closed","template":"elementor_header_footer","meta":{"footnotes":""},"class_list":["post-1548","page","type-page","status-publish","hentry"],"_links":{"self":[{"href":"https:\/\/uniespsa.com.br\/uniesb\/wp-json\/wp\/v2\/pages\/1548","targetHints":{"allow":["GET"]}}],"collection":[{"href":"https:\/\/uniespsa.com.br\/uniesb\/wp-json\/wp\/v2\/pages"}],"about":[{"href":"https:\/\/uniespsa.com.br\/uniesb\/wp-json\/wp\/v2\/types\/page"}],"author":[{"embeddable":true,"href":"https:\/\/uniespsa.com.br\/uniesb\/wp-json\/wp\/v2\/users\/1"}],"replies":[{"embeddable":true,"href":"https:\/\/uniespsa.com.br\/uniesb\/wp-json\/wp\/v2\/comments?post=1548"}],"version-history":[{"count":0,"href":"https:\/\/uniespsa.com.br\/uniesb\/wp-json\/wp\/v2\/pages\/1548\/revisions"}],"wp:attachment":[{"href":"https:\/\/uniespsa.com.br\/uniesb\/wp-json\/wp\/v2\/media?parent=1548"}],"curies":[{"name":"wp","href":"https:\/\/api.w.org\/{rel}","templated":true}]}}